{"id":178849,"date":"2024-05-09T20:09:05","date_gmt":"2024-05-09T20:09:05","guid":{"rendered":"https:\/\/aldeco.pt\/staging\/product\/flair\/"},"modified":"2024-08-06T11:34:49","modified_gmt":"2024-08-06T11:34:49","slug":"flair","status":"publish","type":"product","link":"https:\/\/staging.aldeco.pt\/pt-pt\/product\/flair\/","title":{"rendered":"FLAIR"},"content":{"rendered":"<p>\u00c9 um tecido jacquard com um desenho abstrato e ponto de cetim. Este tecido de dupla largura \u00e9 extremamente vers\u00e1til e pode ser utlizado tanto para estofo ligeiro como cortina e decora\u00e7\u00e3o. Est\u00e1 dispon\u00edvel em 8 cores elegantes.<\/p>\n","protected":false},"excerpt":{"rendered":"<p>\u00c9 um tecido jacquard com um desenho abstrato e ponto de cetim. Este tecido de dupla largura \u00e9 extremamente vers\u00e1til e pode ser utlizado tanto para estofo ligeiro como cortina e decora\u00e7\u00e3o. Est\u00e1 dispon\u00edvel em 8 cores elegantes.<\/p>\n<h2>Flair \u00e9 um tecido jacquard com um desenho abstrato e ponto de cetim. Este tecido de dupla largura \u00e9 extremamente vers\u00e1til e pode ser utlizado tanto para estofo ligeiro como cortina e decora\u00e7\u00e3o. Est\u00e1 dispon\u00edvel em 8 cores elegantes.<\/h2>\n<p><img fetchpriority=\"high\" decoding=\"async\" class=\"alignnone wp-image-192112 size-medium\" src=\"https:\/\/aldeco.pt\/staging\/wp-content\/uploads\/2024\/03\/T018450001-300x200.jpg\" alt=\"Flair - Aldeco\" width=\"300\" height=\"200\"><\/p>\n<p><a href=\"https:\/\/aldeco.pt\/staging\/product\/flair\/?attribute_pa_aldeco-color=1-bright-white\">https:\/\/aldeco.pt\/staging\/product\/flair\/?attribute_pa_aldeco-color=1-bright-white<\/a><\/p>\n<p><a href=\"https:\/\/www.instagram.com\/aldeco_interiorfabrics\/\">https:\/\/www.instagram.com\/aldeco_interiorfabrics\/<\/a><\/p>\n","protected":false},"featured_media":158804,"template":"","meta":[],"product_brand":[],"product_cat":[6145],"product_tag":[],"class_list":{"0":"post-178849","1":"product","2":"type-product","3":"status-publish","4":"has-post-thumbnail","6":"product_cat-aldeco-2-pt-pt-2","7":"pa_cleanability-8282","8":"pa_composition-ext-64-pl-36-li-pt-pt","9":"pa_interior-fabrics-1-pt-pt","10":"pa_line-tecidos","11":"pa_lithfastness-9680","12":"pa_outdoor-0-pt-pt","13":"pa_range-cetim","14":"pa_range-jacquard-pt-pt","15":"pa_rapport-horizontal-24-5-pt-pt","16":"pa_rapport-vertical-37-5-pt-pt","19":"first","20":"instock","21":"purchasable","22":"product-type-variable"},"acf":[],"_links":{"self":[{"href":"https:\/\/staging.aldeco.pt\/pt-pt\/wp-json\/wp\/v2\/product\/178849","targetHints":{"allow":["GET"]}}],"collection":[{"href":"https:\/\/staging.aldeco.pt\/pt-pt\/wp-json\/wp\/v2\/product"}],"about":[{"href":"https:\/\/staging.aldeco.pt\/pt-pt\/wp-json\/wp\/v2\/types\/product"}],"version-history":[{"count":2,"href":"https:\/\/staging.aldeco.pt\/pt-pt\/wp-json\/wp\/v2\/product\/178849\/revisions"}],"predecessor-version":[{"id":192382,"href":"https:\/\/staging.aldeco.pt\/pt-pt\/wp-json\/wp\/v2\/product\/178849\/revisions\/192382"}],"wp:featuredmedia":[{"embeddable":true,"href":"https:\/\/staging.aldeco.pt\/pt-pt\/wp-json\/wp\/v2\/media\/158804"}],"wp:attachment":[{"href":"https:\/\/staging.aldeco.pt\/pt-pt\/wp-json\/wp\/v2\/media?parent=178849"}],"wp:term":[{"taxonomy":"product_brand","embeddable":true,"href":"https:\/\/staging.aldeco.pt\/pt-pt\/wp-json\/wp\/v2\/product_brand?post=178849"},{"taxonomy":"product_cat","embeddable":true,"href":"https:\/\/staging.aldeco.pt\/pt-pt\/wp-json\/wp\/v2\/product_cat?post=178849"},{"taxonomy":"product_tag","embeddable":true,"href":"https:\/\/staging.aldeco.pt\/pt-pt\/wp-json\/wp\/v2\/product_tag?post=178849"}],"curies":[{"name":"wp","href":"https:\/\/api.w.org\/{rel}","templated":true}]}}