{"id":178839,"date":"2024-05-09T20:08:55","date_gmt":"2024-05-09T20:08:55","guid":{"rendered":"https:\/\/aldeco.pt\/staging\/product\/filament-velvet\/"},"modified":"2024-09-25T13:45:00","modified_gmt":"2024-09-25T13:45:00","slug":"filament-velvet","status":"publish","type":"product","link":"https:\/\/staging.aldeco.pt\/pt-pt\/product\/filament-velvet\/","title":{"rendered":"FILAMENT VELVET"},"content":{"rendered":"<p>As complexas e distintas t\u00e9cnicas (jacquard multicolorido e veludo fil coup\u00e9), fazem de Filament Velvet um tecido t\u00e3o rico e especial. Este fenomenal tecido de 140 cm de largura \u00e9 apropriado para estofo e decora\u00e7\u00e3o e encontra-se dispon\u00edvel numa variedade de 4 cores tend\u00eancia: 5th Avenue, Purple Rain, Blue Mood e Shades of Gray.<\/p>\n","protected":false},"excerpt":{"rendered":"<p>As complexas e distintas t\u00e9cnicas (jacquard multicolorido e veludo fil coup\u00e9), fazem de Filament Velvet um tecido t\u00e3o rico e especial. Este fenomenal tecido de 140 cm de largura \u00e9 apropriado para estofo e decora\u00e7\u00e3o e encontra-se dispon\u00edvel numa variedade de 4 cores tend\u00eancia: 5th Avenue, Purple Rain, Blue Mood e Shades of Gray.<\/p>\n<h2>Filament Velvet, as complexas e distintas t\u00e9cnicas (jacquard multicolorido e veludo fil coup\u00e9), fazem de Filament Velvet um tecido t\u00e3o rico e especial. Este fenomenal tecido de 140 cm de largura \u00e9 apropriado para estofo e decora\u00e7\u00e3o e encontra-se dispon\u00edvel numa variedade de 4 cores tend\u00eancia: 5th Avenue, Purple Rain, Blue Mood e Shades of Gray.<\/h2>\n<p><img fetchpriority=\"high\" decoding=\"async\" class=\"alignnone wp-image-192106 size-medium\" src=\"https:\/\/aldeco.pt\/staging\/wp-content\/uploads\/2024\/03\/T190260001-300x200.jpg\" alt=\"Filament Velvet - Aldeco\" width=\"300\" height=\"200\" \/><\/p>\n<p><a href=\"https:\/\/aldeco.pt\/staging\/product\/filament-velvet\/?attribute_pa_aldeco-color=01-5th-avenue\">https:\/\/aldeco.pt\/staging\/product\/filament-velvet\/?attribute_pa_aldeco-color=01-5th-avenue<\/a><\/p>\n<p><a href=\"https:\/\/www.instagram.com\/aldeco_interiorfabrics\/\">https:\/\/www.instagram.com\/aldeco_interiorfabrics\/<\/a><\/p>\n","protected":false},"featured_media":158802,"template":"","meta":[],"product_brand":[],"product_cat":[6145],"product_tag":[],"class_list":{"0":"post-178839","1":"product","2":"type-product","3":"status-publish","4":"has-post-thumbnail","6":"product_cat-aldeco-2-pt-pt-2","7":"pa_cleanability-8282","8":"pa_composition-ext-68-3-vi-15-4-pl-16-3-co-pt-pt","9":"pa_interior-fabrics-1-pt-pt","10":"pa_line-tecidos","11":"pa_lithfastness-4-5-pt-pt","12":"pa_outdoor-0-pt-pt","13":"pa_range-jacquard-pt-pt","14":"pa_range-veludo","15":"pa_rapport-horizontal-36-pt-pt","16":"pa_rapport-vertical-36-pt-pt","19":"first","20":"instock","21":"purchasable","22":"product-type-variable"},"acf":[],"_links":{"self":[{"href":"https:\/\/staging.aldeco.pt\/pt-pt\/wp-json\/wp\/v2\/product\/178839","targetHints":{"allow":["GET"]}}],"collection":[{"href":"https:\/\/staging.aldeco.pt\/pt-pt\/wp-json\/wp\/v2\/product"}],"about":[{"href":"https:\/\/staging.aldeco.pt\/pt-pt\/wp-json\/wp\/v2\/types\/product"}],"version-history":[{"count":3,"href":"https:\/\/staging.aldeco.pt\/pt-pt\/wp-json\/wp\/v2\/product\/178839\/revisions"}],"predecessor-version":[{"id":200815,"href":"https:\/\/staging.aldeco.pt\/pt-pt\/wp-json\/wp\/v2\/product\/178839\/revisions\/200815"}],"wp:featuredmedia":[{"embeddable":true,"href":"https:\/\/staging.aldeco.pt\/pt-pt\/wp-json\/wp\/v2\/media\/158802"}],"wp:attachment":[{"href":"https:\/\/staging.aldeco.pt\/pt-pt\/wp-json\/wp\/v2\/media?parent=178839"}],"wp:term":[{"taxonomy":"product_brand","embeddable":true,"href":"https:\/\/staging.aldeco.pt\/pt-pt\/wp-json\/wp\/v2\/product_brand?post=178839"},{"taxonomy":"product_cat","embeddable":true,"href":"https:\/\/staging.aldeco.pt\/pt-pt\/wp-json\/wp\/v2\/product_cat?post=178839"},{"taxonomy":"product_tag","embeddable":true,"href":"https:\/\/staging.aldeco.pt\/pt-pt\/wp-json\/wp\/v2\/product_tag?post=178839"}],"curies":[{"name":"wp","href":"https:\/\/api.w.org\/{rel}","templated":true}]}}