{"id":178812,"date":"2024-05-09T20:08:18","date_gmt":"2024-05-09T20:08:18","guid":{"rendered":"https:\/\/aldeco.pt\/staging\/product\/fantaisie\/"},"modified":"2024-10-07T10:39:05","modified_gmt":"2024-10-07T10:39:05","slug":"fantaisie","status":"publish","type":"product","link":"https:\/\/staging.aldeco.pt\/pt-pt\/product\/fantaisie\/","title":{"rendered":"FANTAISIE"},"content":{"rendered":"<p>FANTAISIE \u00e9 um tecido cetim de algod\u00e3o com um twist contempor\u00e2neo no elemento gr\u00e1fico do damasco. Este luxuoso tecido de algod\u00e3o bordado aposta numa harmoniosa mistura de tradi\u00e7\u00e3o e modernidade, pois possui uma est\u00e9tica moderna exaltando de forma subtil e metaf\u00f3rica o feminino e a intemporalidade.<\/p>\n","protected":false},"excerpt":{"rendered":"<p>FANTAISIE \u00e9 um tecido cetim de algod\u00e3o com um twist contempor\u00e2neo no elemento gr\u00e1fico do damasco. Este luxuoso tecido de algod\u00e3o bordado aposta numa harmoniosa mistura de tradi\u00e7\u00e3o e modernidade, pois possui uma est\u00e9tica moderna exaltando de forma subtil e metaf\u00f3rica o feminino e a intemporalidade.<\/p>\n<h2>FANTAISIE \u00e9 um tecido cetim de algod\u00e3o com um twist contempor\u00e2neo no elemento gr\u00e1fico do damasco. Este luxuoso tecido de algod\u00e3o bordado aposta numa harmoniosa mistura de tradi\u00e7\u00e3o e modernidade, pois possui uma est\u00e9tica moderna exaltando de forma subtil e metaf\u00f3rica o feminino e a intemporalidade.<\/h2>\n<p>&nbsp;<\/p>\n<p><img fetchpriority=\"high\" decoding=\"async\" class=\"alignnone wp-image-176685 size-medium\" src=\"https:\/\/aldeco.pt\/staging\/wp-content\/uploads\/2024\/01\/T192920001-4-300x200.jpg\" alt=\"Fantaisie - Aldeco\" width=\"300\" height=\"200\" \/><\/p>\n<p><a href=\"https:\/\/www.instagram.com\/aldeco_interiorfabrics\/\">https:\/\/www.instagram.com\/aldeco_interiorfabrics\/<\/a><\/p>\n<p><a href=\"https:\/\/aldeco.pt\/staging\/product\/fantaisie\/?attribute_pa_aldeco-color=01-retro-light\">https:\/\/aldeco.pt\/staging\/product\/fantaisie\/?attribute_pa_aldeco-color=01-retro-light<\/a><\/p>\n<p>&nbsp;<\/p>\n","protected":false},"featured_media":155382,"template":"","meta":[],"product_brand":[],"product_cat":[6145],"product_tag":[],"class_list":{"0":"post-178812","1":"product","2":"type-product","3":"status-publish","4":"has-post-thumbnail","6":"product_cat-aldeco-2-pt-pt-2","7":"pa_cleanability-8282","8":"pa_composition-ext-100-co-bordado-80-vi-20-pl","9":"pa_interior-fabrics-1-pt-pt","10":"pa_line-tecidos","11":"pa_lithfastness-4-pt-pt","12":"pa_outdoor-0-pt-pt","13":"pa_range-bordado","14":"pa_rapport-horizontal-64-pt-pt","15":"pa_rapport-vertical-77-pt-pt","16":"pa_sustainable-fabrics-1-pt-pt","19":"first","20":"instock","21":"purchasable","22":"product-type-variable"},"acf":[],"_links":{"self":[{"href":"https:\/\/staging.aldeco.pt\/pt-pt\/wp-json\/wp\/v2\/product\/178812","targetHints":{"allow":["GET"]}}],"collection":[{"href":"https:\/\/staging.aldeco.pt\/pt-pt\/wp-json\/wp\/v2\/product"}],"about":[{"href":"https:\/\/staging.aldeco.pt\/pt-pt\/wp-json\/wp\/v2\/types\/product"}],"version-history":[{"count":2,"href":"https:\/\/staging.aldeco.pt\/pt-pt\/wp-json\/wp\/v2\/product\/178812\/revisions"}],"predecessor-version":[{"id":202103,"href":"https:\/\/staging.aldeco.pt\/pt-pt\/wp-json\/wp\/v2\/product\/178812\/revisions\/202103"}],"wp:featuredmedia":[{"embeddable":true,"href":"https:\/\/staging.aldeco.pt\/pt-pt\/wp-json\/wp\/v2\/media\/155382"}],"wp:attachment":[{"href":"https:\/\/staging.aldeco.pt\/pt-pt\/wp-json\/wp\/v2\/media?parent=178812"}],"wp:term":[{"taxonomy":"product_brand","embeddable":true,"href":"https:\/\/staging.aldeco.pt\/pt-pt\/wp-json\/wp\/v2\/product_brand?post=178812"},{"taxonomy":"product_cat","embeddable":true,"href":"https:\/\/staging.aldeco.pt\/pt-pt\/wp-json\/wp\/v2\/product_cat?post=178812"},{"taxonomy":"product_tag","embeddable":true,"href":"https:\/\/staging.aldeco.pt\/pt-pt\/wp-json\/wp\/v2\/product_tag?post=178812"}],"curies":[{"name":"wp","href":"https:\/\/api.w.org\/{rel}","templated":true}]}}