{"id":178762,"date":"2024-05-09T20:07:30","date_gmt":"2024-05-09T20:07:30","guid":{"rendered":"https:\/\/aldeco.pt\/staging\/product\/famiglia-fr\/"},"modified":"2024-10-03T08:32:21","modified_gmt":"2024-10-03T08:32:21","slug":"famiglia-fr","status":"publish","type":"product","link":"https:\/\/staging.aldeco.pt\/pt-pt\/product\/famiglia-fr\/","title":{"rendered":"FAMIGLIA FR"},"content":{"rendered":"<p>FAMIGLIA FR \u00e9 um excelente tecido b\u00e1sico, seu design irregular confere uma textura sutil e um toque natural. Combinando chenille mate e brilhante, este tecido jacquard combina sofistica\u00e7\u00e3o e eufemismo enquanto requer uma manuten\u00e7\u00e3o m\u00ednima por ser de f\u00e1cil limpeza. Um companheiro cl\u00e1ssico e intemporal, mas atraente para o seu dia a dia! Este tecido possui 21% de Fibras recicladas provenientes de garrafas PET e res\u00edduos p\u00f3s-consumo. Possui certifica\u00e7\u00e3o OEKO-TEX e est\u00e1 em conformidade com REACH, n\u00e3o cont\u00e9m subst\u00e2ncias nocivas ao meio ambiente. Este tecido de estofo est\u00e1 dispon\u00edvel em 24 cores.<\/p>\n","protected":false},"excerpt":{"rendered":"<p>FAMIGLIA FR \u00e9 um excelente tecido b\u00e1sico, seu design irregular confere uma textura sutil e um toque natural. Combinando chenille mate e brilhante, este tecido jacquard combina sofistica\u00e7\u00e3o e eufemismo enquanto requer uma manuten\u00e7\u00e3o m\u00ednima por ser de f\u00e1cil limpeza. Um companheiro cl\u00e1ssico e intemporal, mas atraente para o seu dia a dia! Este tecido possui 21% de Fibras recicladas provenientes de garrafas PET e res\u00edduos p\u00f3s-consumo. Possui certifica\u00e7\u00e3o OEKO-TEX e est\u00e1 em conformidade com REACH, n\u00e3o cont\u00e9m subst\u00e2ncias nocivas ao meio ambiente. Este tecido de estofo est\u00e1 dispon\u00edvel em 24 cores.<\/p>\n<h2>FAMIGLIA FR \u00e9 um excelente tecido b\u00e1sico, seu design irregular confere uma textura sutil e um toque natural. Combinando chenille mate e brilhante, este tecido jacquard combina sofistica\u00e7\u00e3o e eufemismo enquanto requer uma manuten\u00e7\u00e3o m\u00ednima por ser de f\u00e1cil limpeza. Um companheiro cl\u00e1ssico e intemporal, mas atraente para o seu dia a dia! Este tecido possui 21% de Fibras recicladas provenientes de garrafas PET e res\u00edduos p\u00f3s-consumo. Possui certifica\u00e7\u00e3o OEKO-TEX e est\u00e1 em conformidade com REACH, n\u00e3o cont\u00e9m subst\u00e2ncias nocivas ao meio ambiente. Este tecido de estofo est\u00e1 dispon\u00edvel em 24 cores.<\/h2>\n<p><img fetchpriority=\"high\" decoding=\"async\" class=\"alignnone wp-image-81409 size-medium\" src=\"https:\/\/aldeco.pt\/staging\/wp-content\/uploads\/2024\/01\/T019390020-2-300x300.jpg\" alt=\"Famiglia FR - Aldeco\" width=\"300\" height=\"300\" \/><\/p>\n<p><a href=\"https:\/\/aldeco.pt\/staging\/product\/famiglia-fr\/?attribute_pa_aldeco-color=5\">https:\/\/aldeco.pt\/staging\/product\/famiglia-fr\/?attribute_pa_aldeco-color=5<\/a><\/p>\n<p><a href=\"https:\/\/www.instagram.com\/aldeco_interiorfabrics\/\">https:\/\/www.instagram.com\/aldeco_interiorfabrics\/<\/a><\/p>\n","protected":false},"featured_media":167763,"template":"","meta":[],"product_brand":[],"product_cat":[6145],"product_tag":[],"class_list":{"0":"post-178762","1":"product","2":"type-product","3":"status-publish","4":"has-post-thumbnail","6":"product_cat-aldeco-2-pt-pt-2","7":"pa_cleanability-4-5-pt-pt","8":"pa_composition-ext-72-pl-13-pl-rec-8-co-rec-7-co-pt-pt","9":"pa_composition-ext-85-pes-15-co-pt-pt","10":"pa_contract-fabrics-1-pt-pt","11":"pa_interior-fabrics-1-pt-pt","12":"pa_line-tecidos","13":"pa_lithfastness-4-5-pt-pt","14":"pa_outdoor-0-pt-pt","15":"pa_range-jacquard-pt-pt","16":"pa_rapport-vertical-11009","17":"pa_special-treatments-fabrics-1-pt-pt","18":"pa_sustainable-fabrics-1-pt-pt","21":"first","22":"instock","23":"purchasable","24":"product-type-variable"},"acf":[],"_links":{"self":[{"href":"https:\/\/staging.aldeco.pt\/pt-pt\/wp-json\/wp\/v2\/product\/178762","targetHints":{"allow":["GET"]}}],"collection":[{"href":"https:\/\/staging.aldeco.pt\/pt-pt\/wp-json\/wp\/v2\/product"}],"about":[{"href":"https:\/\/staging.aldeco.pt\/pt-pt\/wp-json\/wp\/v2\/types\/product"}],"version-history":[{"count":3,"href":"https:\/\/staging.aldeco.pt\/pt-pt\/wp-json\/wp\/v2\/product\/178762\/revisions"}],"predecessor-version":[{"id":201915,"href":"https:\/\/staging.aldeco.pt\/pt-pt\/wp-json\/wp\/v2\/product\/178762\/revisions\/201915"}],"wp:featuredmedia":[{"embeddable":true,"href":"https:\/\/staging.aldeco.pt\/pt-pt\/wp-json\/wp\/v2\/media\/167763"}],"wp:attachment":[{"href":"https:\/\/staging.aldeco.pt\/pt-pt\/wp-json\/wp\/v2\/media?parent=178762"}],"wp:term":[{"taxonomy":"product_brand","embeddable":true,"href":"https:\/\/staging.aldeco.pt\/pt-pt\/wp-json\/wp\/v2\/product_brand?post=178762"},{"taxonomy":"product_cat","embeddable":true,"href":"https:\/\/staging.aldeco.pt\/pt-pt\/wp-json\/wp\/v2\/product_cat?post=178762"},{"taxonomy":"product_tag","embeddable":true,"href":"https:\/\/staging.aldeco.pt\/pt-pt\/wp-json\/wp\/v2\/product_tag?post=178762"}],"curies":[{"name":"wp","href":"https:\/\/api.w.org\/{rel}","templated":true}]}}