{"id":178728,"date":"2024-05-09T20:06:58","date_gmt":"2024-05-09T20:06:58","guid":{"rendered":"https:\/\/aldeco.pt\/staging\/product\/fairchild\/"},"modified":"2024-08-06T11:34:52","modified_gmt":"2024-08-06T11:34:52","slug":"fairchild","status":"publish","type":"product","link":"https:\/\/staging.aldeco.pt\/pt-pt\/product\/fairchild\/","title":{"rendered":"FAIRCHILD"},"content":{"rendered":"<p>Tecido liso de cortina e decora\u00e7\u00e3o. Este tecido acetinado de dupla face \u00e9 largo e est\u00e1 dispon\u00edvel em 16 cores.<\/p>\n","protected":false},"excerpt":{"rendered":"<p>Tecido liso de cortina e decora\u00e7\u00e3o. Este tecido acetinado de dupla face \u00e9 largo e est\u00e1 dispon\u00edvel em 16 cores.<\/p>\n<h2>Fairchild, tecido liso de cortina e decora\u00e7\u00e3o. Este tecido acetinado de dupla face \u00e9 largo e est\u00e1 dispon\u00edvel em 16 cores.<\/h2>\n<p><img fetchpriority=\"high\" decoding=\"async\" class=\"alignnone wp-image-192081 size-medium\" src=\"https:\/\/aldeco.pt\/staging\/wp-content\/uploads\/2024\/03\/T017790001-300x280.jpg\" alt=\"Fairchild - Aldeco\" width=\"300\" height=\"280\"><\/p>\n<p><a href=\"https:\/\/aldeco.pt\/staging\/product\/fairchild\/?attribute_pa_aldeco-color=1\">https:\/\/aldeco.pt\/staging\/product\/fairchild\/?attribute_pa_aldeco-color=1<\/a><\/p>\n<p><a href=\"https:\/\/www.instagram.com\/aldeco_interiorfabrics\/\">https:\/\/www.instagram.com\/aldeco_interiorfabrics\/<\/a><\/p>\n","protected":false},"featured_media":144315,"template":"","meta":[],"product_brand":[],"product_cat":[6145],"product_tag":[],"class_list":{"0":"post-178728","1":"product","2":"type-product","3":"status-publish","4":"has-post-thumbnail","6":"product_cat-aldeco-2-pt-pt-2","7":"pa_cleanability-8282","8":"pa_composition-ext-100-pl-pt-pt","9":"pa_interior-fabrics-1-pt-pt","10":"pa_line-tecidos","11":"pa_lithfastness-4-5-pt-pt","12":"pa_outdoor-0-pt-pt","13":"pa_range-cetim","14":"pa_rapport-vertical-11009","17":"first","18":"instock","19":"purchasable","20":"product-type-variable"},"acf":[],"_links":{"self":[{"href":"https:\/\/staging.aldeco.pt\/pt-pt\/wp-json\/wp\/v2\/product\/178728","targetHints":{"allow":["GET"]}}],"collection":[{"href":"https:\/\/staging.aldeco.pt\/pt-pt\/wp-json\/wp\/v2\/product"}],"about":[{"href":"https:\/\/staging.aldeco.pt\/pt-pt\/wp-json\/wp\/v2\/types\/product"}],"version-history":[{"count":2,"href":"https:\/\/staging.aldeco.pt\/pt-pt\/wp-json\/wp\/v2\/product\/178728\/revisions"}],"predecessor-version":[{"id":192377,"href":"https:\/\/staging.aldeco.pt\/pt-pt\/wp-json\/wp\/v2\/product\/178728\/revisions\/192377"}],"wp:featuredmedia":[{"embeddable":true,"href":"https:\/\/staging.aldeco.pt\/pt-pt\/wp-json\/wp\/v2\/media\/144315"}],"wp:attachment":[{"href":"https:\/\/staging.aldeco.pt\/pt-pt\/wp-json\/wp\/v2\/media?parent=178728"}],"wp:term":[{"taxonomy":"product_brand","embeddable":true,"href":"https:\/\/staging.aldeco.pt\/pt-pt\/wp-json\/wp\/v2\/product_brand?post=178728"},{"taxonomy":"product_cat","embeddable":true,"href":"https:\/\/staging.aldeco.pt\/pt-pt\/wp-json\/wp\/v2\/product_cat?post=178728"},{"taxonomy":"product_tag","embeddable":true,"href":"https:\/\/staging.aldeco.pt\/pt-pt\/wp-json\/wp\/v2\/product_tag?post=178728"}],"curies":[{"name":"wp","href":"https:\/\/api.w.org\/{rel}","templated":true}]}}