{"id":178688,"date":"2024-05-09T20:06:10","date_gmt":"2024-05-09T20:06:10","guid":{"rendered":"https:\/\/aldeco.pt\/staging\/product\/expert\/"},"modified":"2024-08-06T11:34:53","modified_gmt":"2024-08-06T11:34:53","slug":"expert","status":"publish","type":"product","link":"https:\/\/staging.aldeco.pt\/pt-pt\/product\/expert\/","title":{"rendered":"EXPERT"},"content":{"rendered":"<p>\u00c9 um tecido de estofo tipo microfibra com elevada resist\u00eancia \u00e0 abras\u00e3o e de aspecto suave. Este tecido est\u00e1 dispon\u00edvel em 19 cores.<\/p>\n","protected":false},"excerpt":{"rendered":"<p>\u00c9 um tecido de estofo tipo microfibra com elevada resist\u00eancia \u00e0 abras\u00e3o e de aspecto suave. Este tecido est\u00e1 dispon\u00edvel em 19 cores.<\/p>\n<h2>Expert \u00e9 um tecido de estofo tipo microfibra com elevada resist\u00eancia \u00e0 abras\u00e3o e de aspecto suave. Este tecido est\u00e1 dispon\u00edvel em 19 cores.<\/h2>\n<p><a href=\"https:\/\/aldeco.pt\/staging\/product\/expert\/?attribute_pa_aldeco-color=1-egret\">https:\/\/aldeco.pt\/staging\/product\/expert\/?attribute_pa_aldeco-color=1-egret<\/a><\/p>\n<p><a href=\"https:\/\/www.instagram.com\/aldeco_interiorfabrics\/\">https:\/\/www.instagram.com\/aldeco_interiorfabrics\/<\/a><\/p>\n","protected":false},"featured_media":192532,"template":"","meta":[],"product_brand":[],"product_cat":[6145],"product_tag":[],"class_list":{"0":"post-178688","1":"product","2":"type-product","3":"status-publish","4":"has-post-thumbnail","6":"product_cat-aldeco-2-pt-pt-2","7":"pa_cleanability-8282","8":"pa_composition-ext-87-pl-10-ny-3-ea-pt-pt","9":"pa_interior-fabrics-1-pt-pt","10":"pa_line-tecidos","11":"pa_lithfastness-4-5-pt-pt","12":"pa_outdoor-0-pt-pt","13":"pa_range-liso","14":"pa_rapport-vertical-11009","17":"first","18":"instock","19":"purchasable","20":"product-type-variable"},"acf":[],"_links":{"self":[{"href":"https:\/\/staging.aldeco.pt\/pt-pt\/wp-json\/wp\/v2\/product\/178688","targetHints":{"allow":["GET"]}}],"collection":[{"href":"https:\/\/staging.aldeco.pt\/pt-pt\/wp-json\/wp\/v2\/product"}],"about":[{"href":"https:\/\/staging.aldeco.pt\/pt-pt\/wp-json\/wp\/v2\/types\/product"}],"version-history":[{"count":2,"href":"https:\/\/staging.aldeco.pt\/pt-pt\/wp-json\/wp\/v2\/product\/178688\/revisions"}],"predecessor-version":[{"id":192376,"href":"https:\/\/staging.aldeco.pt\/pt-pt\/wp-json\/wp\/v2\/product\/178688\/revisions\/192376"}],"wp:featuredmedia":[{"embeddable":true,"href":"https:\/\/staging.aldeco.pt\/pt-pt\/wp-json\/wp\/v2\/media\/192532"}],"wp:attachment":[{"href":"https:\/\/staging.aldeco.pt\/pt-pt\/wp-json\/wp\/v2\/media?parent=178688"}],"wp:term":[{"taxonomy":"product_brand","embeddable":true,"href":"https:\/\/staging.aldeco.pt\/pt-pt\/wp-json\/wp\/v2\/product_brand?post=178688"},{"taxonomy":"product_cat","embeddable":true,"href":"https:\/\/staging.aldeco.pt\/pt-pt\/wp-json\/wp\/v2\/product_cat?post=178688"},{"taxonomy":"product_tag","embeddable":true,"href":"https:\/\/staging.aldeco.pt\/pt-pt\/wp-json\/wp\/v2\/product_tag?post=178688"}],"curies":[{"name":"wp","href":"https:\/\/api.w.org\/{rel}","templated":true}]}}