{"id":178658,"date":"2024-05-09T20:05:39","date_gmt":"2024-05-09T20:05:39","guid":{"rendered":"https:\/\/aldeco.pt\/staging\/product\/estremoz\/"},"modified":"2024-08-06T11:34:54","modified_gmt":"2024-08-06T11:34:54","slug":"estremoz","status":"publish","type":"product","link":"https:\/\/staging.aldeco.pt\/pt-pt\/product\/estremoz\/","title":{"rendered":"ESTREMOZ"},"content":{"rendered":"<p>Este efeito lindo de pedra m\u00e1rmore \u00e9 poss\u00edvel apenas devido a um tratamento especial feito quando o tecido \u00e9 produzido, tornando cada lote \u00fanico!<\/p>\n","protected":false},"excerpt":{"rendered":"<p>Este efeito lindo de pedra m\u00e1rmore \u00e9 poss\u00edvel apenas devido a um tratamento especial feito quando o tecido \u00e9 produzido, tornando cada lote \u00fanico!<\/p>\n<h2>Este efeito lindo de pedra m\u00e1rmore \u00e9 poss\u00edvel apenas devido a um tratamento especial feito quando o tecido \u00e9 produzido, tornando cada lote \u00fanico!<\/h2>\n<p><img fetchpriority=\"high\" decoding=\"async\" class=\"alignnone wp-image-192055 size-medium\" src=\"https:\/\/aldeco.pt\/staging\/wp-content\/uploads\/2024\/03\/T018140001-300x300.jpg\" alt=\"Estremoz - Aldeco\" width=\"300\" height=\"300\"><\/p>\n<p><a href=\"https:\/\/www.instagram.com\/aldeco_interiorfabrics\/\">https:\/\/www.instagram.com\/aldeco_interiorfabrics\/<\/a><\/p>\n<p><a href=\"https:\/\/aldeco.pt\/staging\/product\/estremoz\/?attribute_pa_aldeco-color=1-fog\">https:\/\/aldeco.pt\/staging\/product\/estremoz\/?attribute_pa_aldeco-color=1-fog<\/a><\/p>\n","protected":false},"featured_media":144311,"template":"","meta":[],"product_brand":[],"product_cat":[6145],"product_tag":[],"class_list":{"0":"post-178658","1":"product","2":"type-product","3":"status-publish","4":"has-post-thumbnail","6":"product_cat-aldeco-2-pt-pt-2","7":"pa_cleanability-8282","8":"pa_composition-ext-63-pl-32-co-5-me-pt-pt","9":"pa_interior-fabrics-1-pt-pt","10":"pa_line-tecidos","11":"pa_lithfastness-4-pt-pt","12":"pa_outdoor-0-pt-pt","13":"pa_range-liso","14":"pa_rapport-vertical-11009","17":"first","18":"instock","19":"purchasable","20":"product-type-variable"},"acf":[],"_links":{"self":[{"href":"https:\/\/staging.aldeco.pt\/pt-pt\/wp-json\/wp\/v2\/product\/178658","targetHints":{"allow":["GET"]}}],"collection":[{"href":"https:\/\/staging.aldeco.pt\/pt-pt\/wp-json\/wp\/v2\/product"}],"about":[{"href":"https:\/\/staging.aldeco.pt\/pt-pt\/wp-json\/wp\/v2\/types\/product"}],"version-history":[{"count":2,"href":"https:\/\/staging.aldeco.pt\/pt-pt\/wp-json\/wp\/v2\/product\/178658\/revisions"}],"predecessor-version":[{"id":192373,"href":"https:\/\/staging.aldeco.pt\/pt-pt\/wp-json\/wp\/v2\/product\/178658\/revisions\/192373"}],"wp:featuredmedia":[{"embeddable":true,"href":"https:\/\/staging.aldeco.pt\/pt-pt\/wp-json\/wp\/v2\/media\/144311"}],"wp:attachment":[{"href":"https:\/\/staging.aldeco.pt\/pt-pt\/wp-json\/wp\/v2\/media?parent=178658"}],"wp:term":[{"taxonomy":"product_brand","embeddable":true,"href":"https:\/\/staging.aldeco.pt\/pt-pt\/wp-json\/wp\/v2\/product_brand?post=178658"},{"taxonomy":"product_cat","embeddable":true,"href":"https:\/\/staging.aldeco.pt\/pt-pt\/wp-json\/wp\/v2\/product_cat?post=178658"},{"taxonomy":"product_tag","embeddable":true,"href":"https:\/\/staging.aldeco.pt\/pt-pt\/wp-json\/wp\/v2\/product_tag?post=178658"}],"curies":[{"name":"wp","href":"https:\/\/api.w.org\/{rel}","templated":true}]}}