{"id":178584,"date":"2024-05-09T20:03:23","date_gmt":"2024-05-09T20:03:23","guid":{"rendered":"https:\/\/aldeco.pt\/staging\/product\/essential-fr\/"},"modified":"2024-08-06T11:34:55","modified_gmt":"2024-08-06T11:34:55","slug":"essential-fr","status":"publish","type":"product","link":"https:\/\/staging.aldeco.pt\/pt-pt\/product\/essential-fr\/","title":{"rendered":"ESSENTIAL FR"},"content":{"rendered":"<p>Essential \u00e9 um tecido de chenile macio e ign\u00edfugo para estofos, com apar\u00eancia desgastada, em que o sentido dos fios cria um efeito artificial. Este tecido 100% poli\u00e9ster est\u00e1 dispon\u00edvel em 36 cores lindas e actuais, sendo que 26 delas est\u00e3o dispon\u00edveis para entrega imediata.<\/p>\n","protected":false},"excerpt":{"rendered":"<p>Essential \u00e9 um tecido de chenile macio e ign\u00edfugo para estofos, com apar\u00eancia desgastada, em que o sentido dos fios cria um efeito artificial. Este tecido 100% poli\u00e9ster est\u00e1 dispon\u00edvel em 36 cores lindas e actuais, sendo que 26 delas est\u00e3o dispon\u00edveis para entrega imediata.<\/p>\n<h2>Essential FR \u00e9 um tecido de chenile macio e ign\u00edfugo para estofos, com apar\u00eancia desgastada, em que o sentido dos fios cria um efeito artificial. Este tecido 100% poli\u00e9ster est\u00e1 dispon\u00edvel em 36 cores lindas e actuais, sendo que 26 delas est\u00e3o dispon\u00edveis para entrega imediata.<\/h2>\n<p><img fetchpriority=\"high\" decoding=\"async\" class=\"alignnone wp-image-192037 size-medium\" src=\"https:\/\/aldeco.pt\/staging\/wp-content\/uploads\/2024\/03\/T190310001-300x200.jpg\" alt=\"Essential FR - Aldeco\" width=\"300\" height=\"200\"><\/p>\n<p><a href=\"https:\/\/aldeco.pt\/staging\/product\/essential-fr\/?attribute_pa_aldeco-color=01-gull\">https:\/\/aldeco.pt\/staging\/product\/essential-fr\/?attribute_pa_aldeco-color=01-gull<\/a><\/p>\n<p><a href=\"https:\/\/www.instagram.com\/aldeco_interiorfabrics\/\">https:\/\/www.instagram.com\/aldeco_interiorfabrics\/<\/a><\/p>\n","protected":false},"featured_media":158706,"template":"","meta":[],"product_brand":[],"product_cat":[6153],"product_tag":[],"class_list":{"0":"post-178584","1":"product","2":"type-product","3":"status-publish","4":"has-post-thumbnail","6":"product_cat-aldeco-smarter-pt-pt","7":"pa_cleanability-8282","8":"pa_composition-ext-100-pl-pt-pt","9":"pa_contract-fabrics-1-pt-pt","10":"pa_interior-fabrics-1-pt-pt","11":"pa_line-tecidos","12":"pa_lithfastness-9680","13":"pa_outdoor-0-pt-pt","14":"pa_range-chenile","15":"pa_range-liso","16":"pa_rapport-vertical-11009","17":"pa_special-treatments-fabrics-1-pt-pt","18":"pa_sustainable-fabrics-1-pt-pt","21":"first","22":"instock","23":"purchasable","24":"product-type-variable"},"acf":[],"_links":{"self":[{"href":"https:\/\/staging.aldeco.pt\/pt-pt\/wp-json\/wp\/v2\/product\/178584","targetHints":{"allow":["GET"]}}],"collection":[{"href":"https:\/\/staging.aldeco.pt\/pt-pt\/wp-json\/wp\/v2\/product"}],"about":[{"href":"https:\/\/staging.aldeco.pt\/pt-pt\/wp-json\/wp\/v2\/types\/product"}],"version-history":[{"count":2,"href":"https:\/\/staging.aldeco.pt\/pt-pt\/wp-json\/wp\/v2\/product\/178584\/revisions"}],"predecessor-version":[{"id":192372,"href":"https:\/\/staging.aldeco.pt\/pt-pt\/wp-json\/wp\/v2\/product\/178584\/revisions\/192372"}],"wp:featuredmedia":[{"embeddable":true,"href":"https:\/\/staging.aldeco.pt\/pt-pt\/wp-json\/wp\/v2\/media\/158706"}],"wp:attachment":[{"href":"https:\/\/staging.aldeco.pt\/pt-pt\/wp-json\/wp\/v2\/media?parent=178584"}],"wp:term":[{"taxonomy":"product_brand","embeddable":true,"href":"https:\/\/staging.aldeco.pt\/pt-pt\/wp-json\/wp\/v2\/product_brand?post=178584"},{"taxonomy":"product_cat","embeddable":true,"href":"https:\/\/staging.aldeco.pt\/pt-pt\/wp-json\/wp\/v2\/product_cat?post=178584"},{"taxonomy":"product_tag","embeddable":true,"href":"https:\/\/staging.aldeco.pt\/pt-pt\/wp-json\/wp\/v2\/product_tag?post=178584"}],"curies":[{"name":"wp","href":"https:\/\/api.w.org\/{rel}","templated":true}]}}