{"id":178568,"date":"2024-05-12T19:40:51","date_gmt":"2024-05-12T19:40:51","guid":{"rendered":"https:\/\/aldeco.pt\/staging\/product\/ensembles-velvet\/"},"modified":"2024-08-06T11:15:30","modified_gmt":"2024-08-06T11:15:30","slug":"ensembles-velvet","status":"publish","type":"product","link":"https:\/\/staging.aldeco.pt\/pt-pt\/product\/ensembles-velvet\/","title":{"rendered":"ENSEMBLES VELVET"},"content":{"rendered":"<p>ENSEMBLES VELVET \u00e9 um lindo veludo de algod\u00e3o e linho com um p\u00ealo alto e macio. Este tecido foi especialmente desenvolvido para combinar com os veludos jacquards FRISSON VELVET e BELLE \u00c9POQUE VELVET e \u00e9 adequado para estofo, decora\u00e7\u00e3o e cortina devido \u00e0 sua elevada resist\u00eancia \u00e0 abras\u00e3o e \u00e0 luz. Este veludo liso e suave est\u00e1 dispon\u00edvel em 7 cores requintadas.<\/p>\n","protected":false},"excerpt":{"rendered":"<p>ENSEMBLES VELVET \u00e9 um lindo veludo de algod\u00e3o e linho com um p\u00ealo alto e macio. Este tecido foi especialmente desenvolvido para combinar com os veludos jacquards FRISSON VELVET e BELLE \u00c9POQUE VELVET e \u00e9 adequado para estofo, decora\u00e7\u00e3o e cortina devido \u00e0 sua elevada resist\u00eancia \u00e0 abras\u00e3o e \u00e0 luz. Este veludo liso e suave est\u00e1 dispon\u00edvel em 7 cores requintadas.<\/p>\n<h2>ENSEMBLES VELVET \u00e9 um lindo veludo de algod\u00e3o e linho com um p\u00ealo alto e macio. Este tecido foi especialmente desenvolvido para combinar com os veludos jacquards FRISSON VELVET e BELLE \u00c9POQUE VELVET e \u00e9 adequado para estofo, decora\u00e7\u00e3o e cortina devido \u00e0 sua elevada resist\u00eancia \u00e0 abras\u00e3o e \u00e0 luz. Este veludo liso e suave est\u00e1 dispon\u00edvel em 7 cores requintadas.<\/h2>\n<p><img fetchpriority=\"high\" decoding=\"async\" class=\"alignnone wp-image-91492 size-medium\" src=\"https:\/\/aldeco.pt\/staging\/wp-content\/uploads\/2024\/01\/T192880005-3-300x200.jpg\" alt=\"Ensembles Velvet - Aldeco\" width=\"300\" height=\"200\"><\/p>\n<p><a href=\"https:\/\/www.instagram.com\/aldeco_interiorfabrics\/\">https:\/\/www.instagram.com\/aldeco_interiorfabrics\/<\/a><\/p>\n<p><a href=\"https:\/\/aldeco.pt\/staging\/product\/ensembles-velvet\/?attribute_pa_aldeco-color=01-white-cotton\">https:\/\/aldeco.pt\/staging\/product\/ensembles-velvet\/?attribute_pa_aldeco-color=01-white-cotton<\/a><\/p>\n","protected":false},"featured_media":158688,"template":"","meta":[],"product_brand":[],"product_cat":[6145],"product_tag":[],"class_list":{"0":"post-178568","1":"product","2":"type-product","3":"status-publish","4":"has-post-thumbnail","6":"product_cat-aldeco-2-pt-pt-2","7":"pa_cleanability-8282","8":"pa_composition-ext-50-co-50-li-pt-pt","9":"pa_interior-fabrics-1-pt-pt","10":"pa_line-tecidos","11":"pa_lithfastness-5-pt-pt","12":"pa_outdoor-0-pt-pt","13":"pa_range-liso","14":"pa_range-veludo","15":"pa_rapport-vertical-11009","18":"first","19":"instock","20":"purchasable","21":"product-type-variable"},"acf":[],"_links":{"self":[{"href":"https:\/\/staging.aldeco.pt\/pt-pt\/wp-json\/wp\/v2\/product\/178568","targetHints":{"allow":["GET"]}}],"collection":[{"href":"https:\/\/staging.aldeco.pt\/pt-pt\/wp-json\/wp\/v2\/product"}],"about":[{"href":"https:\/\/staging.aldeco.pt\/pt-pt\/wp-json\/wp\/v2\/types\/product"}],"version-history":[{"count":1,"href":"https:\/\/staging.aldeco.pt\/pt-pt\/wp-json\/wp\/v2\/product\/178568\/revisions"}],"predecessor-version":[{"id":192371,"href":"https:\/\/staging.aldeco.pt\/pt-pt\/wp-json\/wp\/v2\/product\/178568\/revisions\/192371"}],"wp:featuredmedia":[{"embeddable":true,"href":"https:\/\/staging.aldeco.pt\/pt-pt\/wp-json\/wp\/v2\/media\/158688"}],"wp:attachment":[{"href":"https:\/\/staging.aldeco.pt\/pt-pt\/wp-json\/wp\/v2\/media?parent=178568"}],"wp:term":[{"taxonomy":"product_brand","embeddable":true,"href":"https:\/\/staging.aldeco.pt\/pt-pt\/wp-json\/wp\/v2\/product_brand?post=178568"},{"taxonomy":"product_cat","embeddable":true,"href":"https:\/\/staging.aldeco.pt\/pt-pt\/wp-json\/wp\/v2\/product_cat?post=178568"},{"taxonomy":"product_tag","embeddable":true,"href":"https:\/\/staging.aldeco.pt\/pt-pt\/wp-json\/wp\/v2\/product_tag?post=178568"}],"curies":[{"name":"wp","href":"https:\/\/api.w.org\/{rel}","templated":true}]}}