{"id":178556,"date":"2024-05-09T20:02:45","date_gmt":"2024-05-09T20:02:45","guid":{"rendered":"https:\/\/aldeco.pt\/staging\/product\/enjoy-wlb\/"},"modified":"2024-10-07T14:56:14","modified_gmt":"2024-10-07T14:56:14","slug":"enjoy-wlb","status":"publish","type":"product","link":"https:\/\/staging.aldeco.pt\/pt-pt\/product\/enjoy-wlb\/","title":{"rendered":"ENJOY WLB"},"content":{"rendered":"<p>Este tecido de cortina possui a incompar\u00e1vel beleza de uma musseline com um look leve e suave. Enjoy tem 300 cm de largura e possui fio de chumbo para uma ca\u00edda perfeita. Est\u00e1 dispon\u00edvel em 5 cores muito naturais. Tamb\u00e9m dispon\u00edvel na vers\u00e3o ign\u00edfuga com a refer\u00eancia ENJOY FR.<\/p>\n","protected":false},"excerpt":{"rendered":"<p>Este tecido de cortina possui a incompar\u00e1vel beleza de uma musseline com um look leve e suave. Enjoy tem 300 cm de largura e possui fio de chumbo para uma ca\u00edda perfeita. Est\u00e1 dispon\u00edvel em 5 cores muito naturais. Tamb\u00e9m dispon\u00edvel na vers\u00e3o ign\u00edfuga com a refer\u00eancia ENJOY FR.<\/p>\n<h2>Enjoy Wlb, este tecido de cortina possui a incompar\u00e1vel beleza de uma musseline com um look leve e suave. Enjoy tem 300 cm de largura e possui fio de chumbo para uma ca\u00edda perfeita. Est\u00e1 dispon\u00edvel em 5 cores muito naturais. Tamb\u00e9m dispon\u00edvel na vers\u00e3o ign\u00edfuga com a refer\u00eancia ENJOY FR.<\/h2>\n<h2><img fetchpriority=\"high\" decoding=\"async\" class=\"alignnone wp-image-191987 size-medium\" src=\"https:\/\/aldeco.pt\/staging\/wp-content\/uploads\/2024\/05\/T016700009-300x200.jpg\" alt=\"Enjoy Wlb - Aldeco\" width=\"300\" height=\"200\" \/><\/h2>\n<p><a href=\"https:\/\/aldeco.pt\/staging\/product\/enjoy-wlb\/?attribute_pa_aldeco-color=5-linen\">https:\/\/aldeco.pt\/staging\/product\/enjoy-wlb\/?attribute_pa_aldeco-color=5-linen<\/a><\/p>\n<p><a href=\"https:\/\/www.instagram.com\/aldeco_interiorfabrics\/\">https:\/\/www.instagram.com\/aldeco_interiorfabrics\/<\/a><\/p>\n","protected":false},"featured_media":162184,"template":"","meta":[],"product_brand":[],"product_cat":[6145],"product_tag":[],"class_list":{"0":"post-178556","1":"product","2":"type-product","3":"status-publish","4":"has-post-thumbnail","6":"product_cat-aldeco-2-pt-pt-2","7":"pa_cleanability-8282","8":"pa_composition-ext-100-pl-pt-pt","9":"pa_interior-fabrics-1-pt-pt","10":"pa_line-tecidos","11":"pa_lithfastness-4-5-pt-pt","12":"pa_outdoor-0-pt-pt","13":"pa_range-liso","14":"pa_range-transparente","15":"pa_rapport-vertical-11009","18":"first","19":"instock","20":"purchasable","21":"product-type-variable"},"acf":[],"_links":{"self":[{"href":"https:\/\/staging.aldeco.pt\/pt-pt\/wp-json\/wp\/v2\/product\/178556","targetHints":{"allow":["GET"]}}],"collection":[{"href":"https:\/\/staging.aldeco.pt\/pt-pt\/wp-json\/wp\/v2\/product"}],"about":[{"href":"https:\/\/staging.aldeco.pt\/pt-pt\/wp-json\/wp\/v2\/types\/product"}],"version-history":[{"count":4,"href":"https:\/\/staging.aldeco.pt\/pt-pt\/wp-json\/wp\/v2\/product\/178556\/revisions"}],"predecessor-version":[{"id":200779,"href":"https:\/\/staging.aldeco.pt\/pt-pt\/wp-json\/wp\/v2\/product\/178556\/revisions\/200779"}],"wp:featuredmedia":[{"embeddable":true,"href":"https:\/\/staging.aldeco.pt\/pt-pt\/wp-json\/wp\/v2\/media\/162184"}],"wp:attachment":[{"href":"https:\/\/staging.aldeco.pt\/pt-pt\/wp-json\/wp\/v2\/media?parent=178556"}],"wp:term":[{"taxonomy":"product_brand","embeddable":true,"href":"https:\/\/staging.aldeco.pt\/pt-pt\/wp-json\/wp\/v2\/product_brand?post=178556"},{"taxonomy":"product_cat","embeddable":true,"href":"https:\/\/staging.aldeco.pt\/pt-pt\/wp-json\/wp\/v2\/product_cat?post=178556"},{"taxonomy":"product_tag","embeddable":true,"href":"https:\/\/staging.aldeco.pt\/pt-pt\/wp-json\/wp\/v2\/product_tag?post=178556"}],"curies":[{"name":"wp","href":"https:\/\/api.w.org\/{rel}","templated":true}]}}