{"id":178536,"date":"2024-05-09T20:02:17","date_gmt":"2024-05-09T20:02:17","guid":{"rendered":"https:\/\/aldeco.pt\/staging\/product\/endlesstime\/"},"modified":"2024-08-06T11:34:57","modified_gmt":"2024-08-06T11:34:57","slug":"endlesstime","status":"publish","type":"product","link":"https:\/\/staging.aldeco.pt\/pt-pt\/product\/endlesstime\/","title":{"rendered":"ENDLESSTIME"},"content":{"rendered":"<p>Fant\u00e1stico tecido jacquard com padr\u00e3o de quadrados. Este tecido \u00e9 um dos mais vendidos e o seu design geom\u00e9trico \u00e9 um favorito n\u00e3o s\u00f3 para decora\u00e7\u00e3o, mas tamb\u00e9m para estofo.<\/p>\n","protected":false},"excerpt":{"rendered":"<p>Fant\u00e1stico tecido jacquard com padr\u00e3o de quadrados. Este tecido \u00e9 um dos mais vendidos e o seu design geom\u00e9trico \u00e9 um favorito n\u00e3o s\u00f3 para decora\u00e7\u00e3o, mas tamb\u00e9m para estofo.<\/p>\n<h2>Endlesstime \u00e9 um fant\u00e1stico tecido jacquard com padr\u00e3o de quadrados. Este tecido \u00e9 um dos mais vendidos e o seu design geom\u00e9trico \u00e9 um favorito n\u00e3o s\u00f3 para decora\u00e7\u00e3o, mas tamb\u00e9m para estofo.<\/h2>\n<p><img fetchpriority=\"high\" decoding=\"async\" class=\"alignnone wp-image-191966 size-medium\" src=\"https:\/\/aldeco.pt\/staging\/wp-content\/uploads\/2024\/03\/T018710001-300x280.jpg\" alt=\"Endlesstime - Aldeco\" width=\"300\" height=\"280\"><\/p>\n<p><a href=\"https:\/\/aldeco.pt\/staging\/product\/endlesstime\/?attribute_pa_aldeco-color=01-snow-white-on-silver\">https:\/\/aldeco.pt\/staging\/product\/endlesstime\/?attribute_pa_aldeco-color=01-snow-white-on-silver<\/a><\/p>\n<p><a href=\"https:\/\/www.instagram.com\/aldeco_interiorfabrics\/\">https:\/\/www.instagram.com\/aldeco_interiorfabrics\/<\/a><\/p>\n","protected":false},"featured_media":158667,"template":"","meta":[],"product_brand":[],"product_cat":[6145],"product_tag":[],"class_list":{"0":"post-178536","1":"product","2":"type-product","3":"status-publish","4":"has-post-thumbnail","6":"product_cat-aldeco-2-pt-pt-2","7":"pa_cleanability-8282","8":"pa_composition-ext-33-pl-31-pa-19-li-17-co-pt-pt","9":"pa_interior-fabrics-1-pt-pt","10":"pa_line-tecidos","11":"pa_lithfastness-9680","12":"pa_outdoor-0-pt-pt","13":"pa_range-jacquard-pt-pt","14":"pa_rapport-horizontal-3-pt-pt","15":"pa_rapport-vertical-3-pt-pt","18":"first","19":"instock","20":"purchasable","21":"product-type-variable"},"acf":[],"_links":{"self":[{"href":"https:\/\/staging.aldeco.pt\/pt-pt\/wp-json\/wp\/v2\/product\/178536","targetHints":{"allow":["GET"]}}],"collection":[{"href":"https:\/\/staging.aldeco.pt\/pt-pt\/wp-json\/wp\/v2\/product"}],"about":[{"href":"https:\/\/staging.aldeco.pt\/pt-pt\/wp-json\/wp\/v2\/types\/product"}],"version-history":[{"count":2,"href":"https:\/\/staging.aldeco.pt\/pt-pt\/wp-json\/wp\/v2\/product\/178536\/revisions"}],"predecessor-version":[{"id":192368,"href":"https:\/\/staging.aldeco.pt\/pt-pt\/wp-json\/wp\/v2\/product\/178536\/revisions\/192368"}],"wp:featuredmedia":[{"embeddable":true,"href":"https:\/\/staging.aldeco.pt\/pt-pt\/wp-json\/wp\/v2\/media\/158667"}],"wp:attachment":[{"href":"https:\/\/staging.aldeco.pt\/pt-pt\/wp-json\/wp\/v2\/media?parent=178536"}],"wp:term":[{"taxonomy":"product_brand","embeddable":true,"href":"https:\/\/staging.aldeco.pt\/pt-pt\/wp-json\/wp\/v2\/product_brand?post=178536"},{"taxonomy":"product_cat","embeddable":true,"href":"https:\/\/staging.aldeco.pt\/pt-pt\/wp-json\/wp\/v2\/product_cat?post=178536"},{"taxonomy":"product_tag","embeddable":true,"href":"https:\/\/staging.aldeco.pt\/pt-pt\/wp-json\/wp\/v2\/product_tag?post=178536"}],"curies":[{"name":"wp","href":"https:\/\/api.w.org\/{rel}","templated":true}]}}