{"id":178462,"date":"2024-05-09T20:01:04","date_gmt":"2024-05-09T20:01:04","guid":{"rendered":"https:\/\/aldeco.pt\/staging\/product\/ecool-easy-clean\/"},"modified":"2024-08-06T11:34:57","modified_gmt":"2024-08-06T11:34:57","slug":"ecool-easy-clean","status":"publish","type":"product","link":"https:\/\/staging.aldeco.pt\/pt-pt\/product\/ecool-easy-clean\/","title":{"rendered":"ECOOL EASY CLEAN"},"content":{"rendered":"<p>O Ecool Easy Clean \u00e9 inspirado na estopa artesanal e a sua textura rugosa \u00e9 atenuada pelo acabamento calandrado que amacia o tecido. Tem uma estrutura dobby com um toque muito suave e com um efeito semi boucl\u00e9. Apresentamos este tecido com uma variedade de 36 cores, todas elas com acabamento de f\u00e1cil limpeza, para uma maior consci\u00eancia ambiental, de modo a evitar lavagens constantes e a garantir a est\u00e9tica deste tecido maravilhoso.<\/p>\n","protected":false},"excerpt":{"rendered":"<p>O Ecool Easy Clean \u00e9 inspirado na estopa artesanal e a sua textura rugosa \u00e9 atenuada pelo acabamento calandrado que amacia o tecido. Tem uma estrutura dobby com um toque muito suave e com um efeito semi boucl\u00e9. Apresentamos este tecido com uma variedade de 36 cores, todas elas com acabamento de f\u00e1cil limpeza, para uma maior consci\u00eancia ambiental, de modo a evitar lavagens constantes e a garantir a est\u00e9tica deste tecido maravilhoso.<\/p>\n<h2>O Ecool Easy Clean \u00e9 inspirado na estopa artesanal e a sua textura rugosa \u00e9 atenuada pelo acabamento calandrado que amacia o tecido. Tem uma estrutura dobby com um toque muito suave e com um efeito semi boucl\u00e9. Apresentamos este tecido com uma variedade de 36 cores, todas elas com acabamento de f\u00e1cil limpeza, para uma maior consci\u00eancia ambiental, de modo a evitar lavagens constantes e a garantir a est\u00e9tica deste tecido maravilhoso.<\/h2>\n<p><img fetchpriority=\"high\" decoding=\"async\" class=\"alignnone wp-image-191954 size-medium\" src=\"https:\/\/aldeco.pt\/staging\/wp-content\/uploads\/2024\/01\/T192050001-3-300x225.jpg\" alt=\"Ecool Easy Clean - Aldeco\" width=\"300\" height=\"225\"><\/p>\n<p><a href=\"https:\/\/aldeco.pt\/staging\/product\/ecool-easy-clean\/?attribute_pa_aldeco-color=01-jasmine-white\">https:\/\/aldeco.pt\/staging\/product\/ecool-easy-clean\/?attribute_pa_aldeco-color=01-jasmine-white<\/a><\/p>\n<p><a href=\"https:\/\/www.instagram.com\/aldeco_interiorfabrics\/\">https:\/\/www.instagram.com\/aldeco_interiorfabrics\/<\/a><\/p>\n","protected":false},"featured_media":155280,"template":"","meta":[],"product_brand":[],"product_cat":[6145],"product_tag":[],"class_list":{"0":"post-178462","1":"product","2":"type-product","3":"status-publish","4":"has-post-thumbnail","6":"product_cat-aldeco-2-pt-pt-2","7":"pa_cleanability-8282","8":"pa_composition-ext-65-pl-35-co-pt-pt","9":"pa_interior-fabrics-1-pt-pt","10":"pa_line-tecidos","11":"pa_lithfastness-4-5-pt-pt","12":"pa_outdoor-0-pt-pt","13":"pa_range-dobby-pt-pt","14":"pa_range-tinto-em-peca","15":"pa_rapport-vertical-11009","16":"pa_special-treatments-fabrics-1-pt-pt","19":"first","20":"instock","21":"purchasable","22":"product-type-variable"},"acf":[],"_links":{"self":[{"href":"https:\/\/staging.aldeco.pt\/pt-pt\/wp-json\/wp\/v2\/product\/178462","targetHints":{"allow":["GET"]}}],"collection":[{"href":"https:\/\/staging.aldeco.pt\/pt-pt\/wp-json\/wp\/v2\/product"}],"about":[{"href":"https:\/\/staging.aldeco.pt\/pt-pt\/wp-json\/wp\/v2\/types\/product"}],"version-history":[{"count":2,"href":"https:\/\/staging.aldeco.pt\/pt-pt\/wp-json\/wp\/v2\/product\/178462\/revisions"}],"predecessor-version":[{"id":192367,"href":"https:\/\/staging.aldeco.pt\/pt-pt\/wp-json\/wp\/v2\/product\/178462\/revisions\/192367"}],"wp:featuredmedia":[{"embeddable":true,"href":"https:\/\/staging.aldeco.pt\/pt-pt\/wp-json\/wp\/v2\/media\/155280"}],"wp:attachment":[{"href":"https:\/\/staging.aldeco.pt\/pt-pt\/wp-json\/wp\/v2\/media?parent=178462"}],"wp:term":[{"taxonomy":"product_brand","embeddable":true,"href":"https:\/\/staging.aldeco.pt\/pt-pt\/wp-json\/wp\/v2\/product_brand?post=178462"},{"taxonomy":"product_cat","embeddable":true,"href":"https:\/\/staging.aldeco.pt\/pt-pt\/wp-json\/wp\/v2\/product_cat?post=178462"},{"taxonomy":"product_tag","embeddable":true,"href":"https:\/\/staging.aldeco.pt\/pt-pt\/wp-json\/wp\/v2\/product_tag?post=178462"}],"curies":[{"name":"wp","href":"https:\/\/api.w.org\/{rel}","templated":true}]}}