{"id":178436,"date":"2024-05-09T20:00:38","date_gmt":"2024-05-09T20:00:38","guid":{"rendered":"https:\/\/aldeco.pt\/staging\/product\/eco-fr-wlb\/"},"modified":"2024-08-06T11:34:58","modified_gmt":"2024-08-06T11:34:58","slug":"eco-fr-wlb","status":"publish","type":"product","link":"https:\/\/staging.aldeco.pt\/pt-pt\/product\/eco-fr-wlb\/","title":{"rendered":"ECO FR WLB"},"content":{"rendered":"<p>ECO FR WLB \u00e9 um tecido de cortina leve de apar\u00eancia delicada. Este tecido \u00e9 reciclado e ecol\u00f3gico, cumprindo v\u00e1rias certifica\u00e7\u00f5es como o Global Recycled Standard e o Oeko-Tex 100 Standard (n\u00e3o possui subst\u00e2ncias nocivas ao meio ambiente). Para al\u00e9m de ser sustent\u00e1vel \u00e9 retardante de chama inerente, sendo que o pr\u00f3prio fio que comp\u00f5e o tecido \u00e9 ign\u00edfugo. Este tecido de cortina tem fio de chumbo para um caimento perfeito e est\u00e1 dispon\u00edvel em 12 elegantes cores.<\/p>\n","protected":false},"excerpt":{"rendered":"<p>ECO FR WLB \u00e9 um tecido de cortina leve de apar\u00eancia delicada. Este tecido \u00e9 reciclado e ecol\u00f3gico, cumprindo v\u00e1rias certifica\u00e7\u00f5es como o Global Recycled Standard e o Oeko-Tex 100 Standard (n\u00e3o possui subst\u00e2ncias nocivas ao meio ambiente). Para al\u00e9m de ser sustent\u00e1vel \u00e9 retardante de chama inerente, sendo que o pr\u00f3prio fio que comp\u00f5e o tecido \u00e9 ign\u00edfugo. Este tecido de cortina tem fio de chumbo para um caimento perfeito e est\u00e1 dispon\u00edvel em 12 elegantes cores.<\/p>\n<h2>ECO FR WLB \u00e9 um tecido de cortina leve de apar\u00eancia delicada. Este tecido \u00e9 reciclado e ecol\u00f3gico, cumprindo v\u00e1rias certifica\u00e7\u00f5es como o Global Recycled Standard e o Oeko-Tex 100 Standard (n\u00e3o possui subst\u00e2ncias nocivas ao meio ambiente). Para al\u00e9m de ser sustent\u00e1vel \u00e9 retardante de chama inerente, sendo que o pr\u00f3prio fio que comp\u00f5e o tecido \u00e9 ign\u00edfugo. Este tecido de cortina tem fio de chumbo para um caimento perfeito e est\u00e1 dispon\u00edvel em 12 elegantes cores.<\/h2>\n<p><img fetchpriority=\"high\" decoding=\"async\" class=\"alignnone wp-image-176675 size-medium\" src=\"https:\/\/aldeco.pt\/staging\/wp-content\/uploads\/2024\/01\/T192970001-4-300x200.jpg\" alt=\"Eco Fr Wlb - Aldeco\" width=\"300\" height=\"200\"><\/p>\n<p><a href=\"https:\/\/aldeco.pt\/staging\/product\/eco-fr-wlb\/?attribute_pa_aldeco-color=01-natural-white\">https:\/\/aldeco.pt\/staging\/product\/eco-fr-wlb\/?attribute_pa_aldeco-color=01-natural-white<\/a><\/p>\n<p><a href=\"https:\/\/www.instagram.com\/aldeco_interiorfabrics\/\">https:\/\/www.instagram.com\/aldeco_interiorfabrics\/<\/a><\/p>\n<p>&nbsp;<\/p>\n","protected":false},"featured_media":155278,"template":"","meta":[],"product_brand":[],"product_cat":[6145,6153,6151],"product_tag":[],"class_list":{"0":"post-178436","1":"product","2":"type-product","3":"status-publish","4":"has-post-thumbnail","6":"product_cat-aldeco-2-pt-pt-2","7":"product_cat-aldeco-smarter-pt-pt","8":"product_cat-contract-pt-pt","9":"pa_cleanability-8282","10":"pa_contract-fabrics-1-pt-pt","11":"pa_interior-fabrics-1-pt-pt","12":"pa_line-tecidos","13":"pa_lithfastness-4-pt-pt","14":"pa_outdoor-0-pt-pt","15":"pa_range-liso","16":"pa_range-transparente","17":"pa_rapport-vertical-11009","18":"pa_special-treatments-fabrics-1-pt-pt","19":"pa_sustainable-fabrics-1-pt-pt","22":"first","23":"instock","24":"purchasable","25":"product-type-variable"},"acf":[],"_links":{"self":[{"href":"https:\/\/staging.aldeco.pt\/pt-pt\/wp-json\/wp\/v2\/product\/178436","targetHints":{"allow":["GET"]}}],"collection":[{"href":"https:\/\/staging.aldeco.pt\/pt-pt\/wp-json\/wp\/v2\/product"}],"about":[{"href":"https:\/\/staging.aldeco.pt\/pt-pt\/wp-json\/wp\/v2\/types\/product"}],"version-history":[{"count":1,"href":"https:\/\/staging.aldeco.pt\/pt-pt\/wp-json\/wp\/v2\/product\/178436\/revisions"}],"predecessor-version":[{"id":192366,"href":"https:\/\/staging.aldeco.pt\/pt-pt\/wp-json\/wp\/v2\/product\/178436\/revisions\/192366"}],"wp:featuredmedia":[{"embeddable":true,"href":"https:\/\/staging.aldeco.pt\/pt-pt\/wp-json\/wp\/v2\/media\/155278"}],"wp:attachment":[{"href":"https:\/\/staging.aldeco.pt\/pt-pt\/wp-json\/wp\/v2\/media?parent=178436"}],"wp:term":[{"taxonomy":"product_brand","embeddable":true,"href":"https:\/\/staging.aldeco.pt\/pt-pt\/wp-json\/wp\/v2\/product_brand?post=178436"},{"taxonomy":"product_cat","embeddable":true,"href":"https:\/\/staging.aldeco.pt\/pt-pt\/wp-json\/wp\/v2\/product_cat?post=178436"},{"taxonomy":"product_tag","embeddable":true,"href":"https:\/\/staging.aldeco.pt\/pt-pt\/wp-json\/wp\/v2\/product_tag?post=178436"}],"curies":[{"name":"wp","href":"https:\/\/api.w.org\/{rel}","templated":true}]}}