{"id":178414,"date":"2024-05-09T20:00:20","date_gmt":"2024-05-09T20:00:20","guid":{"rendered":"https:\/\/aldeco.pt\/staging\/product\/duomo\/"},"modified":"2024-10-01T15:34:53","modified_gmt":"2024-10-01T15:34:53","slug":"duomo","status":"publish","type":"product","link":"https:\/\/staging.aldeco.pt\/pt-pt\/product\/duomo\/","title":{"rendered":"DUOMO"},"content":{"rendered":"<p>A eleg\u00e2ncia da geometria dos jazigos das igrejas da era renascentista serviu como base de inspira\u00e7\u00e3o para este tecido. Num cen\u00e1rio de circunfer\u00eancias e efeitos em ouro e prata trabalhados \u00e0 m\u00e3o, revelamos este design elegante, moderno e sofisticado neste tecido em que a seda se destaca.<\/p>\n","protected":false},"excerpt":{"rendered":"<p>A eleg\u00e2ncia da geometria dos jazigos das igrejas da era renascentista serviu como base de inspira\u00e7\u00e3o para este tecido. Num cen\u00e1rio de circunfer\u00eancias e efeitos em ouro e prata trabalhados \u00e0 m\u00e3o, revelamos este design elegante, moderno e sofisticado neste tecido em que a seda se destaca.<\/p>\n<h2>Duomo, a eleg\u00e2ncia da geometria dos jazigos das igrejas da era renascentista serviu como base de inspira\u00e7\u00e3o para este tecido. Num cen\u00e1rio de circunfer\u00eancias e efeitos em ouro e prata trabalhados \u00e0 m\u00e3o, revelamos este design elegante, moderno e sofisticado neste tecido em que a seda se destaca.<\/h2>\n<p><img fetchpriority=\"high\" decoding=\"async\" class=\"alignnone wp-image-191931 size-medium\" src=\"https:\/\/aldeco.pt\/staging\/wp-content\/uploads\/2024\/03\/T019510001-300x240.jpg\" alt=\"Duomo - Aldeco\" width=\"300\" height=\"240\" \/><\/p>\n<p><a href=\"https:\/\/aldeco.pt\/staging\/product\/duomo\/?attribute_pa_aldeco-color=01-white-golden\">https:\/\/aldeco.pt\/staging\/product\/duomo\/?attribute_pa_aldeco-color=01-white-golden<\/a><\/p>\n<p><a href=\"https:\/\/www.instagram.com\/aldeco_interiorfabrics\/\">https:\/\/www.instagram.com\/aldeco_interiorfabrics\/<\/a><\/p>\n","protected":false},"featured_media":158659,"template":"","meta":[],"product_brand":[],"product_cat":[6145],"product_tag":[],"class_list":{"0":"post-178414","1":"product","2":"type-product","3":"status-publish","4":"has-post-thumbnail","6":"product_cat-aldeco-2-pt-pt-2","7":"pa_cleanability-8282","8":"pa_composition-ext-10-se-90-vi-bordado-100-vi","9":"pa_interior-fabrics-1-pt-pt","10":"pa_line-tecidos","11":"pa_lithfastness-4-pt-pt","12":"pa_outdoor-0-pt-pt","13":"pa_range-bordado","14":"pa_rapport-horizontal-32-pt-pt","15":"pa_rapport-vertical-38-5-pt-pt","18":"first","19":"instock","20":"purchasable","21":"product-type-variable"},"acf":[],"_links":{"self":[{"href":"https:\/\/staging.aldeco.pt\/pt-pt\/wp-json\/wp\/v2\/product\/178414","targetHints":{"allow":["GET"]}}],"collection":[{"href":"https:\/\/staging.aldeco.pt\/pt-pt\/wp-json\/wp\/v2\/product"}],"about":[{"href":"https:\/\/staging.aldeco.pt\/pt-pt\/wp-json\/wp\/v2\/types\/product"}],"version-history":[{"count":3,"href":"https:\/\/staging.aldeco.pt\/pt-pt\/wp-json\/wp\/v2\/product\/178414\/revisions"}],"predecessor-version":[{"id":201733,"href":"https:\/\/staging.aldeco.pt\/pt-pt\/wp-json\/wp\/v2\/product\/178414\/revisions\/201733"}],"wp:featuredmedia":[{"embeddable":true,"href":"https:\/\/staging.aldeco.pt\/pt-pt\/wp-json\/wp\/v2\/media\/158659"}],"wp:attachment":[{"href":"https:\/\/staging.aldeco.pt\/pt-pt\/wp-json\/wp\/v2\/media?parent=178414"}],"wp:term":[{"taxonomy":"product_brand","embeddable":true,"href":"https:\/\/staging.aldeco.pt\/pt-pt\/wp-json\/wp\/v2\/product_brand?post=178414"},{"taxonomy":"product_cat","embeddable":true,"href":"https:\/\/staging.aldeco.pt\/pt-pt\/wp-json\/wp\/v2\/product_cat?post=178414"},{"taxonomy":"product_tag","embeddable":true,"href":"https:\/\/staging.aldeco.pt\/pt-pt\/wp-json\/wp\/v2\/product_tag?post=178414"}],"curies":[{"name":"wp","href":"https:\/\/api.w.org\/{rel}","templated":true}]}}