{"id":178342,"date":"2024-05-09T19:59:12","date_gmt":"2024-05-09T19:59:12","guid":{"rendered":"https:\/\/aldeco.pt\/staging\/product\/dressing\/"},"modified":"2024-10-03T14:05:00","modified_gmt":"2024-10-03T14:05:00","slug":"dressing","status":"publish","type":"product","link":"https:\/\/staging.aldeco.pt\/pt-pt\/product\/dressing\/","title":{"rendered":"DRESSING"},"content":{"rendered":"<p>Um tecido ador\u00e1vel e pesado dispon\u00edvel em 35 cores. Tem um leve efeito de boucl\u00e9 e com um toque suave.<\/p>\n","protected":false},"excerpt":{"rendered":"<p>Um tecido ador\u00e1vel e pesado dispon\u00edvel em 35 cores. Tem um leve efeito de boucl\u00e9 e com um toque suave.<\/p>\n<h2>Dressing, um tecido ador\u00e1vel e pesado dispon\u00edvel em 35 cores. Tem um leve efeito de boucl\u00e9 e com um toque suave.<\/h2>\n<p><img fetchpriority=\"high\" decoding=\"async\" class=\"alignnone wp-image-192404 size-medium\" src=\"https:\/\/aldeco.pt\/staging\/wp-content\/uploads\/2024\/01\/T191860001-4-300x225.jpg\" alt=\"Dressing - Aldeco\" width=\"300\" height=\"225\" \/><\/p>\n<p><a href=\"https:\/\/aldeco.pt\/staging\/product\/dressing\/?attribute_pa_aldeco-color=01-glaciar-white\">https:\/\/aldeco.pt\/staging\/product\/dressing\/?attribute_pa_aldeco-color=01-glaciar-white<\/a><a href=\"https:\/\/www.instagram.com\/aldeco_interiorfabrics\/\">https:\/\/www.instagram.com\/aldeco_interiorfabrics\/<\/a><\/p>\n","protected":false},"featured_media":158657,"template":"","meta":[],"product_brand":[],"product_cat":[6153],"product_tag":[],"class_list":{"0":"post-178342","1":"product","2":"type-product","3":"status-publish","4":"has-post-thumbnail","6":"product_cat-aldeco-smarter-pt-pt","7":"pa_cleanability-8282","8":"pa_composition-ext-100-pl-pt-pt","9":"pa_interior-fabrics-1-pt-pt","10":"pa_line-tecidos","11":"pa_lithfastness-5-pt-pt","12":"pa_outdoor-0-pt-pt","13":"pa_range-liso","14":"pa_rapport-vertical-11009","17":"first","18":"instock","19":"purchasable","20":"product-type-variable"},"acf":[],"_links":{"self":[{"href":"https:\/\/staging.aldeco.pt\/pt-pt\/wp-json\/wp\/v2\/product\/178342","targetHints":{"allow":["GET"]}}],"collection":[{"href":"https:\/\/staging.aldeco.pt\/pt-pt\/wp-json\/wp\/v2\/product"}],"about":[{"href":"https:\/\/staging.aldeco.pt\/pt-pt\/wp-json\/wp\/v2\/types\/product"}],"version-history":[{"count":4,"href":"https:\/\/staging.aldeco.pt\/pt-pt\/wp-json\/wp\/v2\/product\/178342\/revisions"}],"predecessor-version":[{"id":201995,"href":"https:\/\/staging.aldeco.pt\/pt-pt\/wp-json\/wp\/v2\/product\/178342\/revisions\/201995"}],"wp:featuredmedia":[{"embeddable":true,"href":"https:\/\/staging.aldeco.pt\/pt-pt\/wp-json\/wp\/v2\/media\/158657"}],"wp:attachment":[{"href":"https:\/\/staging.aldeco.pt\/pt-pt\/wp-json\/wp\/v2\/media?parent=178342"}],"wp:term":[{"taxonomy":"product_brand","embeddable":true,"href":"https:\/\/staging.aldeco.pt\/pt-pt\/wp-json\/wp\/v2\/product_brand?post=178342"},{"taxonomy":"product_cat","embeddable":true,"href":"https:\/\/staging.aldeco.pt\/pt-pt\/wp-json\/wp\/v2\/product_cat?post=178342"},{"taxonomy":"product_tag","embeddable":true,"href":"https:\/\/staging.aldeco.pt\/pt-pt\/wp-json\/wp\/v2\/product_tag?post=178342"}],"curies":[{"name":"wp","href":"https:\/\/api.w.org\/{rel}","templated":true}]}}