{"id":178330,"date":"2024-05-09T19:59:01","date_gmt":"2024-05-09T19:59:01","guid":{"rendered":"https:\/\/aldeco.pt\/staging\/product\/dreamstime-wlb\/"},"modified":"2024-09-30T10:54:19","modified_gmt":"2024-09-30T10:54:19","slug":"dreamstime-wlb","status":"publish","type":"product","link":"https:\/\/staging.aldeco.pt\/pt-pt\/product\/dreamstime-wlb\/","title":{"rendered":"DREAMSTIME WLB"},"content":{"rendered":"<p>Dreamstime \u00e9 tecido semitransparente de cortina com 320 cm de largura, perfeita para uma resposta texturada, mais rica para cada projeto. Representa uma resposta mais pesada para uma cortina semitransparente, considerando que tem quase 700g\/lm o que lhe confere um cair mais encorpado e magn\u00edfico. Dispon\u00edvel com Fio de Chumbo Ecol\u00f3gico para conferir um peso extra.<\/p>\n","protected":false},"excerpt":{"rendered":"<p>Dreamstime \u00e9 tecido semitransparente de cortina com 320 cm de largura, perfeita para uma resposta texturada, mais rica para cada projeto. Representa uma resposta mais pesada para uma cortina semitransparente, considerando que tem quase 700g\/lm o que lhe confere um cair mais encorpado e magn\u00edfico. Dispon\u00edvel com Fio de Chumbo Ecol\u00f3gico para conferir um peso extra.<\/p>\n<h2>Dreamstime Wlb \u00e9 tecido semitransparente de cortina com 320 cm de largura, perfeita para uma resposta texturada, mais rica para cada projeto. Representa uma resposta mais pesada para uma cortina semitransparente, considerando que tem quase 700g\/lm o que lhe confere um cair mais encorpado e magn\u00edfico. Dispon\u00edvel com Fio de Chumbo Ecol\u00f3gico para conferir um peso extra.<\/h2>\n<p><img fetchpriority=\"high\" decoding=\"async\" class=\"alignnone wp-image-191919 size-medium\" src=\"https:\/\/aldeco.pt\/staging\/wp-content\/uploads\/2024\/01\/T191970001-4-300x225.jpg\" alt=\"Dreamstime Wlb - Aldeco\" width=\"300\" height=\"225\" \/><\/p>\n<p><a href=\"https:\/\/aldeco.pt\/staging\/pt-pt\/product\/dreamstime-wlb\/?attribute_pa_aldeco-color=01-pure-white-pt-pt\">https:\/\/aldeco.pt\/staging\/pt-pt\/product\/dreamstime-wlb\/?attribute_pa_aldeco-color=01-pure-white-pt-pt<\/a><a href=\"https:\/\/www.instagram.com\/aldeco_interiorfabrics\/\">https:\/\/www.instagram.com\/aldeco_interiorfabrics\/<\/a><\/p>\n","protected":false},"featured_media":158655,"template":"","meta":[],"product_brand":[],"product_cat":[6153],"product_tag":[],"class_list":{"0":"post-178330","1":"product","2":"type-product","3":"status-publish","4":"has-post-thumbnail","6":"product_cat-aldeco-smarter-pt-pt","7":"pa_cleanability-8282","8":"pa_composition-ext-100-pl-pt-pt","9":"pa_interior-fabrics-1-pt-pt","10":"pa_line-tecidos","11":"pa_lithfastness-5-pt-pt","12":"pa_outdoor-0-pt-pt","13":"pa_range-liso","14":"pa_range-transparente","15":"pa_rapport-vertical-11009","18":"first","19":"instock","20":"purchasable","21":"product-type-variable"},"acf":[],"_links":{"self":[{"href":"https:\/\/staging.aldeco.pt\/pt-pt\/wp-json\/wp\/v2\/product\/178330","targetHints":{"allow":["GET"]}}],"collection":[{"href":"https:\/\/staging.aldeco.pt\/pt-pt\/wp-json\/wp\/v2\/product"}],"about":[{"href":"https:\/\/staging.aldeco.pt\/pt-pt\/wp-json\/wp\/v2\/types\/product"}],"version-history":[{"count":5,"href":"https:\/\/staging.aldeco.pt\/pt-pt\/wp-json\/wp\/v2\/product\/178330\/revisions"}],"predecessor-version":[{"id":200656,"href":"https:\/\/staging.aldeco.pt\/pt-pt\/wp-json\/wp\/v2\/product\/178330\/revisions\/200656"}],"wp:featuredmedia":[{"embeddable":true,"href":"https:\/\/staging.aldeco.pt\/pt-pt\/wp-json\/wp\/v2\/media\/158655"}],"wp:attachment":[{"href":"https:\/\/staging.aldeco.pt\/pt-pt\/wp-json\/wp\/v2\/media?parent=178330"}],"wp:term":[{"taxonomy":"product_brand","embeddable":true,"href":"https:\/\/staging.aldeco.pt\/pt-pt\/wp-json\/wp\/v2\/product_brand?post=178330"},{"taxonomy":"product_cat","embeddable":true,"href":"https:\/\/staging.aldeco.pt\/pt-pt\/wp-json\/wp\/v2\/product_cat?post=178330"},{"taxonomy":"product_tag","embeddable":true,"href":"https:\/\/staging.aldeco.pt\/pt-pt\/wp-json\/wp\/v2\/product_tag?post=178330"}],"curies":[{"name":"wp","href":"https:\/\/api.w.org\/{rel}","templated":true}]}}