{"id":178324,"date":"2024-05-09T19:58:56","date_gmt":"2024-05-09T19:58:56","guid":{"rendered":"https:\/\/aldeco.pt\/staging\/product\/dream-maker\/"},"modified":"2024-09-30T09:14:28","modified_gmt":"2024-09-30T09:14:28","slug":"dream-maker","status":"publish","type":"product","link":"https:\/\/staging.aldeco.pt\/pt-pt\/product\/dream-maker\/","title":{"rendered":"DREAM MAKER"},"content":{"rendered":"<p>Tecido floral estampado com motivos de grande dimens\u00e3o. Este tecido de base muito natural \u00e9 ideal para estofos vibrantes e arrojados. Est\u00e1 dispon\u00edvel em 2 combina\u00e7\u00f5es de cores.<\/p>\n","protected":false},"excerpt":{"rendered":"<p>Tecido floral estampado com motivos de grande dimens\u00e3o. Este tecido de base muito natural \u00e9 ideal para estofos vibrantes e arrojados. Est\u00e1 dispon\u00edvel em 2 combina\u00e7\u00f5es de cores.<\/p>\n<h2>Dream Maker \u00e9 um tecido floral estampado com motivos de grande dimens\u00e3o. Este tecido de base muito natural \u00e9 ideal para estofos vibrantes e arrojados. Est\u00e1 dispon\u00edvel em 2 combina\u00e7\u00f5es de cores.<\/h2>\n<p><img fetchpriority=\"high\" decoding=\"async\" class=\"alignnone wp-image-191912 size-medium\" src=\"https:\/\/aldeco.pt\/staging\/wp-content\/uploads\/2024\/03\/T017960001-300x280.jpg\" alt=\"Dream Maker - Aldeco\" width=\"300\" height=\"280\" \/><\/p>\n<p><a href=\"https:\/\/aldeco.pt\/staging\/pt-pt\/product\/dream-maker\/?attribute_pa_aldeco-color=1-darker-shades-pt-pt\">https:\/\/aldeco.pt\/staging\/pt-pt\/product\/dream-maker\/?attribute_pa_aldeco-color=1-darker-shades-pt-pt<\/a><\/p>\n<p><a href=\"https:\/\/www.instagram.com\/aldeco_interiorfabrics\/\">https:\/\/www.instagram.com\/aldeco_interiorfabrics\/<\/a><\/p>\n","protected":false},"featured_media":144203,"template":"","meta":[],"product_brand":[],"product_cat":[6145],"product_tag":[],"class_list":{"0":"post-178324","1":"product","2":"type-product","3":"status-publish","4":"has-post-thumbnail","6":"product_cat-aldeco-2-pt-pt-2","7":"pa_cleanability-8282","8":"pa_composition-ext-60-co-40-pl-pt-pt","9":"pa_interior-fabrics-1-pt-pt","10":"pa_line-tecidos","11":"pa_lithfastness-4-5-pt-pt","12":"pa_outdoor-0-pt-pt","13":"pa_range-estampado","14":"pa_rapport-horizontal-69-pt-pt","15":"pa_rapport-vertical-68-5-pt-pt","18":"first","19":"instock","20":"purchasable","21":"product-type-variable"},"acf":[],"_links":{"self":[{"href":"https:\/\/staging.aldeco.pt\/pt-pt\/wp-json\/wp\/v2\/product\/178324","targetHints":{"allow":["GET"]}}],"collection":[{"href":"https:\/\/staging.aldeco.pt\/pt-pt\/wp-json\/wp\/v2\/product"}],"about":[{"href":"https:\/\/staging.aldeco.pt\/pt-pt\/wp-json\/wp\/v2\/types\/product"}],"version-history":[{"count":3,"href":"https:\/\/staging.aldeco.pt\/pt-pt\/wp-json\/wp\/v2\/product\/178324\/revisions"}],"predecessor-version":[{"id":200924,"href":"https:\/\/staging.aldeco.pt\/pt-pt\/wp-json\/wp\/v2\/product\/178324\/revisions\/200924"}],"wp:featuredmedia":[{"embeddable":true,"href":"https:\/\/staging.aldeco.pt\/pt-pt\/wp-json\/wp\/v2\/media\/144203"}],"wp:attachment":[{"href":"https:\/\/staging.aldeco.pt\/pt-pt\/wp-json\/wp\/v2\/media?parent=178324"}],"wp:term":[{"taxonomy":"product_brand","embeddable":true,"href":"https:\/\/staging.aldeco.pt\/pt-pt\/wp-json\/wp\/v2\/product_brand?post=178324"},{"taxonomy":"product_cat","embeddable":true,"href":"https:\/\/staging.aldeco.pt\/pt-pt\/wp-json\/wp\/v2\/product_cat?post=178324"},{"taxonomy":"product_tag","embeddable":true,"href":"https:\/\/staging.aldeco.pt\/pt-pt\/wp-json\/wp\/v2\/product_tag?post=178324"}],"curies":[{"name":"wp","href":"https:\/\/api.w.org\/{rel}","templated":true}]}}