{"id":178282,"date":"2024-05-09T19:57:30","date_gmt":"2024-05-09T19:57:30","guid":{"rendered":"https:\/\/aldeco.pt\/staging\/product\/double-soft-blackout-fr\/"},"modified":"2024-09-16T13:56:32","modified_gmt":"2024-09-16T13:56:32","slug":"double-soft-blackout-fr","status":"publish","type":"product","link":"https:\/\/staging.aldeco.pt\/pt-pt\/product\/double-soft-blackout-fr\/","title":{"rendered":"DOUBLE SOFT BLACKOUT FR"},"content":{"rendered":"<p>Double Soft \u00e9 um tecido blackout muito suave que encarna uma nova revolu\u00e7\u00e3o devido \u00e0 sua dupla suavidade. Como n\u00e3o tem revestimento, assemelha-se a uma cortina macia com a vantagem de ser 100% blackout. \u00c9 super macio, elegante, chique e tem dupla face. Portanto, n\u00e3o \u00e9 s\u00f3 \u00e9 muito vers\u00e1til pois elimina completamente a luz da sua sala, como tamb\u00e9m \u00e9 esteticamente muito agrad\u00e1vel. Double Soft Blackout tem 300 cm de largura e est\u00e1 dispon\u00edvel numa ampla gama de cores. Dupla Suavidade, Duplo Requinte!<\/p>\n","protected":false},"excerpt":{"rendered":"<p>Double Soft \u00e9 um tecido blackout muito suave que encarna uma nova revolu\u00e7\u00e3o devido \u00e0 sua dupla suavidade. Como n\u00e3o tem revestimento, assemelha-se a uma cortina macia com a vantagem de ser 100% blackout. \u00c9 super macio, elegante, chique e tem dupla face. Portanto, n\u00e3o \u00e9 s\u00f3 \u00e9 muito vers\u00e1til pois elimina completamente a luz da sua sala, como tamb\u00e9m \u00e9 esteticamente muito agrad\u00e1vel. Double Soft Blackout tem 300 cm de largura e est\u00e1 dispon\u00edvel numa ampla gama de cores. Dupla Suavidade, Duplo Requinte! <\/p>\n<h2>Double Soft Blackout Fr \u00e9 um tecido blackout muito suave que encarna uma nova revolu\u00e7\u00e3o devido \u00e0 sua dupla suavidade. Como n\u00e3o tem revestimento, assemelha-se a uma cortina macia com a vantagem de ser 100% blackout. \u00c9 super macio, elegante, chique e tem dupla face. Portanto, n\u00e3o \u00e9 s\u00f3 \u00e9 muito vers\u00e1til pois elimina completamente a luz da sua sala, como tamb\u00e9m \u00e9 esteticamente muito agrad\u00e1vel. Double Soft Blackout tem 300 cm de largura e est\u00e1 dispon\u00edvel numa ampla gama de cores. Dupla Suavidade, Duplo Requinte!<\/h2>\n<p><img fetchpriority=\"high\" decoding=\"async\" class=\"alignnone wp-image-191907 size-medium\" src=\"https:\/\/aldeco.pt\/staging\/wp-content\/uploads\/2024\/02\/T193070001-300x200.jpg\" alt=\"Double Soft Blackout FR - Aldeco\" width=\"300\" height=\"200\"><\/p>\n<p><a href=\"https:\/\/aldeco.pt\/staging\/pt-pt\/product\/double-soft-blackout-fr\/?attribute_pa_aldeco-color=01-pure-white-pt-pt\">https:\/\/aldeco.pt\/staging\/pt-pt\/product\/double-soft-blackout-fr\/?attribute_pa_aldeco-color=01-pure-white-pt-pt<\/a><a href=\"https:\/\/www.instagram.com\/aldeco_interiorfabrics\/\">https:\/\/www.instagram.com\/aldeco_interiorfabrics\/<\/a><\/p>\n<p>&nbsp;<\/p>\n","protected":false},"featured_media":177747,"template":"","meta":[],"product_brand":[],"product_cat":[6153],"product_tag":[],"class_list":{"0":"post-178282","1":"product","2":"type-product","3":"status-publish","4":"has-post-thumbnail","6":"product_cat-aldeco-smarter-pt-pt","7":"pa_cleanability-8282","8":"pa_composition-ext-100-pl-pt-pt","9":"pa_contract-fabrics-1-pt-pt","10":"pa_interior-fabrics-1-pt-pt","11":"pa_line-tecidos","12":"pa_lithfastness-5-pt-pt","13":"pa_outdoor-0-pt-pt","14":"pa_range-blackout-pt-pt","15":"pa_range-liso","16":"pa_special-treatments-fabrics-1-pt-pt","19":"first","20":"instock","21":"purchasable","22":"product-type-variable"},"acf":[],"_links":{"self":[{"href":"https:\/\/staging.aldeco.pt\/pt-pt\/wp-json\/wp\/v2\/product\/178282","targetHints":{"allow":["GET"]}}],"collection":[{"href":"https:\/\/staging.aldeco.pt\/pt-pt\/wp-json\/wp\/v2\/product"}],"about":[{"href":"https:\/\/staging.aldeco.pt\/pt-pt\/wp-json\/wp\/v2\/types\/product"}],"version-history":[{"count":3,"href":"https:\/\/staging.aldeco.pt\/pt-pt\/wp-json\/wp\/v2\/product\/178282\/revisions"}],"predecessor-version":[{"id":200619,"href":"https:\/\/staging.aldeco.pt\/pt-pt\/wp-json\/wp\/v2\/product\/178282\/revisions\/200619"}],"wp:featuredmedia":[{"embeddable":true,"href":"https:\/\/staging.aldeco.pt\/pt-pt\/wp-json\/wp\/v2\/media\/177747"}],"wp:attachment":[{"href":"https:\/\/staging.aldeco.pt\/pt-pt\/wp-json\/wp\/v2\/media?parent=178282"}],"wp:term":[{"taxonomy":"product_brand","embeddable":true,"href":"https:\/\/staging.aldeco.pt\/pt-pt\/wp-json\/wp\/v2\/product_brand?post=178282"},{"taxonomy":"product_cat","embeddable":true,"href":"https:\/\/staging.aldeco.pt\/pt-pt\/wp-json\/wp\/v2\/product_cat?post=178282"},{"taxonomy":"product_tag","embeddable":true,"href":"https:\/\/staging.aldeco.pt\/pt-pt\/wp-json\/wp\/v2\/product_tag?post=178282"}],"curies":[{"name":"wp","href":"https:\/\/api.w.org\/{rel}","templated":true}]}}