{"id":178258,"date":"2024-05-09T19:57:12","date_gmt":"2024-05-09T19:57:12","guid":{"rendered":"https:\/\/aldeco.pt\/staging\/product\/double-face-blackout-fr\/"},"modified":"2024-08-06T11:35:02","modified_gmt":"2024-08-06T11:35:02","slug":"double-face-blackout-fr","status":"publish","type":"product","link":"https:\/\/staging.aldeco.pt\/pt-pt\/product\/double-face-blackout-fr\/","title":{"rendered":"DOUBLE FACE BLACKOUT FR"},"content":{"rendered":"<p>DOUBLE FACE BLACKOUT FR \u00e9 um tecido blackout com um look muito macio. Apresentamos este blackout dupla face ign\u00edfugo muito elegante de forma a jogar com as cores de ambas as faces criando espa\u00e7os acolhedores e din\u00e2micos nos seus projectos.<\/p>\n","protected":false},"excerpt":{"rendered":"<p>DOUBLE FACE BLACKOUT FR \u00e9 um tecido blackout com um look muito macio. Apresentamos este blackout dupla face ign\u00edfugo muito elegante de forma a jogar com as cores de ambas as faces criando espa\u00e7os acolhedores e din\u00e2micos nos seus projectos.<\/p>\n<h2>DOUBLE FACE BLACKOUT FR \u00e9 um tecido blackout com um look muito macio. Apresentamos este blackout dupla face ign\u00edfugo muito elegante de forma a jogar com as cores de ambas as faces criando espa\u00e7os acolhedores e din\u00e2micos nos seus projectos.<\/h2>\n<p><img fetchpriority=\"high\" decoding=\"async\" class=\"alignnone wp-image-91397 size-medium\" src=\"https:\/\/aldeco.pt\/staging\/wp-content\/uploads\/2024\/01\/T192770002-3-300x200.jpg\" alt=\"Double Face Blackout FR - Aldeco\" width=\"300\" height=\"200\"><\/p>\n<p><a href=\"https:\/\/www.instagram.com\/aldeco_interiorfabrics\/\">https:\/\/www.instagram.com\/aldeco_interiorfabrics\/<\/a><\/p>\n<p><a href=\"https:\/\/aldeco.pt\/staging\/product\/double-face-blackout-fr\/?attribute_pa_colour=white&amp;attribute_pa_aldeco-color=01-natural-white\">https:\/\/aldeco.pt\/staging\/product\/double-face-blackout-fr\/?attribute_pa_colour=white&amp;attribute_pa_aldeco-color=01-natural-white<\/a><\/p>\n","protected":false},"featured_media":158631,"template":"","meta":[],"product_brand":[],"product_cat":[6153],"product_tag":[],"class_list":{"0":"post-178258","1":"product","2":"type-product","3":"status-publish","4":"has-post-thumbnail","6":"product_cat-aldeco-smarter-pt-pt","7":"pa_cleanability-8282","8":"pa_composition-ext-100-pl-pt-pt","9":"pa_contract-fabrics-1-pt-pt","10":"pa_interior-fabrics-1-pt-pt","11":"pa_line-tecidos","12":"pa_lithfastness-5-pt-pt","13":"pa_outdoor-0-pt-pt","14":"pa_range-liso","15":"pa_rapport-vertical-11009","16":"pa_special-treatments-fabrics-1-pt-pt","19":"first","20":"instock","21":"purchasable","22":"product-type-variable"},"acf":[],"_links":{"self":[{"href":"https:\/\/staging.aldeco.pt\/pt-pt\/wp-json\/wp\/v2\/product\/178258","targetHints":{"allow":["GET"]}}],"collection":[{"href":"https:\/\/staging.aldeco.pt\/pt-pt\/wp-json\/wp\/v2\/product"}],"about":[{"href":"https:\/\/staging.aldeco.pt\/pt-pt\/wp-json\/wp\/v2\/types\/product"}],"version-history":[{"count":2,"href":"https:\/\/staging.aldeco.pt\/pt-pt\/wp-json\/wp\/v2\/product\/178258\/revisions"}],"predecessor-version":[{"id":195108,"href":"https:\/\/staging.aldeco.pt\/pt-pt\/wp-json\/wp\/v2\/product\/178258\/revisions\/195108"}],"wp:featuredmedia":[{"embeddable":true,"href":"https:\/\/staging.aldeco.pt\/pt-pt\/wp-json\/wp\/v2\/media\/158631"}],"wp:attachment":[{"href":"https:\/\/staging.aldeco.pt\/pt-pt\/wp-json\/wp\/v2\/media?parent=178258"}],"wp:term":[{"taxonomy":"product_brand","embeddable":true,"href":"https:\/\/staging.aldeco.pt\/pt-pt\/wp-json\/wp\/v2\/product_brand?post=178258"},{"taxonomy":"product_cat","embeddable":true,"href":"https:\/\/staging.aldeco.pt\/pt-pt\/wp-json\/wp\/v2\/product_cat?post=178258"},{"taxonomy":"product_tag","embeddable":true,"href":"https:\/\/staging.aldeco.pt\/pt-pt\/wp-json\/wp\/v2\/product_tag?post=178258"}],"curies":[{"name":"wp","href":"https:\/\/api.w.org\/{rel}","templated":true}]}}