{"id":178202,"date":"2024-05-09T19:56:08","date_gmt":"2024-05-09T19:56:08","guid":{"rendered":"https:\/\/aldeco.pt\/staging\/product\/dizzy-velvet\/"},"modified":"2024-08-06T11:35:05","modified_gmt":"2024-08-06T11:35:05","slug":"dizzy-velvet","status":"publish","type":"product","link":"https:\/\/staging.aldeco.pt\/pt-pt\/product\/dizzy-velvet\/","title":{"rendered":"DIZZY VELVET"},"content":{"rendered":"<p>\u00c9 um veludo estampado com pelo de algod\u00e3o para estofo. Este tecido tem um padr\u00e3o espinhado com a sobreposi\u00e7\u00e3o de finas riscas numa pequena zona da base. Este tecido est\u00e1 dispon\u00edvel em 6 cores.<\/p>\n","protected":false},"excerpt":{"rendered":"<p>\u00c9 um veludo estampado com pelo de algod\u00e3o para estofo. Este tecido tem um padr\u00e3o espinhado com a sobreposi\u00e7\u00e3o de finas riscas numa pequena zona da base. Este tecido est\u00e1 dispon\u00edvel em 6 cores.<\/p>\n<h2>Dizzy Velvet \u00e9 um veludo estampado com pelo de algod\u00e3o para estofo. Este tecido tem um padr\u00e3o espinhado com a sobreposi\u00e7\u00e3o de finas riscas numa pequena zona da base. Este tecido est\u00e1 dispon\u00edvel em 6 cores.<\/h2>\n<p><img fetchpriority=\"high\" decoding=\"async\" class=\"alignnone wp-image-191880 size-medium\" src=\"https:\/\/aldeco.pt\/staging\/wp-content\/uploads\/2024\/03\/T018380001-300x300.jpg\" alt=\"Dizzy Velvet - Aldeco\" width=\"300\" height=\"300\"><\/p>\n<p><a href=\"https:\/\/aldeco.pt\/staging\/pt-pt\/product\/dizzy-velvet\/?attribute_pa_aldeco-color=1-rainbow-pt-pt\">https:\/\/aldeco.pt\/staging\/pt-pt\/product\/dizzy-velvet\/?attribute_pa_aldeco-color=1-rainbow-pt-pt<\/a><\/p>\n<p><a href=\"https:\/\/www.instagram.com\/aldeco_interiorfabrics\/\">https:\/\/www.instagram.com\/aldeco_interiorfabrics\/<\/a><\/p>\n","protected":false},"featured_media":144160,"template":"","meta":[],"product_brand":[],"product_cat":[6145],"product_tag":[],"class_list":{"0":"post-178202","1":"product","2":"type-product","3":"status-publish","4":"has-post-thumbnail","6":"product_cat-aldeco-2-pt-pt-2","7":"pa_cleanability-8282","8":"pa_composition-ext-91-co-9-pl-pelo-100-co","9":"pa_interior-fabrics-1-pt-pt","10":"pa_line-tecidos","11":"pa_lithfastness-4-5-pt-pt","12":"pa_outdoor-0-pt-pt","13":"pa_range-veludo","14":"pa_rapport-horizontal-47-pt-pt","15":"pa_rapport-vertical-11009","18":"first","19":"instock","20":"purchasable","21":"product-type-variable"},"acf":[],"_links":{"self":[{"href":"https:\/\/staging.aldeco.pt\/pt-pt\/wp-json\/wp\/v2\/product\/178202","targetHints":{"allow":["GET"]}}],"collection":[{"href":"https:\/\/staging.aldeco.pt\/pt-pt\/wp-json\/wp\/v2\/product"}],"about":[{"href":"https:\/\/staging.aldeco.pt\/pt-pt\/wp-json\/wp\/v2\/types\/product"}],"version-history":[{"count":2,"href":"https:\/\/staging.aldeco.pt\/pt-pt\/wp-json\/wp\/v2\/product\/178202\/revisions"}],"predecessor-version":[{"id":192355,"href":"https:\/\/staging.aldeco.pt\/pt-pt\/wp-json\/wp\/v2\/product\/178202\/revisions\/192355"}],"wp:featuredmedia":[{"embeddable":true,"href":"https:\/\/staging.aldeco.pt\/pt-pt\/wp-json\/wp\/v2\/media\/144160"}],"wp:attachment":[{"href":"https:\/\/staging.aldeco.pt\/pt-pt\/wp-json\/wp\/v2\/media?parent=178202"}],"wp:term":[{"taxonomy":"product_brand","embeddable":true,"href":"https:\/\/staging.aldeco.pt\/pt-pt\/wp-json\/wp\/v2\/product_brand?post=178202"},{"taxonomy":"product_cat","embeddable":true,"href":"https:\/\/staging.aldeco.pt\/pt-pt\/wp-json\/wp\/v2\/product_cat?post=178202"},{"taxonomy":"product_tag","embeddable":true,"href":"https:\/\/staging.aldeco.pt\/pt-pt\/wp-json\/wp\/v2\/product_tag?post=178202"}],"curies":[{"name":"wp","href":"https:\/\/api.w.org\/{rel}","templated":true}]}}