{"id":178168,"date":"2024-05-09T19:55:53","date_gmt":"2024-05-09T19:55:53","guid":{"rendered":"https:\/\/aldeco.pt\/staging\/product\/dimmer-blackout-fr\/"},"modified":"2024-08-06T11:35:07","modified_gmt":"2024-08-06T11:35:07","slug":"dimmer-blackout-fr","status":"publish","type":"product","link":"https:\/\/staging.aldeco.pt\/pt-pt\/product\/dimmer-blackout-fr\/","title":{"rendered":"DIMMER BLACKOUT FR"},"content":{"rendered":"<p>\u00c9 um tecido Blackout com um look alinhado muito natural. Este blackout de largura dupla possui certifica\u00e7\u00e3o retardante de chama em v\u00e1rias normas e \u00e9 ideal para os projetos de contract mais exigentes. Est\u00e1 dispon\u00edvel em 17 cores muito naturais.<\/p>\n","protected":false},"excerpt":{"rendered":"<p>\u00c9 um tecido Blackout com um look alinhado muito natural. Este blackout de largura dupla possui certifica\u00e7\u00e3o retardante de chama em v\u00e1rias normas e \u00e9 ideal para os projetos de contract mais exigentes. Est\u00e1 dispon\u00edvel em 17 cores muito naturais.<\/p>\n<h2>Dimmer Blackout FR \u00e9 um tecido Blackout com um look alinhado muito natural. Este blackout de largura dupla possui certifica\u00e7\u00e3o retardante de chama em v\u00e1rias normas e \u00e9 ideal para os projetos de contract mais exigentes. Est\u00e1 dispon\u00edvel em 17 cores muito naturais.<\/h2>\n<p><img fetchpriority=\"high\" decoding=\"async\" class=\"alignnone wp-image-191874 size-medium\" src=\"https:\/\/aldeco.pt\/staging\/wp-content\/uploads\/2024\/01\/T191530013-2-300x225.jpg\" alt=\"Dimmer Blackout - Aldeco\" width=\"300\" height=\"225\"><\/p>\n<p><a href=\"https:\/\/aldeco.pt\/staging\/pt-pt\/product\/dimmer-blackout-fr\/?attribute_pa_aldeco-color=01-natural-white-pt-pt\">https:\/\/aldeco.pt\/staging\/pt-pt\/product\/dimmer-blackout-fr\/?attribute_pa_aldeco-color=01-natural-white-pt-pt<\/a><\/p>\n<p><a href=\"https:\/\/www.instagram.com\/aldeco_interiorfabrics\/\">https:\/\/www.instagram.com\/aldeco_interiorfabrics\/<\/a><\/p>\n","protected":false},"featured_media":155217,"template":"","meta":[],"product_brand":[],"product_cat":[6153],"product_tag":[],"class_list":{"0":"post-178168","1":"product","2":"type-product","3":"status-publish","4":"has-post-thumbnail","6":"product_cat-aldeco-smarter-pt-pt","7":"pa_cleanability-8282","8":"pa_composition-ext-50-si-47-50-pl-2-5-li-pt-pt","9":"pa_contract-fabrics-1-pt-pt","10":"pa_interior-fabrics-1-pt-pt","11":"pa_line-tecidos","12":"pa_lithfastness-9680","13":"pa_outdoor-0-pt-pt","14":"pa_range-blackout-pt-pt","15":"pa_rapport-vertical-11009","16":"pa_special-treatments-fabrics-1-pt-pt","19":"first","20":"instock","21":"purchasable","22":"product-type-variable"},"acf":[],"_links":{"self":[{"href":"https:\/\/staging.aldeco.pt\/pt-pt\/wp-json\/wp\/v2\/product\/178168","targetHints":{"allow":["GET"]}}],"collection":[{"href":"https:\/\/staging.aldeco.pt\/pt-pt\/wp-json\/wp\/v2\/product"}],"about":[{"href":"https:\/\/staging.aldeco.pt\/pt-pt\/wp-json\/wp\/v2\/types\/product"}],"version-history":[{"count":2,"href":"https:\/\/staging.aldeco.pt\/pt-pt\/wp-json\/wp\/v2\/product\/178168\/revisions"}],"predecessor-version":[{"id":192354,"href":"https:\/\/staging.aldeco.pt\/pt-pt\/wp-json\/wp\/v2\/product\/178168\/revisions\/192354"}],"wp:featuredmedia":[{"embeddable":true,"href":"https:\/\/staging.aldeco.pt\/pt-pt\/wp-json\/wp\/v2\/media\/155217"}],"wp:attachment":[{"href":"https:\/\/staging.aldeco.pt\/pt-pt\/wp-json\/wp\/v2\/media?parent=178168"}],"wp:term":[{"taxonomy":"product_brand","embeddable":true,"href":"https:\/\/staging.aldeco.pt\/pt-pt\/wp-json\/wp\/v2\/product_brand?post=178168"},{"taxonomy":"product_cat","embeddable":true,"href":"https:\/\/staging.aldeco.pt\/pt-pt\/wp-json\/wp\/v2\/product_cat?post=178168"},{"taxonomy":"product_tag","embeddable":true,"href":"https:\/\/staging.aldeco.pt\/pt-pt\/wp-json\/wp\/v2\/product_tag?post=178168"}],"curies":[{"name":"wp","href":"https:\/\/api.w.org\/{rel}","templated":true}]}}