{"id":178132,"date":"2024-05-09T19:54:39","date_gmt":"2024-05-09T19:54:39","guid":{"rendered":"https:\/\/aldeco.pt\/staging\/product\/dill\/"},"modified":"2024-09-30T09:06:05","modified_gmt":"2024-09-30T09:06:05","slug":"dill","status":"publish","type":"product","link":"https:\/\/staging.aldeco.pt\/pt-pt\/product\/dill\/","title":{"rendered":"DILL"},"content":{"rendered":"<p>\u00c9 um tecido para estofo muito resistente \u00e0 abras\u00e3o com um look mesclado muito natural. Este tecido tem apresenta uma estrutura panama e est\u00e1 dispon\u00edvel em 17 cores muito naturais.<\/p>\n","protected":false},"excerpt":{"rendered":"<p>\u00c9 um tecido para estofo muito resistente \u00e0 abras\u00e3o com um look mesclado muito natural. Este tecido tem apresenta uma estrutura panama e est\u00e1 dispon\u00edvel em 17 cores muito naturais.<\/p>\n<h2>Dill \u00e9 um tecido para estofo muito resistente \u00e0 abras\u00e3o com um look mesclado muito natural. Este tecido tem apresenta uma estrutura panama e est\u00e1 dispon\u00edvel em 17 cores muito naturais.<\/h2>\n<p><img fetchpriority=\"high\" decoding=\"async\" class=\"alignnone wp-image-191868 size-medium\" src=\"https:\/\/aldeco.pt\/staging\/wp-content\/uploads\/2024\/01\/T190850001-4-300x225.jpg\" alt=\"Dill - Aldeco\" width=\"300\" height=\"225\" \/><\/p>\n<p><a href=\"https:\/\/aldeco.pt\/staging\/pt-pt\/product\/dill\/?attribute_pa_aldeco-color=01-white-linen-pt-pt\">https:\/\/aldeco.pt\/staging\/pt-pt\/product\/dill\/?attribute_pa_aldeco-color=01-white-linen-pt-pt<\/a><\/p>\n<p><a href=\"https:\/\/www.instagram.com\/aldeco_interiorfabrics\/\">https:\/\/www.instagram.com\/aldeco_interiorfabrics\/<\/a><\/p>\n","protected":false},"featured_media":158576,"template":"","meta":[],"product_brand":[],"product_cat":[6145],"product_tag":[],"class_list":{"0":"post-178132","1":"product","2":"type-product","3":"status-publish","4":"has-post-thumbnail","6":"product_cat-aldeco-2-pt-pt-2","7":"pa_cleanability-8282","8":"pa_composition-ext-70-pl-30-pc-pt-pt","9":"pa_interior-fabrics-1-pt-pt","10":"pa_line-tecidos","11":"pa_lithfastness-5-pt-pt","12":"pa_outdoor-0-pt-pt","13":"pa_range-jacquard-pt-pt","14":"pa_rapport-vertical-11009","17":"first","18":"instock","19":"purchasable","20":"product-type-variable"},"acf":[],"_links":{"self":[{"href":"https:\/\/staging.aldeco.pt\/pt-pt\/wp-json\/wp\/v2\/product\/178132","targetHints":{"allow":["GET"]}}],"collection":[{"href":"https:\/\/staging.aldeco.pt\/pt-pt\/wp-json\/wp\/v2\/product"}],"about":[{"href":"https:\/\/staging.aldeco.pt\/pt-pt\/wp-json\/wp\/v2\/types\/product"}],"version-history":[{"count":3,"href":"https:\/\/staging.aldeco.pt\/pt-pt\/wp-json\/wp\/v2\/product\/178132\/revisions"}],"predecessor-version":[{"id":200785,"href":"https:\/\/staging.aldeco.pt\/pt-pt\/wp-json\/wp\/v2\/product\/178132\/revisions\/200785"}],"wp:featuredmedia":[{"embeddable":true,"href":"https:\/\/staging.aldeco.pt\/pt-pt\/wp-json\/wp\/v2\/media\/158576"}],"wp:attachment":[{"href":"https:\/\/staging.aldeco.pt\/pt-pt\/wp-json\/wp\/v2\/media?parent=178132"}],"wp:term":[{"taxonomy":"product_brand","embeddable":true,"href":"https:\/\/staging.aldeco.pt\/pt-pt\/wp-json\/wp\/v2\/product_brand?post=178132"},{"taxonomy":"product_cat","embeddable":true,"href":"https:\/\/staging.aldeco.pt\/pt-pt\/wp-json\/wp\/v2\/product_cat?post=178132"},{"taxonomy":"product_tag","embeddable":true,"href":"https:\/\/staging.aldeco.pt\/pt-pt\/wp-json\/wp\/v2\/product_tag?post=178132"}],"curies":[{"name":"wp","href":"https:\/\/api.w.org\/{rel}","templated":true}]}}