{"id":178119,"date":"2024-05-09T19:54:21","date_gmt":"2024-05-09T19:54:21","guid":{"rendered":"https:\/\/aldeco.pt\/staging\/product\/demoiselles-in-outdoor-fr\/"},"modified":"2024-08-06T11:35:09","modified_gmt":"2024-08-06T11:35:09","slug":"demoiselles-in-outdoor-fr","status":"publish","type":"product","link":"https:\/\/staging.aldeco.pt\/pt-pt\/product\/demoiselles-in-outdoor-fr\/","title":{"rendered":"DEMOISELLES IN\/OUTDOOR FR"},"content":{"rendered":"<p>DEMOISELLES IN\/OUTDOOR FR \u00e9 um tecido muito vers\u00e1til, tem aspecto de linho, \u00e9 muito pesado e \u00e9 adequado tanto para uso interior quanto exterior. Este tecido \u00e9 fabricado de acordo com os regulamentos ambientais em vigor na CEE e tamb\u00e9m \u00e9 retardante de fogo\/ign\u00edfugo. Especialmente inspirado por pintores modernistas como Gaugin e Picasso com o uso de uma figura humana estilizada e flora ex\u00f3tica recorrendo ao uso de cores planas para definir formas. O uso de elementos de imagens inspiradas na tatuagem polin\u00e9sia refor\u00e7a esta rica tradi\u00e7\u00e3o das ilhas do Pac\u00edfico Sul.<\/p>\n","protected":false},"excerpt":{"rendered":"<p>DEMOISELLES IN\/OUTDOOR FR \u00e9 um tecido muito vers\u00e1til, tem aspecto de linho, \u00e9 muito pesado e \u00e9 adequado tanto para uso interior quanto exterior. Este tecido \u00e9 fabricado de acordo com os regulamentos ambientais em vigor na CEE e tamb\u00e9m \u00e9 retardante de fogo\/ign\u00edfugo. Especialmente inspirado por pintores modernistas como Gaugin e Picasso com o uso de uma figura humana estilizada e flora ex\u00f3tica recorrendo ao uso de cores planas para definir formas. O uso de elementos de imagens inspiradas na tatuagem polin\u00e9sia refor\u00e7a esta rica tradi\u00e7\u00e3o das ilhas do Pac\u00edfico Sul.<\/p>\n<h2>DEMOISELLES IN\/OUTDOOR FR \u00e9 um tecido muito vers\u00e1til, tem aspecto de linho, \u00e9 muito pesado e \u00e9 adequado tanto para uso interior quanto exterior. Este tecido \u00e9 fabricado de acordo com os regulamentos ambientais em vigor na CEE e tamb\u00e9m \u00e9 retardante de fogo\/ign\u00edfugo. Especialmente inspirado por pintores modernistas como Gaugin e Picasso com o uso de uma figura humana estilizada e flora ex\u00f3tica recorrendo ao uso de cores planas para definir formas. O uso de elementos de imagens inspiradas na tatuagem polin\u00e9sia refor\u00e7a esta rica tradi\u00e7\u00e3o das ilhas do Pac\u00edfico Sul.<\/h2>\n<p><img fetchpriority=\"high\" decoding=\"async\" class=\"alignnone wp-image-191857 size-medium\" src=\"https:\/\/aldeco.pt\/staging\/wp-content\/uploads\/2024\/01\/T192510001-4-300x200.jpg\" alt=\"Demoiselle In\/Outdoor FR - Aldeco\" width=\"300\" height=\"200\"><\/p>\n<p><a href=\"https:\/\/aldeco.pt\/staging\/pt-pt\/product\/demoiselles-in-outdoor-fr\/?attribute_pa_aldeco-color=01-sable-nature-pt-pt\">https:\/\/aldeco.pt\/staging\/pt-pt\/product\/demoiselles-in-outdoor-fr\/?attribute_pa_aldeco-color=01-sable-nature-pt-pt<\/a><\/p>\n<p><a href=\"https:\/\/www.instagram.com\/aldeco_interiorfabrics\/\">https:\/\/www.instagram.com\/aldeco_interiorfabrics\/<\/a><\/p>\n<p>&nbsp;<\/p>\n","protected":false},"featured_media":158572,"template":"","meta":[],"product_brand":[],"product_cat":[6145],"product_tag":[],"class_list":{"0":"post-178119","1":"product","2":"type-product","3":"status-publish","4":"has-post-thumbnail","6":"product_cat-aldeco-2-pt-pt-2","7":"pa_cleanability-8282","8":"pa_composition-ext-100-pl-pt-pt","9":"pa_contract-fabrics-1-pt-pt","10":"pa_indoor-fabrics-1-pt-pt","11":"pa_interior-fabrics-1-pt-pt","12":"pa_line-tecidos","13":"pa_lithfastness-5-pt-pt","14":"pa_outdoor-outdoor","15":"pa_range-estampado","16":"pa_rapport-horizontal-93-pt-pt","17":"pa_rapport-vertical-67-pt-pt","18":"pa_special-treatments-fabrics-1-pt-pt","21":"first","22":"instock","23":"purchasable","24":"product-type-variable"},"acf":[],"_links":{"self":[{"href":"https:\/\/staging.aldeco.pt\/pt-pt\/wp-json\/wp\/v2\/product\/178119","targetHints":{"allow":["GET"]}}],"collection":[{"href":"https:\/\/staging.aldeco.pt\/pt-pt\/wp-json\/wp\/v2\/product"}],"about":[{"href":"https:\/\/staging.aldeco.pt\/pt-pt\/wp-json\/wp\/v2\/types\/product"}],"version-history":[{"count":2,"href":"https:\/\/staging.aldeco.pt\/pt-pt\/wp-json\/wp\/v2\/product\/178119\/revisions"}],"predecessor-version":[{"id":192351,"href":"https:\/\/staging.aldeco.pt\/pt-pt\/wp-json\/wp\/v2\/product\/178119\/revisions\/192351"}],"wp:featuredmedia":[{"embeddable":true,"href":"https:\/\/staging.aldeco.pt\/pt-pt\/wp-json\/wp\/v2\/media\/158572"}],"wp:attachment":[{"href":"https:\/\/staging.aldeco.pt\/pt-pt\/wp-json\/wp\/v2\/media?parent=178119"}],"wp:term":[{"taxonomy":"product_brand","embeddable":true,"href":"https:\/\/staging.aldeco.pt\/pt-pt\/wp-json\/wp\/v2\/product_brand?post=178119"},{"taxonomy":"product_cat","embeddable":true,"href":"https:\/\/staging.aldeco.pt\/pt-pt\/wp-json\/wp\/v2\/product_cat?post=178119"},{"taxonomy":"product_tag","embeddable":true,"href":"https:\/\/staging.aldeco.pt\/pt-pt\/wp-json\/wp\/v2\/product_tag?post=178119"}],"curies":[{"name":"wp","href":"https:\/\/api.w.org\/{rel}","templated":true}]}}