{"id":178107,"date":"2024-05-09T19:54:11","date_gmt":"2024-05-09T19:54:11","guid":{"rendered":"https:\/\/aldeco.pt\/staging\/product\/decoupe-velvet\/"},"modified":"2024-10-02T11:40:47","modified_gmt":"2024-10-02T11:40:47","slug":"decoupe-velvet","status":"publish","type":"product","link":"https:\/\/staging.aldeco.pt\/pt-pt\/product\/decoupe-velvet\/","title":{"rendered":"DECOUP\u00c9 VELVET"},"content":{"rendered":"<p>DECOUP\u00c8 VELVET \u00e9 um veludo jacquard adequado para estofo com um fundo de linho elegante e um toque muito natural. O p\u00ealo tem uma apar\u00eancia de impress\u00e3o digital com grandes formas din\u00e2micas l\u00fadicas que evocam tanto as formas abstratas de arte moderna quanto as tradicionais tatuagens mahori que costumavam cobrir o corpo inteiro dos povos ind\u00edgenas nas ilhas da Polin\u00e9sia Francesa.<\/p>\n","protected":false},"excerpt":{"rendered":"<p>DECOUP\u00c8 VELVET \u00e9 um veludo jacquard adequado para estofo com um fundo de linho elegante e um toque muito natural. O p\u00ealo tem uma apar\u00eancia de impress\u00e3o digital com grandes formas din\u00e2micas l\u00fadicas que evocam tanto as formas abstratas de arte moderna quanto as tradicionais tatuagens mahori que costumavam cobrir o corpo inteiro dos povos ind\u00edgenas nas ilhas da Polin\u00e9sia Francesa.<\/p>\n<h2>DECOUP\u00c8 VELVET \u00e9 um veludo jacquard adequado para estofo com um fundo de linho elegante e um toque muito natural. O p\u00ealo tem uma apar\u00eancia de impress\u00e3o digital com grandes formas din\u00e2micas l\u00fadicas que evocam tanto as formas abstratas de arte moderna quanto as tradicionais tatuagens mahori que costumavam cobrir o corpo inteiro dos povos ind\u00edgenas nas ilhas da Polin\u00e9sia Francesa.<\/h2>\n<p><img fetchpriority=\"high\" decoding=\"async\" class=\"alignnone wp-image-191850 size-medium\" src=\"https:\/\/aldeco.pt\/staging\/wp-content\/uploads\/2024\/01\/T192610001-2-300x200.jpg\" alt=\"Decoup\u00e9 Velvet - Aldeco\" width=\"300\" height=\"200\" \/><\/p>\n<p><a href=\"https:\/\/aldeco.pt\/staging\/pt-pt\/product\/decoupe-velvet\/?attribute_pa_aldeco-color=01-antelope-gray-pt-pt\">https:\/\/aldeco.pt\/staging\/pt-pt\/product\/decoupe-velvet\/?attribute_pa_aldeco-color=01-antelope-gray-pt-pt<\/a><\/p>\n<p><a href=\"https:\/\/www.instagram.com\/aldeco_interiorfabrics\/\">https:\/\/www.instagram.com\/aldeco_interiorfabrics\/<\/a><\/p>\n","protected":false},"featured_media":155181,"template":"","meta":[],"product_brand":[],"product_cat":[6145],"product_tag":[],"class_list":{"0":"post-178107","1":"product","2":"type-product","3":"status-publish","4":"has-post-thumbnail","6":"product_cat-aldeco-2-pt-pt-2","7":"pa_cleanability-8282","8":"pa_composition-ext-70-vi-16-pl-10-co-4-li-pt-pt","9":"pa_interior-fabrics-1-pt-pt","10":"pa_line-tecidos","11":"pa_lithfastness-9680","12":"pa_outdoor-0-pt-pt","13":"pa_range-veludo","14":"pa_rapport-horizontal-35-pt-pt","15":"pa_rapport-vertical-39-5-pt-pt","18":"first","19":"instock","20":"purchasable","21":"product-type-variable"},"acf":[],"_links":{"self":[{"href":"https:\/\/staging.aldeco.pt\/pt-pt\/wp-json\/wp\/v2\/product\/178107","targetHints":{"allow":["GET"]}}],"collection":[{"href":"https:\/\/staging.aldeco.pt\/pt-pt\/wp-json\/wp\/v2\/product"}],"about":[{"href":"https:\/\/staging.aldeco.pt\/pt-pt\/wp-json\/wp\/v2\/types\/product"}],"version-history":[{"count":3,"href":"https:\/\/staging.aldeco.pt\/pt-pt\/wp-json\/wp\/v2\/product\/178107\/revisions"}],"predecessor-version":[{"id":201833,"href":"https:\/\/staging.aldeco.pt\/pt-pt\/wp-json\/wp\/v2\/product\/178107\/revisions\/201833"}],"wp:featuredmedia":[{"embeddable":true,"href":"https:\/\/staging.aldeco.pt\/pt-pt\/wp-json\/wp\/v2\/media\/155181"}],"wp:attachment":[{"href":"https:\/\/staging.aldeco.pt\/pt-pt\/wp-json\/wp\/v2\/media?parent=178107"}],"wp:term":[{"taxonomy":"product_brand","embeddable":true,"href":"https:\/\/staging.aldeco.pt\/pt-pt\/wp-json\/wp\/v2\/product_brand?post=178107"},{"taxonomy":"product_cat","embeddable":true,"href":"https:\/\/staging.aldeco.pt\/pt-pt\/wp-json\/wp\/v2\/product_cat?post=178107"},{"taxonomy":"product_tag","embeddable":true,"href":"https:\/\/staging.aldeco.pt\/pt-pt\/wp-json\/wp\/v2\/product_tag?post=178107"}],"curies":[{"name":"wp","href":"https:\/\/api.w.org\/{rel}","templated":true}]}}