{"id":161761,"date":"2024-05-12T19:40:40","date_gmt":"2024-05-12T19:40:40","guid":{"rendered":"https:\/\/aldeco.pt\/staging\/product\/lesprit-africain-fr\/"},"modified":"2024-10-10T09:38:48","modified_gmt":"2024-10-10T09:38:48","slug":"lesprit-africain-fr","status":"publish","type":"product","link":"https:\/\/staging.aldeco.pt\/pt-pt\/product\/lesprit-africain-fr\/","title":{"rendered":"L&#8217;ESPRIT AFRICAIN FR"},"content":{"rendered":"<p>L&#8217;ESPRIT AFRICAIN \u00e9 um tecido jacquard de aspecto muito natural. Trata-se de uma reinterpreta\u00e7\u00e3o de uma risca muito din\u00e2mica inspirada na vista do horizonte das grandes pir\u00e2mides do Egipto resultado das grandes viagens pelo deserto da musa inspiradora desta colec\u00e7\u00e3o. A combina\u00e7\u00e3o de tons naturais resulta numa risca moderna e irresist\u00edvel.<\/p>\n","protected":false},"excerpt":{"rendered":"<p>L&#8217;ESPRIT AFRICAIN \u00e9 um tecido jacquard de aspecto muito natural. Trata-se de uma reinterpreta\u00e7\u00e3o de uma risca muito din\u00e2mica inspirada na vista do horizonte das grandes pir\u00e2mides do Egipto resultado das grandes viagens pelo deserto da musa inspiradora desta colec\u00e7\u00e3o. A combina\u00e7\u00e3o de tons naturais resulta numa risca moderna e irresist\u00edvel.<\/p>\n<h2>L&#8217;ESPRIT AFRICAIN \u00e9 um tecido jacquard de aspecto muito natural. Trata-se de uma reinterpreta\u00e7\u00e3o de uma risca muito din\u00e2mica inspirada na vista do horizonte das grandes pir\u00e2mides do Egipto resultado das grandes viagens pelo deserto da musa inspiradora desta colec\u00e7\u00e3o. A combina\u00e7\u00e3o de tons naturais resulta numa risca moderna e irresist\u00edvel.<\/h2>\n<p><img fetchpriority=\"high\" decoding=\"async\" class=\"alignnone wp-image-176953 size-medium\" src=\"https:\/\/aldeco.pt\/staging\/wp-content\/uploads\/2024\/01\/T193030005-2-300x200.jpg\" alt=\"L'ESPRIT AFRICAIN FR - Aldeco\" width=\"300\" height=\"200\" \/><\/p>\n<p><a href=\"https:\/\/aldeco.pt\/staging\/product\/lesprit-africain-fr\/?attribute_pa_aldeco-color=01-serengeti-gris\">https:\/\/aldeco.pt\/staging\/product\/lesprit-africain-fr\/?attribute_pa_aldeco-color=01-serengeti-gris<\/a><\/p>\n<p><a href=\"https:\/\/www.instagram.com\/aldeco_interiorfabrics\/\">https:\/\/www.instagram.com\/aldeco_interiorfabrics\/<\/a><\/p>\n","protected":false},"featured_media":159309,"template":"","meta":[],"product_brand":[],"product_cat":[6145,6151],"product_tag":[],"class_list":{"0":"post-161761","1":"product","2":"type-product","3":"status-publish","4":"has-post-thumbnail","6":"product_cat-aldeco-2-pt-pt-2","7":"product_cat-contract-pt-pt","8":"pa_cleanability-8282","9":"pa_composition-ext-30-vi-29-co-27-pl-14-li-pt-pt","10":"pa_contract-fabrics-1-pt-pt","11":"pa_interior-fabrics-1-pt-pt","12":"pa_line-tecidos","13":"pa_lithfastness-4-5-pt-pt","14":"pa_outdoor-0-pt-pt","15":"pa_range-jacquard-pt-pt","16":"pa_rapport-horizontal-7-5-pt-pt","17":"pa_rapport-vertical-39-5-pt-pt","18":"pa_special-treatments-fabrics-1-pt-pt","21":"first","22":"instock","23":"purchasable","24":"product-type-variable"},"acf":[],"_links":{"self":[{"href":"https:\/\/staging.aldeco.pt\/pt-pt\/wp-json\/wp\/v2\/product\/161761","targetHints":{"allow":["GET"]}}],"collection":[{"href":"https:\/\/staging.aldeco.pt\/pt-pt\/wp-json\/wp\/v2\/product"}],"about":[{"href":"https:\/\/staging.aldeco.pt\/pt-pt\/wp-json\/wp\/v2\/types\/product"}],"version-history":[{"count":3,"href":"https:\/\/staging.aldeco.pt\/pt-pt\/wp-json\/wp\/v2\/product\/161761\/revisions"}],"predecessor-version":[{"id":204904,"href":"https:\/\/staging.aldeco.pt\/pt-pt\/wp-json\/wp\/v2\/product\/161761\/revisions\/204904"}],"wp:featuredmedia":[{"embeddable":true,"href":"https:\/\/staging.aldeco.pt\/pt-pt\/wp-json\/wp\/v2\/media\/159309"}],"wp:attachment":[{"href":"https:\/\/staging.aldeco.pt\/pt-pt\/wp-json\/wp\/v2\/media?parent=161761"}],"wp:term":[{"taxonomy":"product_brand","embeddable":true,"href":"https:\/\/staging.aldeco.pt\/pt-pt\/wp-json\/wp\/v2\/product_brand?post=161761"},{"taxonomy":"product_cat","embeddable":true,"href":"https:\/\/staging.aldeco.pt\/pt-pt\/wp-json\/wp\/v2\/product_cat?post=161761"},{"taxonomy":"product_tag","embeddable":true,"href":"https:\/\/staging.aldeco.pt\/pt-pt\/wp-json\/wp\/v2\/product_tag?post=161761"}],"curies":[{"name":"wp","href":"https:\/\/api.w.org\/{rel}","templated":true}]}}