{"id":161756,"date":"2024-05-09T19:39:17","date_gmt":"2024-05-09T19:39:17","guid":{"rendered":"https:\/\/aldeco.pt\/staging\/product\/caprice-2\/"},"modified":"2024-09-27T15:33:30","modified_gmt":"2024-09-27T15:33:30","slug":"caprice-2","status":"publish","type":"product","link":"https:\/\/staging.aldeco.pt\/pt-pt\/product\/caprice-2\/","title":{"rendered":"CAPRICE"},"content":{"rendered":"<p>Transpar\u00eancia suave com apar\u00eancia de linho. Este tecido tem um efeito mesclado e um acabamento para extra suavidade e manuseamento que cria um cair maravilhoso. Est\u00e1 dispon\u00edvel tamb\u00e9m na nossa colec\u00e7\u00e3o em fio FR com o nome de SMARTER FR.<\/p>\n","protected":false},"excerpt":{"rendered":"<p>Transpar\u00eancia suave com apar\u00eancia de linho. Este tecido tem um efeito mesclado e um acabamento para extra suavidade e manuseamento que cria um cair maravilhoso. Est\u00e1 dispon\u00edvel tamb\u00e9m na nossa colec\u00e7\u00e3o em fio FR com o nome de SMARTER FR.<\/p>\n<h2>Caprice, transpar\u00eancia suave com apar\u00eancia de linho. Este tecido tem um efeito mesclado e um acabamento para extra suavidade e manuseamento que cria um cair maravilhoso. Est\u00e1 dispon\u00edvel tamb\u00e9m na nossa colec\u00e7\u00e3o em fio FR com o nome de SMARTER FR.<\/h2>\n<p><img fetchpriority=\"high\" decoding=\"async\" class=\"alignnone wp-image-191395 size-medium\" src=\"https:\/\/aldeco.pt\/staging\/wp-content\/uploads\/2024\/01\/T191560004-7-300x225.jpg\" alt=\"Caprice - Aldeco\" width=\"300\" height=\"225\" \/><\/p>\n<p><a href=\"https:\/\/aldeco.pt\/staging\/product\/caprice\/?attribute_pa_aldeco-color=01-off-white\">https:\/\/aldeco.pt\/staging\/product\/caprice\/?attribute_pa_aldeco-color=01-off-white<\/a><\/p>\n<p><a href=\"https:\/\/www.instagram.com\/aldeco_interiorfabrics\/\">https:\/\/www.instagram.com\/aldeco_interiorfabrics\/<\/a><\/p>\n","protected":false},"featured_media":155029,"template":"","meta":[],"product_brand":[],"product_cat":[6153],"product_tag":[],"class_list":{"0":"post-161756","1":"product","2":"type-product","3":"status-publish","4":"has-post-thumbnail","6":"product_cat-aldeco-smarter-pt-pt","7":"pa_cleanability-8282","8":"pa_composition-ext-100-pl-pt-pt","9":"pa_interior-fabrics-1-pt-pt","10":"pa_line-tecidos","11":"pa_lithfastness-5-pt-pt","12":"pa_outdoor-0-pt-pt","13":"pa_range-liso","14":"pa_rapport-vertical-11009","17":"first","18":"instock","19":"purchasable","20":"product-type-variable"},"acf":[],"_links":{"self":[{"href":"https:\/\/staging.aldeco.pt\/pt-pt\/wp-json\/wp\/v2\/product\/161756","targetHints":{"allow":["GET"]}}],"collection":[{"href":"https:\/\/staging.aldeco.pt\/pt-pt\/wp-json\/wp\/v2\/product"}],"about":[{"href":"https:\/\/staging.aldeco.pt\/pt-pt\/wp-json\/wp\/v2\/types\/product"}],"version-history":[{"count":2,"href":"https:\/\/staging.aldeco.pt\/pt-pt\/wp-json\/wp\/v2\/product\/161756\/revisions"}],"predecessor-version":[{"id":200864,"href":"https:\/\/staging.aldeco.pt\/pt-pt\/wp-json\/wp\/v2\/product\/161756\/revisions\/200864"}],"wp:featuredmedia":[{"embeddable":true,"href":"https:\/\/staging.aldeco.pt\/pt-pt\/wp-json\/wp\/v2\/media\/155029"}],"wp:attachment":[{"href":"https:\/\/staging.aldeco.pt\/pt-pt\/wp-json\/wp\/v2\/media?parent=161756"}],"wp:term":[{"taxonomy":"product_brand","embeddable":true,"href":"https:\/\/staging.aldeco.pt\/pt-pt\/wp-json\/wp\/v2\/product_brand?post=161756"},{"taxonomy":"product_cat","embeddable":true,"href":"https:\/\/staging.aldeco.pt\/pt-pt\/wp-json\/wp\/v2\/product_cat?post=161756"},{"taxonomy":"product_tag","embeddable":true,"href":"https:\/\/staging.aldeco.pt\/pt-pt\/wp-json\/wp\/v2\/product_tag?post=161756"}],"curies":[{"name":"wp","href":"https:\/\/api.w.org\/{rel}","templated":true}]}}