{"id":161754,"date":"2024-05-09T19:39:06","date_gmt":"2024-05-09T19:39:06","guid":{"rendered":"https:\/\/aldeco.pt\/staging\/product\/capri-2\/"},"modified":"2024-08-06T11:35:30","modified_gmt":"2024-08-06T11:35:30","slug":"capri-2","status":"publish","type":"product","link":"https:\/\/staging.aldeco.pt\/pt-pt\/product\/capri-2\/","title":{"rendered":"CAPRI"},"content":{"rendered":"<p>Tecido jacquard 100% algod\u00e3o, para estofo e com desenho . Dispon\u00edvel em 3 cores distintas: Areia, Azul Tiffany e Magenta.<\/p>\n","protected":false},"excerpt":{"rendered":"<p>Tecido jacquard 100% algod\u00e3o, para estofo e com desenho . Dispon\u00edvel em 3 cores distintas: Areia, Azul Tiffany e Magenta.<\/p>\n<h2>Capri, tecido jacquard 100% algod\u00e3o, para estofo e com desenho. Dispon\u00edvel em 3 cores vivas: Sand, Tiffany Blue and Magenta, e adequado tanto para estofos como para decora\u00e7\u00e3o.<\/h2>\n<p><img fetchpriority=\"high\" decoding=\"async\" class=\"alignnone wp-image-191237 size-medium\" src=\"https:\/\/aldeco.pt\/staging\/wp-content\/uploads\/2024\/03\/T018640001-300x280.jpg\" alt=\"Capri - Aldeco\" width=\"300\" height=\"280\"><\/p>\n<p><a href=\"https:\/\/aldeco.pt\/staging\/product\/capri\/?attribute_pa_aldeco-color=01-sand\">https:\/\/aldeco.pt\/staging\/product\/capri\/?attribute_pa_aldeco-color=01-sand<\/a><\/p>\n<p><a href=\"https:\/\/www.instagram.com\/aldeco_interiorfabrics\/\">https:\/\/www.instagram.com\/aldeco_interiorfabrics\/<\/a><\/p>\n","protected":false},"featured_media":155027,"template":"","meta":[],"product_brand":[],"product_cat":[6145],"product_tag":[],"class_list":{"0":"post-161754","1":"product","2":"type-product","3":"status-publish","4":"has-post-thumbnail","6":"product_cat-aldeco-2-pt-pt-2","7":"pa_cleanability-8282","8":"pa_composition-ext-100-co-pt-pt","9":"pa_interior-fabrics-1-pt-pt","10":"pa_line-tecidos","11":"pa_lithfastness-4-5-pt-pt","12":"pa_outdoor-0-pt-pt","13":"pa_range-jacquard-pt-pt","14":"pa_rapport-horizontal-2-pt-pt","15":"pa_rapport-vertical-2-5-pt-pt","18":"first","19":"instock","20":"purchasable","21":"product-type-variable"},"acf":[],"_links":{"self":[{"href":"https:\/\/staging.aldeco.pt\/pt-pt\/wp-json\/wp\/v2\/product\/161754","targetHints":{"allow":["GET"]}}],"collection":[{"href":"https:\/\/staging.aldeco.pt\/pt-pt\/wp-json\/wp\/v2\/product"}],"about":[{"href":"https:\/\/staging.aldeco.pt\/pt-pt\/wp-json\/wp\/v2\/types\/product"}],"version-history":[{"count":1,"href":"https:\/\/staging.aldeco.pt\/pt-pt\/wp-json\/wp\/v2\/product\/161754\/revisions"}],"predecessor-version":[{"id":192248,"href":"https:\/\/staging.aldeco.pt\/pt-pt\/wp-json\/wp\/v2\/product\/161754\/revisions\/192248"}],"wp:featuredmedia":[{"embeddable":true,"href":"https:\/\/staging.aldeco.pt\/pt-pt\/wp-json\/wp\/v2\/media\/155027"}],"wp:attachment":[{"href":"https:\/\/staging.aldeco.pt\/pt-pt\/wp-json\/wp\/v2\/media?parent=161754"}],"wp:term":[{"taxonomy":"product_brand","embeddable":true,"href":"https:\/\/staging.aldeco.pt\/pt-pt\/wp-json\/wp\/v2\/product_brand?post=161754"},{"taxonomy":"product_cat","embeddable":true,"href":"https:\/\/staging.aldeco.pt\/pt-pt\/wp-json\/wp\/v2\/product_cat?post=161754"},{"taxonomy":"product_tag","embeddable":true,"href":"https:\/\/staging.aldeco.pt\/pt-pt\/wp-json\/wp\/v2\/product_tag?post=161754"}],"curies":[{"name":"wp","href":"https:\/\/api.w.org\/{rel}","templated":true}]}}