{"id":161752,"date":"2024-05-09T19:38:28","date_gmt":"2024-05-09T19:38:28","guid":{"rendered":"https:\/\/aldeco.pt\/staging\/product\/capitonne-fr-m1-d-8121-2\/"},"modified":"2024-09-23T09:15:46","modified_gmt":"2024-09-23T09:15:46","slug":"capitonne-fr-m1-d-8121-2","status":"publish","type":"product","link":"https:\/\/staging.aldeco.pt\/pt-pt\/product\/capitonne-fr-m1-d-8121-2\/","title":{"rendered":"CAPITONN\u00c9 FR M1 D.8121"},"content":{"rendered":"<p>\u00c9 um tecido veludo de algod\u00e3o semelhante ao nosso best-seller Si\u00e9ge Velvet com elevada resist\u00eancia \u00e0 abras\u00e3o e certifica\u00e7\u00e3o retardante de chama M1, este tecido ign\u00edfugo tem a certifica\u00e7\u00e3o ideal para cortinas robustas de veludo de algod\u00e3o e \u00e9 ideal para os seus projetos de contract.<\/p>\n","protected":false},"excerpt":{"rendered":"<p>\u00c9 um tecido veludo de algod\u00e3o semelhante ao nosso best-seller Si\u00e9ge Velvet com elevada resist\u00eancia \u00e0 abras\u00e3o e certifica\u00e7\u00e3o retardante de chama M1, este tecido ign\u00edfugo tem a certifica\u00e7\u00e3o ideal para cortinas robustas de veludo de algod\u00e3o e \u00e9 ideal para os seus projetos de contract.<\/p>\n<h2>Capitonn\u00e9 FR \u00e9 um tecido veludo de algod\u00e3o semelhante ao nosso best-seller Si\u00e9ge Velvet com elevada resist\u00eancia \u00e0 abras\u00e3o e certifica\u00e7\u00e3o retardante de chama M1, este tecido ign\u00edfugo tem a certifica\u00e7\u00e3o ideal para cortinas robustas de veludo de algod\u00e3o e \u00e9 ideal para os seus projetos de contract.<\/h2>\n<p><img fetchpriority=\"high\" decoding=\"async\" class=\"alignnone wp-image-161137 size-medium\" src=\"https:\/\/aldeco.pt\/staging\/wp-content\/uploads\/2024\/05\/T758121968-300x225.jpg\" alt=\"Capitonn\u00e9 FR - Aldeco\" width=\"300\" height=\"225\" \/><\/p>\n<p><a href=\"https:\/\/www.instagram.com\/aldeco_interiorfabrics\/\">https:\/\/www.instagram.com\/aldeco_interiorfabrics\/<\/a><\/p>\n<p><a href=\"https:\/\/aldeco.pt\/staging\/product\/capitonne-fr-m1-d-8121\/?attribute_pa_aldeco-color=f0262\">https:\/\/aldeco.pt\/staging\/product\/capitonne-fr-m1-d-8121\/?attribute_pa_aldeco-color=f0262<\/a><\/p>\n","protected":false},"featured_media":218204,"template":"","meta":[],"product_brand":[],"product_cat":[6145],"product_tag":[],"class_list":{"0":"post-161752","1":"product","2":"type-product","3":"status-publish","4":"has-post-thumbnail","6":"product_cat-aldeco-2-pt-pt-2","7":"pa_cleanability-8282","8":"pa_composition-ext-composicao-geral-100-co-pile-100-co","9":"pa_composition-ext-pelo-100-co","10":"pa_interior-fabrics-1-pt-pt","11":"pa_line-tecidos","12":"pa_lithfastness-9680","13":"pa_lithfastness-2-3-pt-pt","14":"pa_outdoor-0-pt-pt","15":"pa_range-liso","16":"pa_rapport-vertical-11009","17":"pa_special-treatments-fabrics-1-pt-pt","20":"first","21":"instock","22":"purchasable","23":"product-type-variable"},"acf":[],"_links":{"self":[{"href":"https:\/\/staging.aldeco.pt\/pt-pt\/wp-json\/wp\/v2\/product\/161752","targetHints":{"allow":["GET"]}}],"collection":[{"href":"https:\/\/staging.aldeco.pt\/pt-pt\/wp-json\/wp\/v2\/product"}],"about":[{"href":"https:\/\/staging.aldeco.pt\/pt-pt\/wp-json\/wp\/v2\/types\/product"}],"version-history":[{"count":2,"href":"https:\/\/staging.aldeco.pt\/pt-pt\/wp-json\/wp\/v2\/product\/161752\/revisions"}],"predecessor-version":[{"id":200733,"href":"https:\/\/staging.aldeco.pt\/pt-pt\/wp-json\/wp\/v2\/product\/161752\/revisions\/200733"}],"wp:featuredmedia":[{"embeddable":true,"href":"https:\/\/staging.aldeco.pt\/pt-pt\/wp-json\/wp\/v2\/media\/218204"}],"wp:attachment":[{"href":"https:\/\/staging.aldeco.pt\/pt-pt\/wp-json\/wp\/v2\/media?parent=161752"}],"wp:term":[{"taxonomy":"product_brand","embeddable":true,"href":"https:\/\/staging.aldeco.pt\/pt-pt\/wp-json\/wp\/v2\/product_brand?post=161752"},{"taxonomy":"product_cat","embeddable":true,"href":"https:\/\/staging.aldeco.pt\/pt-pt\/wp-json\/wp\/v2\/product_cat?post=161752"},{"taxonomy":"product_tag","embeddable":true,"href":"https:\/\/staging.aldeco.pt\/pt-pt\/wp-json\/wp\/v2\/product_tag?post=161752"}],"curies":[{"name":"wp","href":"https:\/\/api.w.org\/{rel}","templated":true}]}}