{"id":161750,"date":"2024-05-09T19:37:46","date_gmt":"2024-05-09T19:37:46","guid":{"rendered":"https:\/\/aldeco.pt\/staging\/product\/canvas-fr-2\/"},"modified":"2024-09-19T09:53:42","modified_gmt":"2024-09-19T09:53:42","slug":"canvas-fr-2","status":"publish","type":"product","link":"https:\/\/staging.aldeco.pt\/pt-pt\/product\/canvas-fr-2\/","title":{"rendered":"CANVAS FR"},"content":{"rendered":"<p>Tecido de estofo texturizado e opaco com um aspecto magnifico. Est\u00e1 dispon\u00edvel em 13 cores bonitas e modernas. Este tecido \u00e9 ign\u00edfugo, lav\u00e1vel e indicado para estofo.<\/p>\n","protected":false},"excerpt":{"rendered":"<p>Tecido de estofo texturizado e opaco com um aspecto magnifico. Est\u00e1 dispon\u00edvel em 13 cores bonitas e modernas. Este tecido \u00e9 ign\u00edfugo, lav\u00e1vel e indicado para estofo.<\/p>\n<h2>Canvas FR, tecido de estofo texturizado e opaco com um aspecto magnifico. Est\u00e1 dispon\u00edvel em 13 cores bonitas e modernas. Este tecido \u00e9 ign\u00edfugo, lav\u00e1vel e indicado para estofo.<\/h2>\n<p><img fetchpriority=\"high\" decoding=\"async\" class=\"alignnone wp-image-191113 size-medium\" src=\"https:\/\/aldeco.pt\/staging\/wp-content\/uploads\/2024\/03\/T190300001-300x200.jpg\" alt=\"Canvas FR - Aldeco\" width=\"300\" height=\"200\" \/><\/p>\n<p><a href=\"https:\/\/aldeco.pt\/staging\/es\/product\/canvas-fr\/?attribute_pa_aldeco-color=01-snow-es\">https:\/\/aldeco.pt\/staging\/es\/product\/canvas-fr\/?attribute_pa_aldeco-color=01-snow-es<\/a><\/p>\n<p><a href=\"https:\/\/www.instagram.com\/aldeco_interiorfabrics\/\">https:\/\/www.instagram.com\/aldeco_interiorfabrics\/<\/a><\/p>\n","protected":false},"featured_media":155000,"template":"","meta":[],"product_brand":[],"product_cat":[6153],"product_tag":[],"class_list":{"0":"post-161750","1":"product","2":"type-product","3":"status-publish","4":"has-post-thumbnail","6":"product_cat-aldeco-smarter-pt-pt","7":"pa_cleanability-8282","8":"pa_composition-ext-100-pl-pt-pt","9":"pa_contract-fabrics-1-pt-pt","10":"pa_interior-fabrics-1-pt-pt","11":"pa_line-tecidos","12":"pa_lithfastness-9680","13":"pa_outdoor-0-pt-pt","14":"pa_range-liso","15":"pa_range-panama-pt-pt","16":"pa_rapport-vertical-11009","17":"pa_special-treatments-fabrics-1-pt-pt","18":"pa_sustainable-fabrics-1-pt-pt","21":"first","22":"instock","23":"purchasable","24":"product-type-variable"},"acf":[],"_links":{"self":[{"href":"https:\/\/staging.aldeco.pt\/pt-pt\/wp-json\/wp\/v2\/product\/161750","targetHints":{"allow":["GET"]}}],"collection":[{"href":"https:\/\/staging.aldeco.pt\/pt-pt\/wp-json\/wp\/v2\/product"}],"about":[{"href":"https:\/\/staging.aldeco.pt\/pt-pt\/wp-json\/wp\/v2\/types\/product"}],"version-history":[{"count":2,"href":"https:\/\/staging.aldeco.pt\/pt-pt\/wp-json\/wp\/v2\/product\/161750\/revisions"}],"predecessor-version":[{"id":200651,"href":"https:\/\/staging.aldeco.pt\/pt-pt\/wp-json\/wp\/v2\/product\/161750\/revisions\/200651"}],"wp:featuredmedia":[{"embeddable":true,"href":"https:\/\/staging.aldeco.pt\/pt-pt\/wp-json\/wp\/v2\/media\/155000"}],"wp:attachment":[{"href":"https:\/\/staging.aldeco.pt\/pt-pt\/wp-json\/wp\/v2\/media?parent=161750"}],"wp:term":[{"taxonomy":"product_brand","embeddable":true,"href":"https:\/\/staging.aldeco.pt\/pt-pt\/wp-json\/wp\/v2\/product_brand?post=161750"},{"taxonomy":"product_cat","embeddable":true,"href":"https:\/\/staging.aldeco.pt\/pt-pt\/wp-json\/wp\/v2\/product_cat?post=161750"},{"taxonomy":"product_tag","embeddable":true,"href":"https:\/\/staging.aldeco.pt\/pt-pt\/wp-json\/wp\/v2\/product_tag?post=161750"}],"curies":[{"name":"wp","href":"https:\/\/api.w.org\/{rel}","templated":true}]}}