{"id":161748,"date":"2024-05-09T19:37:25","date_gmt":"2024-05-09T19:37:25","guid":{"rendered":"https:\/\/aldeco.pt\/staging\/product\/cannes-fr-2\/"},"modified":"2024-09-19T09:52:34","modified_gmt":"2024-09-19T09:52:34","slug":"cannes-fr-2","status":"publish","type":"product","link":"https:\/\/staging.aldeco.pt\/pt-pt\/product\/cannes-fr-2\/","title":{"rendered":"CANNES FR"},"content":{"rendered":"<p>CANNES FR \u00e9 um tecido jacquard exclusivo e sumptuoso que conjuga impress\u00f5es do passado e do presente. Seja atrav\u00e9s da sua alus\u00e3o ao mundo da moda, seja atrav\u00e9s das suas belas misturas de cores e efeitos texturados, CANNES FR tem esta capacidade de dar emo\u00e7\u00e3o aos espa\u00e7os interiores. Este tecido para estofo est\u00e1 dispon\u00edvel em 7 cores. Possui certifica\u00e7\u00e3o OEKO-TEX Standard 100, n\u00e3o cont\u00e9m subst\u00e2ncias nocivas ao meio ambiente e est\u00e1 em conformidade com o REACH. Possui diversas certifica\u00e7\u00f5es ign\u00edfugas e \u00e9 parcialmente composto por fibras recicladas de garrafas pl\u00e1sticas e res\u00edduos de produ\u00e7\u00e3o.<\/p>\n","protected":false},"excerpt":{"rendered":"<p>CANNES FR \u00e9 um tecido jacquard exclusivo e sumptuoso que conjuga impress\u00f5es do passado e do presente. Seja atrav\u00e9s da sua alus\u00e3o ao mundo da moda, seja atrav\u00e9s das suas belas misturas de cores e efeitos texturados, CANNES FR tem esta capacidade de dar emo\u00e7\u00e3o aos espa\u00e7os interiores. Este tecido para estofo est\u00e1 dispon\u00edvel em 7 cores. Possui certifica\u00e7\u00e3o OEKO-TEX Standard 100, n\u00e3o cont\u00e9m subst\u00e2ncias nocivas ao meio ambiente e est\u00e1 em conformidade com o REACH. Possui diversas certifica\u00e7\u00f5es ign\u00edfugas e \u00e9 parcialmente composto por fibras recicladas de garrafas pl\u00e1sticas e res\u00edduos de produ\u00e7\u00e3o.<\/p>\n","protected":false},"featured_media":154988,"template":"","meta":[],"product_brand":[],"product_cat":[6145],"product_tag":[],"class_list":{"0":"post-161748","1":"product","2":"type-product","3":"status-publish","4":"has-post-thumbnail","6":"product_cat-aldeco-2-pt-pt-2","7":"pa_cleanability-8282","8":"pa_composition-ext-48-pes-32-pp-20-co-pt-pt","9":"pa_contract-fabrics-1-pt-pt","10":"pa_interior-fabrics-1-pt-pt","11":"pa_line-tecidos","12":"pa_lithfastness-5-6-pt-pt","13":"pa_outdoor-0-pt-pt","14":"pa_range-jacquard-pt-pt","15":"pa_rapport-vertical-11009","16":"pa_special-treatments-fabrics-1-pt-pt","17":"pa_sustainable-fabrics-1-pt-pt","20":"first","21":"instock","22":"purchasable","23":"product-type-variable"},"acf":[],"_links":{"self":[{"href":"https:\/\/staging.aldeco.pt\/pt-pt\/wp-json\/wp\/v2\/product\/161748","targetHints":{"allow":["GET"]}}],"collection":[{"href":"https:\/\/staging.aldeco.pt\/pt-pt\/wp-json\/wp\/v2\/product"}],"about":[{"href":"https:\/\/staging.aldeco.pt\/pt-pt\/wp-json\/wp\/v2\/types\/product"}],"version-history":[{"count":1,"href":"https:\/\/staging.aldeco.pt\/pt-pt\/wp-json\/wp\/v2\/product\/161748\/revisions"}],"predecessor-version":[{"id":161762,"href":"https:\/\/staging.aldeco.pt\/pt-pt\/wp-json\/wp\/v2\/product\/161748\/revisions\/161762"}],"wp:featuredmedia":[{"embeddable":true,"href":"https:\/\/staging.aldeco.pt\/pt-pt\/wp-json\/wp\/v2\/media\/154988"}],"wp:attachment":[{"href":"https:\/\/staging.aldeco.pt\/pt-pt\/wp-json\/wp\/v2\/media?parent=161748"}],"wp:term":[{"taxonomy":"product_brand","embeddable":true,"href":"https:\/\/staging.aldeco.pt\/pt-pt\/wp-json\/wp\/v2\/product_brand?post=161748"},{"taxonomy":"product_cat","embeddable":true,"href":"https:\/\/staging.aldeco.pt\/pt-pt\/wp-json\/wp\/v2\/product_cat?post=161748"},{"taxonomy":"product_tag","embeddable":true,"href":"https:\/\/staging.aldeco.pt\/pt-pt\/wp-json\/wp\/v2\/product_tag?post=161748"}],"curies":[{"name":"wp","href":"https:\/\/api.w.org\/{rel}","templated":true}]}}