{"id":161746,"date":"2024-05-09T19:37:17","date_gmt":"2024-05-09T19:37:17","guid":{"rendered":"https:\/\/aldeco.pt\/staging\/product\/candy-2\/"},"modified":"2024-08-06T11:35:33","modified_gmt":"2024-08-06T11:35:33","slug":"candy-2","status":"publish","type":"product","link":"https:\/\/staging.aldeco.pt\/pt-pt\/product\/candy-2\/","title":{"rendered":"CANDY"},"content":{"rendered":"<p>\u00c9 um tecido estampado de cortina. Possui riscas multicoloridas que lhe confere dinamismo e um ar divertido. Este tecido de 300 cm possui as vantagens do poli\u00e9ster e o look natural do linho. Est\u00e1 dispon\u00edvel em 4 conjuga\u00e7\u00e3o de tons.<\/p>\n","protected":false},"excerpt":{"rendered":"<p>\u00c9 um tecido estampado de cortina. Possui riscas multicoloridas que lhe confere dinamismo e um ar divertido. Este tecido de 300 cm possui as vantagens do poli\u00e9ster e o look natural do linho. Est\u00e1 dispon\u00edvel em 4 conjuga\u00e7\u00e3o de tons.<\/p>\n<h2>Candy \u00e9 um tecido estampado de cortina. Possui riscas multicoloridas que lhe confere dinamismo e um ar divertido. Este tecido de 300 cm possui as vantagens do poli\u00e9ster e o look natural do linho. Est\u00e1 dispon\u00edvel em 4 conjuga\u00e7\u00e3o de tons.<\/h2>\n<p><img fetchpriority=\"high\" decoding=\"async\" class=\"alignnone wp-image-191085 size-medium\" src=\"https:\/\/aldeco.pt\/staging\/wp-content\/uploads\/2024\/03\/T017940001-280x300.jpg\" alt=\"Candy - Aldeco\" width=\"280\" height=\"300\"><\/p>\n<p><a href=\"https:\/\/www.instagram.com\/aldeco_interiorfabrics\/\">https:\/\/www.instagram.com\/aldeco_interiorfabrics\/<\/a><\/p>\n<p><a href=\"https:\/\/aldeco.pt\/staging\/es\/product\/candy\/?attribute_pa_aldeco-color=1-cheery-tree-es\">https:\/\/aldeco.pt\/staging\/es\/product\/candy\/?attribute_pa_aldeco-color=1-cheery-tree-es<\/a><\/p>\n","protected":false},"featured_media":158361,"template":"","meta":[],"product_brand":[],"product_cat":[6145],"product_tag":[],"class_list":{"0":"post-161746","1":"product","2":"type-product","3":"status-publish","4":"has-post-thumbnail","6":"product_cat-aldeco-2-pt-pt-2","7":"pa_cleanability-8282","8":"pa_composition-ext-66-li-34-pl-pt-pt","9":"pa_interior-fabrics-1-pt-pt","10":"pa_line-tecidos","11":"pa_lithfastness-4-5-pt-pt","12":"pa_outdoor-0-pt-pt","13":"pa_range-bordado","14":"pa_rapport-horizontal-0-pt-pt","15":"pa_rapport-vertical-23-5-pt-pt","18":"first","19":"instock","20":"purchasable","21":"product-type-variable"},"acf":[],"_links":{"self":[{"href":"https:\/\/staging.aldeco.pt\/pt-pt\/wp-json\/wp\/v2\/product\/161746","targetHints":{"allow":["GET"]}}],"collection":[{"href":"https:\/\/staging.aldeco.pt\/pt-pt\/wp-json\/wp\/v2\/product"}],"about":[{"href":"https:\/\/staging.aldeco.pt\/pt-pt\/wp-json\/wp\/v2\/types\/product"}],"version-history":[{"count":1,"href":"https:\/\/staging.aldeco.pt\/pt-pt\/wp-json\/wp\/v2\/product\/161746\/revisions"}],"predecessor-version":[{"id":192232,"href":"https:\/\/staging.aldeco.pt\/pt-pt\/wp-json\/wp\/v2\/product\/161746\/revisions\/192232"}],"wp:featuredmedia":[{"embeddable":true,"href":"https:\/\/staging.aldeco.pt\/pt-pt\/wp-json\/wp\/v2\/media\/158361"}],"wp:attachment":[{"href":"https:\/\/staging.aldeco.pt\/pt-pt\/wp-json\/wp\/v2\/media?parent=161746"}],"wp:term":[{"taxonomy":"product_brand","embeddable":true,"href":"https:\/\/staging.aldeco.pt\/pt-pt\/wp-json\/wp\/v2\/product_brand?post=161746"},{"taxonomy":"product_cat","embeddable":true,"href":"https:\/\/staging.aldeco.pt\/pt-pt\/wp-json\/wp\/v2\/product_cat?post=161746"},{"taxonomy":"product_tag","embeddable":true,"href":"https:\/\/staging.aldeco.pt\/pt-pt\/wp-json\/wp\/v2\/product_tag?post=161746"}],"curies":[{"name":"wp","href":"https:\/\/api.w.org\/{rel}","templated":true}]}}