{"id":161740,"date":"2024-05-09T19:36:06","date_gmt":"2024-05-09T19:36:06","guid":{"rendered":"https:\/\/aldeco.pt\/staging\/product\/burkina-in-outdoor-2\/"},"modified":"2024-08-06T11:35:34","modified_gmt":"2024-08-06T11:35:34","slug":"burkina-in-outdoor-2","status":"publish","type":"product","link":"https:\/\/staging.aldeco.pt\/pt-pt\/product\/burkina-in-outdoor-2\/","title":{"rendered":"BURKINA IN\/OUTDOOR"},"content":{"rendered":"<p>Este jacquard incr\u00edvel inspirado em \u00c1frica e na sua maravilhosa arte e uso de cores, os gr\u00e3os de caf\u00e9 e a luz resultam neste tecido pesado e abstrato, adequado tanto para uso interior como exterior.<\/p>\n","protected":false},"excerpt":{"rendered":"<p>Este jacquard incr\u00edvel inspirado em \u00c1frica e na sua maravilhosa arte e uso de cores, os gr\u00e3os de caf\u00e9 e a luz resultam neste tecido pesado e abstrato, adequado tanto para uso interior como exterior.<\/p>\n<h2>Burkina In\/Outdoor, jacquard incr\u00edvel inspirado em \u00c1frica e na sua maravilhosa arte e uso de cores, os gr\u00e3os de caf\u00e9 e a luz resultam neste tecido pesado e abstrato, adequado tanto para uso interior como exterior.<\/h2>\n<p><img fetchpriority=\"high\" decoding=\"async\" class=\"alignnone wp-image-190818 size-medium\" src=\"https:\/\/aldeco.pt\/staging\/wp-content\/uploads\/2024\/03\/T191800001-300x225.jpg\" alt=\"Burkina In\/Outdoor - Aldeco\" width=\"300\" height=\"225\"><\/p>\n<p><a href=\"https:\/\/www.instagram.com\/aldeco_interiorfabrics\/\">https:\/\/www.instagram.com\/aldeco_interiorfabrics\/<\/a><\/p>\n<p><a href=\"https:\/\/aldeco.pt\/staging\/product\/burkina-in-outdoor\/?attribute_pa_aldeco-color=01-golden-rod\">https:\/\/aldeco.pt\/staging\/product\/burkina-in-outdoor\/?attribute_pa_aldeco-color=01-golden-rod<\/a><\/p>\n","protected":false},"featured_media":154960,"template":"","meta":[],"product_brand":[],"product_cat":[6145],"product_tag":[],"class_list":{"0":"post-161740","1":"product","2":"type-product","3":"status-publish","4":"has-post-thumbnail","6":"product_cat-aldeco-2-pt-pt-2","7":"pa_cleanability-8282","8":"pa_composition-ext-100-pp-pt-pt","9":"pa_contract-fabrics-1-pt-pt","10":"pa_indoor-fabrics-1-pt-pt","11":"pa_interior-fabrics-1-pt-pt","12":"pa_line-tecidos","13":"pa_lithfastness-7-pt-pt","14":"pa_outdoor-outdoor","15":"pa_range-jacquard-pt-pt","16":"pa_rapport-horizontal-34-pt-pt","17":"pa_rapport-vertical-54-pt-pt","18":"pa_special-treatments-fabrics-1-pt-pt","21":"first","22":"instock","23":"purchasable","24":"product-type-variable"},"acf":[],"_links":{"self":[{"href":"https:\/\/staging.aldeco.pt\/pt-pt\/wp-json\/wp\/v2\/product\/161740","targetHints":{"allow":["GET"]}}],"collection":[{"href":"https:\/\/staging.aldeco.pt\/pt-pt\/wp-json\/wp\/v2\/product"}],"about":[{"href":"https:\/\/staging.aldeco.pt\/pt-pt\/wp-json\/wp\/v2\/types\/product"}],"version-history":[{"count":1,"href":"https:\/\/staging.aldeco.pt\/pt-pt\/wp-json\/wp\/v2\/product\/161740\/revisions"}],"predecessor-version":[{"id":192223,"href":"https:\/\/staging.aldeco.pt\/pt-pt\/wp-json\/wp\/v2\/product\/161740\/revisions\/192223"}],"wp:featuredmedia":[{"embeddable":true,"href":"https:\/\/staging.aldeco.pt\/pt-pt\/wp-json\/wp\/v2\/media\/154960"}],"wp:attachment":[{"href":"https:\/\/staging.aldeco.pt\/pt-pt\/wp-json\/wp\/v2\/media?parent=161740"}],"wp:term":[{"taxonomy":"product_brand","embeddable":true,"href":"https:\/\/staging.aldeco.pt\/pt-pt\/wp-json\/wp\/v2\/product_brand?post=161740"},{"taxonomy":"product_cat","embeddable":true,"href":"https:\/\/staging.aldeco.pt\/pt-pt\/wp-json\/wp\/v2\/product_cat?post=161740"},{"taxonomy":"product_tag","embeddable":true,"href":"https:\/\/staging.aldeco.pt\/pt-pt\/wp-json\/wp\/v2\/product_tag?post=161740"}],"curies":[{"name":"wp","href":"https:\/\/api.w.org\/{rel}","templated":true}]}}