{"id":161734,"date":"2024-05-09T19:35:17","date_gmt":"2024-05-09T19:35:17","guid":{"rendered":"https:\/\/aldeco.pt\/staging\/product\/brema-fr-water-repellent-2\/"},"modified":"2024-08-06T11:35:36","modified_gmt":"2024-08-06T11:35:36","slug":"brema-fr-water-repellent-2","status":"publish","type":"product","link":"https:\/\/staging.aldeco.pt\/pt-pt\/product\/brema-fr-water-repellent-2\/","title":{"rendered":"BREMA FR WATER REPELLENT"},"content":{"rendered":"<p>O veludo de malha consiste em fios que est\u00e3o dispostos em forma de onda e depois passam um pelo outro. Veludo de malha feito a partir de uma sele\u00e7\u00e3o de fios poli\u00e9ster que confere mais robustez e elasticidade ao tecido. Este veludo tem o look de um veludo de l\u00e3 mohair.<\/p>\n","protected":false},"excerpt":{"rendered":"<p>O veludo de malha consiste em fios que est\u00e3o dispostos em forma de onda e depois passam um pelo outro. Veludo de malha feito a partir de uma sele\u00e7\u00e3o de fios poli\u00e9ster que confere mais robustez e elasticidade ao tecido. Este veludo tem o look de um veludo de l\u00e3 mohair.<\/p>\n<h2>Brema FR Water Repellent, veludo de malha que consiste em fios que est\u00e3o dispostos em forma de onda e depois passam um pelo outro.<\/h2>\n<p><img fetchpriority=\"high\" decoding=\"async\" class=\"alignnone wp-image-190716 size-medium\" src=\"https:\/\/aldeco.pt\/staging\/wp-content\/uploads\/2024\/01\/T191650001-5-300x225.jpg\" alt=\"Brema FR Water Repellent - Aldeco\" width=\"300\" height=\"225\"><\/p>\n<p><a href=\"https:\/\/aldeco.pt\/staging\/product\/brema-fr-water-repellent\/?attribute_pa_aldeco-color=01-greige\">https:\/\/aldeco.pt\/staging\/product\/brema-fr-water-repellent\/?attribute_pa_aldeco-color=01-greige<\/a><\/p>\n<p><a href=\"https:\/\/www.instagram.com\/aldeco_interiorfabrics\/\">https:\/\/www.instagram.com\/aldeco_interiorfabrics\/<\/a><\/p>\n","protected":false},"featured_media":158325,"template":"","meta":[],"product_brand":[],"product_cat":[6153],"product_tag":[],"class_list":{"0":"post-161734","1":"product","2":"type-product","3":"status-publish","4":"has-post-thumbnail","6":"product_cat-aldeco-smarter-pt-pt","7":"pa_cleanability-8282","8":"pa_composition-ext-100-pl-pt-pt","9":"pa_contract-fabrics-1-pt-pt","10":"pa_interior-fabrics-1-pt-pt","11":"pa_line-tecidos","12":"pa_lithfastness-5-pt-pt","13":"pa_outdoor-0-pt-pt","14":"pa_range-veludo","15":"pa_rapport-vertical-11009","16":"pa_special-treatments-fabrics-1-pt-pt","19":"first","20":"instock","21":"purchasable","22":"product-type-variable"},"acf":[],"_links":{"self":[{"href":"https:\/\/staging.aldeco.pt\/pt-pt\/wp-json\/wp\/v2\/product\/161734","targetHints":{"allow":["GET"]}}],"collection":[{"href":"https:\/\/staging.aldeco.pt\/pt-pt\/wp-json\/wp\/v2\/product"}],"about":[{"href":"https:\/\/staging.aldeco.pt\/pt-pt\/wp-json\/wp\/v2\/types\/product"}],"version-history":[{"count":1,"href":"https:\/\/staging.aldeco.pt\/pt-pt\/wp-json\/wp\/v2\/product\/161734\/revisions"}],"predecessor-version":[{"id":192206,"href":"https:\/\/staging.aldeco.pt\/pt-pt\/wp-json\/wp\/v2\/product\/161734\/revisions\/192206"}],"wp:featuredmedia":[{"embeddable":true,"href":"https:\/\/staging.aldeco.pt\/pt-pt\/wp-json\/wp\/v2\/media\/158325"}],"wp:attachment":[{"href":"https:\/\/staging.aldeco.pt\/pt-pt\/wp-json\/wp\/v2\/media?parent=161734"}],"wp:term":[{"taxonomy":"product_brand","embeddable":true,"href":"https:\/\/staging.aldeco.pt\/pt-pt\/wp-json\/wp\/v2\/product_brand?post=161734"},{"taxonomy":"product_cat","embeddable":true,"href":"https:\/\/staging.aldeco.pt\/pt-pt\/wp-json\/wp\/v2\/product_cat?post=161734"},{"taxonomy":"product_tag","embeddable":true,"href":"https:\/\/staging.aldeco.pt\/pt-pt\/wp-json\/wp\/v2\/product_tag?post=161734"}],"curies":[{"name":"wp","href":"https:\/\/api.w.org\/{rel}","templated":true}]}}