{"id":161732,"date":"2024-05-09T19:35:08","date_gmt":"2024-05-09T19:35:08","guid":{"rendered":"https:\/\/aldeco.pt\/staging\/product\/breath-in-outdoor-2\/"},"modified":"2024-08-06T11:35:37","modified_gmt":"2024-08-06T11:35:37","slug":"breath-in-outdoor-2","status":"publish","type":"product","link":"https:\/\/staging.aldeco.pt\/pt-pt\/product\/breath-in-outdoor-2\/","title":{"rendered":"BREATH IN\/OUTDOOR"},"content":{"rendered":"<p>BREATH IN\/OUTDOOR \u00e9 um tecido sofisticado para cortinas com um visual minimalista adequado para uso interior\/exterior. Apresentamos este modelo moderno com um aspecto muito elegante mas natural com 300 cm. Est\u00e1 dispon\u00edvel em 5 cores neutras. Este tecido leve \u00e9 repelente \u00e0 \u00e1gua.<\/p>\n","protected":false},"excerpt":{"rendered":"<p>BREATH IN\/OUTDOOR \u00e9 um tecido sofisticado para cortinas com um visual minimalista adequado para uso interior\/exterior. Apresentamos este modelo moderno com um aspecto muito elegante mas natural com 300 cm. Est\u00e1 dispon\u00edvel em 5 cores neutras. Este tecido leve \u00e9 repelente \u00e0 \u00e1gua.<\/p>\n<h2>BREATH IN\/OUTDOOR \u00e9 um tecido sofisticado para cortinas com um visual minimalista adequado para uso interior\/exterior. Apresentamos este modelo moderno com um aspecto muito elegante mas natural com 300 cm. Est\u00e1 dispon\u00edvel em 5 cores neutras. Este tecido leve \u00e9 repelente \u00e0 \u00e1gua.<\/h2>\n<p><img fetchpriority=\"high\" decoding=\"async\" class=\"alignnone wp-image-190698 size-medium\" src=\"https:\/\/aldeco.pt\/staging\/wp-content\/uploads\/2024\/01\/T192430001-4-300x200.jpg\" alt=\"Breath In\/Outdoor - Aldeco\" width=\"300\" height=\"200\"><\/p>\n<p><a href=\"https:\/\/aldeco.pt\/staging\/product\/breath-in-outdoor\/?attribute_pa_aldeco-color=01-natural-white\">https:\/\/aldeco.pt\/staging\/product\/breath-in-outdoor\/?attribute_pa_aldeco-color=01-natural-white<\/a><\/p>\n<p><a href=\"https:\/\/www.instagram.com\/aldeco_interiorfabrics\/\">https:\/\/www.instagram.com\/aldeco_interiorfabrics\/<\/a><\/p>\n","protected":false},"featured_media":158323,"template":"","meta":[],"product_brand":[],"product_cat":[6145],"product_tag":[],"class_list":{"0":"post-161732","1":"product","2":"type-product","3":"status-publish","4":"has-post-thumbnail","6":"product_cat-aldeco-2-pt-pt-2","7":"pa_cleanability-8282","8":"pa_composition-ext-100-pl-pt-pt","9":"pa_indoor-fabrics-1-pt-pt","10":"pa_interior-fabrics-1-pt-pt","11":"pa_line-tecidos","12":"pa_lithfastness-5-6-pt-pt","13":"pa_outdoor-outdoor","14":"pa_range-liso","15":"pa_range-transparente","16":"pa_rapport-vertical-11009","17":"pa_special-treatments-fabrics-1-pt-pt","20":"first","21":"instock","22":"purchasable","23":"product-type-variable"},"acf":[],"_links":{"self":[{"href":"https:\/\/staging.aldeco.pt\/pt-pt\/wp-json\/wp\/v2\/product\/161732","targetHints":{"allow":["GET"]}}],"collection":[{"href":"https:\/\/staging.aldeco.pt\/pt-pt\/wp-json\/wp\/v2\/product"}],"about":[{"href":"https:\/\/staging.aldeco.pt\/pt-pt\/wp-json\/wp\/v2\/types\/product"}],"version-history":[{"count":1,"href":"https:\/\/staging.aldeco.pt\/pt-pt\/wp-json\/wp\/v2\/product\/161732\/revisions"}],"predecessor-version":[{"id":192195,"href":"https:\/\/staging.aldeco.pt\/pt-pt\/wp-json\/wp\/v2\/product\/161732\/revisions\/192195"}],"wp:featuredmedia":[{"embeddable":true,"href":"https:\/\/staging.aldeco.pt\/pt-pt\/wp-json\/wp\/v2\/media\/158323"}],"wp:attachment":[{"href":"https:\/\/staging.aldeco.pt\/pt-pt\/wp-json\/wp\/v2\/media?parent=161732"}],"wp:term":[{"taxonomy":"product_brand","embeddable":true,"href":"https:\/\/staging.aldeco.pt\/pt-pt\/wp-json\/wp\/v2\/product_brand?post=161732"},{"taxonomy":"product_cat","embeddable":true,"href":"https:\/\/staging.aldeco.pt\/pt-pt\/wp-json\/wp\/v2\/product_cat?post=161732"},{"taxonomy":"product_tag","embeddable":true,"href":"https:\/\/staging.aldeco.pt\/pt-pt\/wp-json\/wp\/v2\/product_tag?post=161732"}],"curies":[{"name":"wp","href":"https:\/\/api.w.org\/{rel}","templated":true}]}}