{"id":161730,"date":"2024-05-09T19:34:58","date_gmt":"2024-05-09T19:34:58","guid":{"rendered":"https:\/\/aldeco.pt\/staging\/product\/brave-2\/"},"modified":"2024-10-03T10:23:07","modified_gmt":"2024-10-03T10:23:07","slug":"brave-2","status":"publish","type":"product","link":"https:\/\/staging.aldeco.pt\/pt-pt\/product\/brave-2\/","title":{"rendered":"BRAVE"},"content":{"rendered":"<p>Neste tecido fomos bastante ousados, apostando na aud\u00e1cia e no luxo transmitidos pelas lantejoulas. Inspirada pela riqueza da madrep\u00e9rola, da concha de ostra e pela forma peculiar e cintilante dos carac\u00f3is, Brave destaca-se nesta cole\u00e7\u00e3o, pela sua originalidade, brilho e luxo, perfeitamente combinados com um elevado Martindale, sendo adequado para estofos.<br \/>\nN\u00f3s desenvolvemos uma paleta onde os tons nude combinam com a riqueza de tons de ouro e prata.<\/p>\n","protected":false},"excerpt":{"rendered":"<p>Neste tecido fomos bastante ousados, apostando na aud\u00e1cia e no luxo transmitidos pelas lantejoulas. Inspirada pela riqueza da madrep\u00e9rola, da concha de ostra e pela forma peculiar e cintilante dos carac\u00f3is, Brave destaca-se nesta cole\u00e7\u00e3o, pela sua originalidade, brilho e luxo, perfeitamente combinados com um elevado Martindale, sendo adequado para estofos.<br \/>\nN\u00f3s desenvolvemos uma paleta onde os tons nude combinam com a riqueza de tons de ouro e prata.<\/p>\n<h2>Brave, neste tecido fomos bastante ousados, apostando na aud\u00e1cia e no luxo transmitidos pelas lantejoulas.<\/h2>\n<p><img fetchpriority=\"high\" decoding=\"async\" class=\"alignnone wp-image-190678 size-medium\" src=\"https:\/\/aldeco.pt\/staging\/wp-content\/uploads\/2024\/03\/T019650001-300x250.jpg\" alt=\"Brave - Aldeco\" width=\"300\" height=\"250\" \/><\/p>\n<p><a href=\"https:\/\/www.instagram.com\/aldeco_interiorfabrics\/\">https:\/\/www.instagram.com\/aldeco_interiorfabrics\/<\/a><\/p>\n<p><a href=\"https:\/\/aldeco.pt\/staging\/product\/brave\/?attribute_pa_aldeco-color=01-nude\">https:\/\/aldeco.pt\/staging\/product\/brave\/?attribute_pa_aldeco-color=01-nude<\/a><\/p>\n","protected":false},"featured_media":154946,"template":"","meta":[],"product_brand":[],"product_cat":[6145],"product_tag":[],"class_list":{"0":"post-161730","1":"product","2":"type-product","3":"status-publish","4":"has-post-thumbnail","6":"product_cat-aldeco-2-pt-pt-2","7":"pa_cleanability-8282","8":"pa_composition-ext-57-pu-9-co-22-pes-pt-pt","9":"pa_interior-fabrics-1-pt-pt","10":"pa_line-tecidos","11":"pa_lithfastness-6-pt-pt","12":"pa_outdoor-0-pt-pt","13":"pa_range-sintetico","14":"pa_rapport-vertical-11009","15":"pa_special-treatments-fabrics-1-pt-pt","18":"first","19":"instock","20":"purchasable","21":"product-type-variable"},"acf":[],"_links":{"self":[{"href":"https:\/\/staging.aldeco.pt\/pt-pt\/wp-json\/wp\/v2\/product\/161730","targetHints":{"allow":["GET"]}}],"collection":[{"href":"https:\/\/staging.aldeco.pt\/pt-pt\/wp-json\/wp\/v2\/product"}],"about":[{"href":"https:\/\/staging.aldeco.pt\/pt-pt\/wp-json\/wp\/v2\/types\/product"}],"version-history":[{"count":3,"href":"https:\/\/staging.aldeco.pt\/pt-pt\/wp-json\/wp\/v2\/product\/161730\/revisions"}],"predecessor-version":[{"id":201950,"href":"https:\/\/staging.aldeco.pt\/pt-pt\/wp-json\/wp\/v2\/product\/161730\/revisions\/201950"}],"wp:featuredmedia":[{"embeddable":true,"href":"https:\/\/staging.aldeco.pt\/pt-pt\/wp-json\/wp\/v2\/media\/154946"}],"wp:attachment":[{"href":"https:\/\/staging.aldeco.pt\/pt-pt\/wp-json\/wp\/v2\/media?parent=161730"}],"wp:term":[{"taxonomy":"product_brand","embeddable":true,"href":"https:\/\/staging.aldeco.pt\/pt-pt\/wp-json\/wp\/v2\/product_brand?post=161730"},{"taxonomy":"product_cat","embeddable":true,"href":"https:\/\/staging.aldeco.pt\/pt-pt\/wp-json\/wp\/v2\/product_cat?post=161730"},{"taxonomy":"product_tag","embeddable":true,"href":"https:\/\/staging.aldeco.pt\/pt-pt\/wp-json\/wp\/v2\/product_tag?post=161730"}],"curies":[{"name":"wp","href":"https:\/\/api.w.org\/{rel}","templated":true}]}}