{"id":161728,"date":"2024-05-09T19:34:44","date_gmt":"2024-05-09T19:34:44","guid":{"rendered":"https:\/\/aldeco.pt\/staging\/product\/braille-velvet-2\/"},"modified":"2024-09-30T09:47:07","modified_gmt":"2024-09-30T09:47:07","slug":"braille-velvet-2","status":"publish","type":"product","link":"https:\/\/staging.aldeco.pt\/pt-pt\/product\/braille-velvet-2\/","title":{"rendered":"BRAILLE VELVET"},"content":{"rendered":"<p>Este fabuloso tecido \u00e9 formado por duas camadas, uma externa em microfibra, que fixa a uma fina esponja interior atrav\u00e9s de pontos, o que lhe confere um aspeto acolchoado. Este tecido tem uma carater\u00edstica muito peculiar: as camadas s\u00e3o reunidas atrav\u00e9s de um desenho pontilhado que se assemelha \u00e0 t\u00e9cnica do braille. Se fecharmos os olhos, este veludo macio continua a &#8220;parecer&#8221; &#8211; (sentir) espetacular!<\/p>\n","protected":false},"excerpt":{"rendered":"<p>Este fabuloso tecido \u00e9 formado por duas camadas, uma externa em microfibra, que fixa a uma fina esponja interior atrav\u00e9s de pontos, Este tecido tem uma carater\u00edstica muito peculiar: as camadas s\u00e3o reunidas atrav\u00e9s de um desenho pontilhado que se assemelha \u00e0 t\u00e9cnica do braille. Se fecharmos os olhos, este veludo macio continua a &#8220;parecer&#8221; &#8211; (sentir) espetacular!<\/p>\n<h2>Braille Velvet \u00e9 um tecido para estofo formado por duas camadas, uma externa em microfibra, que fixa a uma fina esponja interior atrav\u00e9s de pontos, o que lhe confere um aspeto acolchoado. Este tecido tem uma carater\u00edstica muito peculiar: as camadas s\u00e3o reunidas atrav\u00e9s de um desenho pontilhado que se assemelha \u00e0 t\u00e9cnica do braille. Se fecharmos os olhos, este veludo macio continua a &#8220;parecer&#8221; &#8211; (sentir) espetacular!<\/h2>\n<p><img fetchpriority=\"high\" decoding=\"async\" class=\"alignnone wp-image-190649 size-medium\" src=\"https:\/\/aldeco.pt\/staging\/wp-content\/uploads\/2024\/03\/T190270001-300x200.jpg\" alt=\"Braille Velvet - Aldeco\" width=\"300\" height=\"200\" \/><\/p>\n<p><a href=\"https:\/\/aldeco.pt\/staging\/product\/braille-velvet\/?attribute_pa_aldeco-color=01-ivory\">https:\/\/aldeco.pt\/staging\/product\/braille-velvet\/?attribute_pa_aldeco-color=01-ivory<\/a><\/p>\n<p><a href=\"https:\/\/www.instagram.com\/aldeco_interiorfabrics\/\">https:\/\/www.instagram.com\/aldeco_interiorfabrics\/<\/a><\/p>\n","protected":false},"featured_media":158319,"template":"","meta":[],"product_brand":[],"product_cat":[6145],"product_tag":[],"class_list":{"0":"post-161728","1":"product","2":"type-product","3":"status-publish","4":"has-post-thumbnail","6":"product_cat-aldeco-2-pt-pt-2","7":"pa_cleanability-8282","8":"pa_composition-ext-composicao-geral-100-pl","9":"pa_interior-fabrics-1-pt-pt","10":"pa_line-tecidos","11":"pa_lithfastness-4-6-pt-pt","12":"pa_outdoor-0-pt-pt","13":"pa_range-jacquard-pt-pt","14":"pa_range-veludo","15":"pa_rapport-vertical-11009","18":"first","19":"instock","20":"purchasable","21":"product-type-variable"},"acf":[],"_links":{"self":[{"href":"https:\/\/staging.aldeco.pt\/pt-pt\/wp-json\/wp\/v2\/product\/161728","targetHints":{"allow":["GET"]}}],"collection":[{"href":"https:\/\/staging.aldeco.pt\/pt-pt\/wp-json\/wp\/v2\/product"}],"about":[{"href":"https:\/\/staging.aldeco.pt\/pt-pt\/wp-json\/wp\/v2\/types\/product"}],"version-history":[{"count":2,"href":"https:\/\/staging.aldeco.pt\/pt-pt\/wp-json\/wp\/v2\/product\/161728\/revisions"}],"predecessor-version":[{"id":200935,"href":"https:\/\/staging.aldeco.pt\/pt-pt\/wp-json\/wp\/v2\/product\/161728\/revisions\/200935"}],"wp:featuredmedia":[{"embeddable":true,"href":"https:\/\/staging.aldeco.pt\/pt-pt\/wp-json\/wp\/v2\/media\/158319"}],"wp:attachment":[{"href":"https:\/\/staging.aldeco.pt\/pt-pt\/wp-json\/wp\/v2\/media?parent=161728"}],"wp:term":[{"taxonomy":"product_brand","embeddable":true,"href":"https:\/\/staging.aldeco.pt\/pt-pt\/wp-json\/wp\/v2\/product_brand?post=161728"},{"taxonomy":"product_cat","embeddable":true,"href":"https:\/\/staging.aldeco.pt\/pt-pt\/wp-json\/wp\/v2\/product_cat?post=161728"},{"taxonomy":"product_tag","embeddable":true,"href":"https:\/\/staging.aldeco.pt\/pt-pt\/wp-json\/wp\/v2\/product_tag?post=161728"}],"curies":[{"name":"wp","href":"https:\/\/api.w.org\/{rel}","templated":true}]}}