{"id":161726,"date":"2024-05-09T19:34:31","date_gmt":"2024-05-09T19:34:31","guid":{"rendered":"https:\/\/aldeco.pt\/staging\/product\/box-fr-2\/"},"modified":"2024-09-27T15:47:42","modified_gmt":"2024-09-27T15:47:42","slug":"box-fr-2","status":"publish","type":"product","link":"https:\/\/staging.aldeco.pt\/pt-pt\/product\/box-fr-2\/","title":{"rendered":"BOX FR"},"content":{"rendered":"<p>Box FR \u00e9 um veludo com pelo curto, textura natural em 17 cores. Os resultados obtidos ao Martindale s\u00e3o superiores a 45.000. 140 cm de largura Muito confort\u00e1vel ao toque!<\/p>\n","protected":false},"excerpt":{"rendered":"<p>Box FR \u00e9 um veludo com pelo curto, textura natural em 17 cores. Os resultados obtidos ao Martindale s\u00e3o superiores a 45.000. 140 cm de largura Muito confort\u00e1vel ao toque!<\/p>\n<h2>Box FR \u00e9 um veludo com pelo curto, textura natural em 17 cores. Os resultados obtidos ao Martindale s\u00e3o superiores a 45.000. 140 cm de largura Muito confort\u00e1vel ao toque!<\/h2>\n<p><img fetchpriority=\"high\" decoding=\"async\" class=\"alignnone wp-image-82049 size-medium\" src=\"https:\/\/aldeco.pt\/staging\/wp-content\/uploads\/2024\/01\/T019520009-2-300x200.jpg\" alt=\"Box FR - Aldeco\" width=\"300\" height=\"200\" \/><\/p>\n<p><a href=\"https:\/\/www.instagram.com\/aldeco_interiorfabrics\/\">https:\/\/www.instagram.com\/aldeco_interiorfabrics\/<\/a><\/p>\n<p><a href=\"https:\/\/aldeco.pt\/staging\/product\/box-fr\/?attribute_pa_aldeco-color=01-cloud-cream\">https:\/\/aldeco.pt\/staging\/product\/box-fr\/?attribute_pa_aldeco-color=01-cloud-cream<\/a><\/p>\n","protected":false},"featured_media":168849,"template":"","meta":[],"product_brand":[],"product_cat":[6145],"product_tag":[],"class_list":{"0":"post-161726","1":"product","2":"type-product","3":"status-publish","4":"has-post-thumbnail","6":"product_cat-aldeco-2-pt-pt-2","7":"pa_cleanability-8282","8":"pa_composition-ext-100-pes-fr-pt-pt","9":"pa_contract-fabrics-1-pt-pt","10":"pa_interior-fabrics-1-pt-pt","11":"pa_line-tecidos","12":"pa_lithfastness-4-5-pt-pt","13":"pa_outdoor-0-pt-pt","14":"pa_range-veludo","15":"pa_rapport-vertical-11009","16":"pa_special-treatments-fabrics-1-pt-pt","19":"first","20":"instock","21":"purchasable","22":"product-type-variable"},"acf":[],"_links":{"self":[{"href":"https:\/\/staging.aldeco.pt\/pt-pt\/wp-json\/wp\/v2\/product\/161726","targetHints":{"allow":["GET"]}}],"collection":[{"href":"https:\/\/staging.aldeco.pt\/pt-pt\/wp-json\/wp\/v2\/product"}],"about":[{"href":"https:\/\/staging.aldeco.pt\/pt-pt\/wp-json\/wp\/v2\/types\/product"}],"version-history":[{"count":2,"href":"https:\/\/staging.aldeco.pt\/pt-pt\/wp-json\/wp\/v2\/product\/161726\/revisions"}],"predecessor-version":[{"id":200870,"href":"https:\/\/staging.aldeco.pt\/pt-pt\/wp-json\/wp\/v2\/product\/161726\/revisions\/200870"}],"wp:featuredmedia":[{"embeddable":true,"href":"https:\/\/staging.aldeco.pt\/pt-pt\/wp-json\/wp\/v2\/media\/168849"}],"wp:attachment":[{"href":"https:\/\/staging.aldeco.pt\/pt-pt\/wp-json\/wp\/v2\/media?parent=161726"}],"wp:term":[{"taxonomy":"product_brand","embeddable":true,"href":"https:\/\/staging.aldeco.pt\/pt-pt\/wp-json\/wp\/v2\/product_brand?post=161726"},{"taxonomy":"product_cat","embeddable":true,"href":"https:\/\/staging.aldeco.pt\/pt-pt\/wp-json\/wp\/v2\/product_cat?post=161726"},{"taxonomy":"product_tag","embeddable":true,"href":"https:\/\/staging.aldeco.pt\/pt-pt\/wp-json\/wp\/v2\/product_tag?post=161726"}],"curies":[{"name":"wp","href":"https:\/\/api.w.org\/{rel}","templated":true}]}}