{"id":161724,"date":"2024-05-09T19:34:14","date_gmt":"2024-05-09T19:34:14","guid":{"rendered":"https:\/\/aldeco.pt\/staging\/product\/boutique-bow-2\/"},"modified":"2024-08-06T11:35:52","modified_gmt":"2024-08-06T11:35:52","slug":"boutique-bow-2","status":"publish","type":"product","link":"https:\/\/staging.aldeco.pt\/pt-pt\/product\/boutique-bow-2\/","title":{"rendered":"BOUTIQUE BOW"},"content":{"rendered":"<p>Este incr\u00edvel tecido bordado com la\u00e7os feito 100% de algod\u00e3o numa base feita 100% de linho. Este tecido amoroso est\u00e1 dispon\u00edvel em 2 cores: rosa e azul.<\/p>\n","protected":false},"excerpt":{"rendered":"<p>Este incr\u00edvel tecido bordado com la\u00e7os feito 100% de algod\u00e3o numa base feita 100% de linho. Este tecido amoroso est\u00e1 desponiv\u00e9l em 2 cores: rosa e azul<\/p>\n<h2>Boutique Bow, incr\u00edvel tecido bordado com la\u00e7os feito 100% de algod\u00e3o numa base feita 100% de linho. Este tecido amoroso est\u00e1 dispon\u00edvel em 2 cores: rosa e azul.<\/h2>\n<p><img fetchpriority=\"high\" decoding=\"async\" class=\"alignnone wp-image-190603 size-medium\" src=\"https:\/\/aldeco.pt\/staging\/wp-content\/uploads\/2024\/05\/T019160001-300x240.jpg\" alt=\"Boutique Bow - Aldeco\" width=\"300\" height=\"240\"><\/p>\n<p><a href=\"https:\/\/aldeco.pt\/staging\/product\/boutique-bow\/?attribute_pa_aldeco-color=01-mint\">https:\/\/aldeco.pt\/staging\/product\/boutique-bow\/?attribute_pa_aldeco-color=01-mint<\/a><\/p>\n<p><a href=\"https:\/\/www.instagram.com\/aldeco_interiorfabrics\/\">https:\/\/www.instagram.com\/aldeco_interiorfabrics\/<\/a><\/p>\n","protected":false},"featured_media":158313,"template":"","meta":[],"product_brand":[],"product_cat":[6145],"product_tag":[],"class_list":{"0":"post-161724","1":"product","2":"type-product","3":"status-publish","4":"has-post-thumbnail","6":"product_cat-aldeco-2-pt-pt-2","7":"pa_cleanability-8282","8":"pa_composition-ext-base-100-li-bordado-100-co","9":"pa_interior-fabrics-1-pt-pt","10":"pa_line-tecidos","11":"pa_lithfastness-9680","12":"pa_outdoor-0-pt-pt","13":"pa_range-bordado","14":"pa_rapport-horizontal-34-5-pt-pt","15":"pa_rapport-vertical-23-5-pt-pt","18":"first","19":"instock","20":"purchasable","21":"product-type-variable"},"acf":[],"_links":{"self":[{"href":"https:\/\/staging.aldeco.pt\/pt-pt\/wp-json\/wp\/v2\/product\/161724","targetHints":{"allow":["GET"]}}],"collection":[{"href":"https:\/\/staging.aldeco.pt\/pt-pt\/wp-json\/wp\/v2\/product"}],"about":[{"href":"https:\/\/staging.aldeco.pt\/pt-pt\/wp-json\/wp\/v2\/types\/product"}],"version-history":[{"count":1,"href":"https:\/\/staging.aldeco.pt\/pt-pt\/wp-json\/wp\/v2\/product\/161724\/revisions"}],"predecessor-version":[{"id":192183,"href":"https:\/\/staging.aldeco.pt\/pt-pt\/wp-json\/wp\/v2\/product\/161724\/revisions\/192183"}],"wp:featuredmedia":[{"embeddable":true,"href":"https:\/\/staging.aldeco.pt\/pt-pt\/wp-json\/wp\/v2\/media\/158313"}],"wp:attachment":[{"href":"https:\/\/staging.aldeco.pt\/pt-pt\/wp-json\/wp\/v2\/media?parent=161724"}],"wp:term":[{"taxonomy":"product_brand","embeddable":true,"href":"https:\/\/staging.aldeco.pt\/pt-pt\/wp-json\/wp\/v2\/product_brand?post=161724"},{"taxonomy":"product_cat","embeddable":true,"href":"https:\/\/staging.aldeco.pt\/pt-pt\/wp-json\/wp\/v2\/product_cat?post=161724"},{"taxonomy":"product_tag","embeddable":true,"href":"https:\/\/staging.aldeco.pt\/pt-pt\/wp-json\/wp\/v2\/product_tag?post=161724"}],"curies":[{"name":"wp","href":"https:\/\/api.w.org\/{rel}","templated":true}]}}