{"id":161722,"date":"2024-05-09T19:33:53","date_gmt":"2024-05-09T19:33:53","guid":{"rendered":"https:\/\/aldeco.pt\/staging\/product\/bouclarge-2\/"},"modified":"2024-08-07T12:07:36","modified_gmt":"2024-08-07T12:07:36","slug":"bouclarge-2","status":"publish","type":"product","link":"https:\/\/staging.aldeco.pt\/pt-pt\/product\/bouclarge-2\/","title":{"rendered":"BOUCLARGE"},"content":{"rendered":"<p>BOUCLARGE \u00e9 um boucl\u00e9 de malha de largura dupla. \u00c9 adequado para estofo, colchas, almofadas e cortinas devido \u00e0 sua largura extra de 320 cm \u00c9 um tecido novo e sofisticado onde a suavidade, o luxo e o car\u00e1cter est\u00e3o presentes em tons tranquilos e elegantes. Pode ser tratado para resist\u00eancia ao fogo se os projetos assim o exigirem. Bouclarge tem absor\u00e7\u00e3o sonora de 70%.<\/p>\n","protected":false},"excerpt":{"rendered":"<p>BOUCLARGE \u00e9 um boucl\u00e9 de malha de largura dupla. \u00c9 adequado para estofo, colchas, almofadas e cortinas devido \u00e0 sua largura extra de 320 cm \u00c9 um tecido novo e sofisticado onde a suavidade, o luxo e o car\u00e1cter est\u00e3o presentes em tons tranquilos e elegantes. Pode ser tratado para resist\u00eancia ao fogo se os projetos assim o exigirem. Bouclarge tem absor\u00e7\u00e3o sonora de 70%. <\/p>\n<h2>BOUCLARGE \u00e9 um boucl\u00e9 de malha de largura dupla. \u00c9 adequado para estofo, colchas, almofadas e cortinas devido \u00e0 sua largura extra de 320 cm \u00c9 um tecido novo e sofisticado onde a suavidade, o luxo e o car\u00e1cter est\u00e3o presentes em tons tranquilos e elegantes. Pode ser tratado para resist\u00eancia ao fogo se os projetos assim o exigirem. Bouclarge tem absor\u00e7\u00e3o sonora de 70%.<\/h2>\n<p><img fetchpriority=\"high\" decoding=\"async\" class=\"alignnone wp-image-190565 size-medium\" src=\"https:\/\/aldeco.pt\/staging\/wp-content\/uploads\/2024\/01\/T192620001-5-300x200.jpg\" alt=\"Bouclarge - Aldeco\" width=\"300\" height=\"200\"><\/p>\n<p><a href=\"https:\/\/aldeco.pt\/staging\/product\/bouclarge\/?attribute_pa_aldeco-color=01-natural-white\">https:\/\/aldeco.pt\/staging\/product\/bouclarge\/?attribute_pa_aldeco-color=01-natural-white<\/a><a href=\"https:\/\/www.instagram.com\/aldeco_interiorfabrics\/\">https:\/\/www.instagram.com\/aldeco_interiorfabrics\/<\/a><\/p>\n<p>&nbsp;<\/p>\n","protected":false},"featured_media":158311,"template":"","meta":[],"product_brand":[],"product_cat":[6145],"product_tag":[],"class_list":{"0":"post-161722","1":"product","2":"type-product","3":"status-publish","4":"has-post-thumbnail","6":"product_cat-aldeco-2-pt-pt-2","7":"pa_cleanability-8282","8":"pa_composition-ext-100-pl-pt-pt","9":"pa_interior-fabrics-1-pt-pt","10":"pa_line-tecidos","11":"pa_lithfastness-5-pt-pt","12":"pa_outdoor-0-pt-pt","13":"pa_range-boucle-pt-pt","14":"pa_rapport-vertical-11009","17":"first","18":"instock","19":"purchasable","20":"product-type-variable"},"acf":[],"_links":{"self":[{"href":"https:\/\/staging.aldeco.pt\/pt-pt\/wp-json\/wp\/v2\/product\/161722","targetHints":{"allow":["GET"]}}],"collection":[{"href":"https:\/\/staging.aldeco.pt\/pt-pt\/wp-json\/wp\/v2\/product"}],"about":[{"href":"https:\/\/staging.aldeco.pt\/pt-pt\/wp-json\/wp\/v2\/types\/product"}],"version-history":[{"count":2,"href":"https:\/\/staging.aldeco.pt\/pt-pt\/wp-json\/wp\/v2\/product\/161722\/revisions"}],"predecessor-version":[{"id":198539,"href":"https:\/\/staging.aldeco.pt\/pt-pt\/wp-json\/wp\/v2\/product\/161722\/revisions\/198539"}],"wp:featuredmedia":[{"embeddable":true,"href":"https:\/\/staging.aldeco.pt\/pt-pt\/wp-json\/wp\/v2\/media\/158311"}],"wp:attachment":[{"href":"https:\/\/staging.aldeco.pt\/pt-pt\/wp-json\/wp\/v2\/media?parent=161722"}],"wp:term":[{"taxonomy":"product_brand","embeddable":true,"href":"https:\/\/staging.aldeco.pt\/pt-pt\/wp-json\/wp\/v2\/product_brand?post=161722"},{"taxonomy":"product_cat","embeddable":true,"href":"https:\/\/staging.aldeco.pt\/pt-pt\/wp-json\/wp\/v2\/product_cat?post=161722"},{"taxonomy":"product_tag","embeddable":true,"href":"https:\/\/staging.aldeco.pt\/pt-pt\/wp-json\/wp\/v2\/product_tag?post=161722"}],"curies":[{"name":"wp","href":"https:\/\/api.w.org\/{rel}","templated":true}]}}