{"id":161718,"date":"2024-05-09T19:33:33","date_gmt":"2024-05-09T19:33:33","guid":{"rendered":"https:\/\/aldeco.pt\/staging\/product\/boss-2\/"},"modified":"2024-08-06T11:35:54","modified_gmt":"2024-08-06T11:35:54","slug":"boss-2","status":"publish","type":"product","link":"https:\/\/staging.aldeco.pt\/pt-pt\/product\/boss-2\/","title":{"rendered":"BOSS"},"content":{"rendered":"<p>Transpar\u00eancia texturada numa constru\u00e7\u00e3o de malha, lembrando r\u00e1fia. Com 305\/315 cm de largura e apresentado em 4 tons muito naturais.<\/p>\n","protected":false},"excerpt":{"rendered":"<p>Transpar\u00eancia texturada numa constru\u00e7\u00e3o de malha, lembrando r\u00e1fia. Com 305\/315 cm de largura e apresentado em 4 tons muito naturais.<\/p>\n<h2>BOSS, transpar\u00eancia texturada numa constru\u00e7\u00e3o de malha, lembrando r\u00e1fia. Com 305\/315 cm de largura e apresentado em 4 tons muito naturais.<\/h2>\n<p><img fetchpriority=\"high\" decoding=\"async\" class=\"alignnone wp-image-190536 size-medium\" src=\"https:\/\/aldeco.pt\/staging\/wp-content\/uploads\/2024\/03\/T019600001-300x240.jpg\" alt=\"Boss - Aldeco\" width=\"300\" height=\"240\"><\/p>\n<p><a href=\"https:\/\/aldeco.pt\/staging\/product\/boss\/?attribute_pa_aldeco-color=01-bright-white\">https:\/\/aldeco.pt\/staging\/product\/boss\/?attribute_pa_aldeco-color=01-bright-white<\/a><\/p>\n<p><a href=\"https:\/\/www.instagram.com\/aldeco_interiorfabrics\/\">https:\/\/www.instagram.com\/aldeco_interiorfabrics\/<\/a><\/p>\n","protected":false},"featured_media":154925,"template":"","meta":[],"product_brand":[],"product_cat":[6145],"product_tag":[],"class_list":{"0":"post-161718","1":"product","2":"type-product","3":"status-publish","4":"has-post-thumbnail","6":"product_cat-aldeco-2-pt-pt-2","7":"pa_cleanability-8282","8":"pa_composition-ext-88-49-pes-10-52-li-0-99-co-pt-pt","9":"pa_interior-fabrics-1-pt-pt","10":"pa_line-tecidos","11":"pa_lithfastness-9680","12":"pa_outdoor-0-pt-pt","13":"pa_range-jacquard-pt-pt","14":"pa_range-transparente","15":"pa_rapport-vertical-11009","18":"first","19":"instock","20":"purchasable","21":"product-type-variable"},"acf":[],"_links":{"self":[{"href":"https:\/\/staging.aldeco.pt\/pt-pt\/wp-json\/wp\/v2\/product\/161718","targetHints":{"allow":["GET"]}}],"collection":[{"href":"https:\/\/staging.aldeco.pt\/pt-pt\/wp-json\/wp\/v2\/product"}],"about":[{"href":"https:\/\/staging.aldeco.pt\/pt-pt\/wp-json\/wp\/v2\/types\/product"}],"version-history":[{"count":1,"href":"https:\/\/staging.aldeco.pt\/pt-pt\/wp-json\/wp\/v2\/product\/161718\/revisions"}],"predecessor-version":[{"id":192171,"href":"https:\/\/staging.aldeco.pt\/pt-pt\/wp-json\/wp\/v2\/product\/161718\/revisions\/192171"}],"wp:featuredmedia":[{"embeddable":true,"href":"https:\/\/staging.aldeco.pt\/pt-pt\/wp-json\/wp\/v2\/media\/154925"}],"wp:attachment":[{"href":"https:\/\/staging.aldeco.pt\/pt-pt\/wp-json\/wp\/v2\/media?parent=161718"}],"wp:term":[{"taxonomy":"product_brand","embeddable":true,"href":"https:\/\/staging.aldeco.pt\/pt-pt\/wp-json\/wp\/v2\/product_brand?post=161718"},{"taxonomy":"product_cat","embeddable":true,"href":"https:\/\/staging.aldeco.pt\/pt-pt\/wp-json\/wp\/v2\/product_cat?post=161718"},{"taxonomy":"product_tag","embeddable":true,"href":"https:\/\/staging.aldeco.pt\/pt-pt\/wp-json\/wp\/v2\/product_tag?post=161718"}],"curies":[{"name":"wp","href":"https:\/\/api.w.org\/{rel}","templated":true}]}}