{"id":161714,"date":"2024-05-08T21:15:17","date_gmt":"2024-05-08T21:15:17","guid":{"rendered":"https:\/\/aldeco.pt\/staging\/product\/bonn-2\/"},"modified":"2024-09-20T14:29:21","modified_gmt":"2024-09-20T14:29:21","slug":"bonn-2","status":"publish","type":"product","link":"https:\/\/staging.aldeco.pt\/pt-pt\/product\/bonn-2\/","title":{"rendered":"BONN"},"content":{"rendered":"<p>Tecido de cetim com largura dupla e certifica\u00e7\u00e3o de permeabilidade ao ar e na capacidade de reten\u00e7\u00e3o de part\u00edculas para m\u00e1scaras de protec\u00e7\u00e3o de n\u00edvel 3 (uso geral\/sociais).<\/p>\n","protected":false},"excerpt":{"rendered":"<p>Tecido de cetim com largura dupla e certifica\u00e7\u00e3o de permeabilidade ao ar e na capacidade de reten\u00e7\u00e3o de part\u00edculas para m\u00e1scaras de protec\u00e7\u00e3o de n\u00edvel 3 (uso geral\/sociais).<\/p>\n<h2>BONN, tecido de cetim com largura dupla e certifica\u00e7\u00e3o de permeabilidade ao ar e na capacidade de reten\u00e7\u00e3o de part\u00edculas para m\u00e1scaras de protec\u00e7\u00e3o de n\u00edvel 3 (uso geral\/sociais).<\/h2>\n<p>&nbsp;<\/p>\n<p><img fetchpriority=\"high\" decoding=\"async\" class=\"alignnone wp-image-158289 size-medium\" src=\"https:\/\/aldeco.pt\/staging\/wp-content\/uploads\/2024\/05\/T014644071-300x200.jpg\" alt=\"Bonn - Aldeco\" width=\"300\" height=\"200\" \/><\/p>\n<p><a href=\"https:\/\/aldeco.pt\/staging\/product\/bonn\/?attribute_pa_aldeco-color=010-white\">https:\/\/aldeco.pt\/staging\/product\/bonn\/?attribute_pa_aldeco-color=010-white<\/a><a href=\"https:\/\/www.instagram.com\/aldeco_interiorfabrics\/\">https:\/\/www.instagram.com\/aldeco_interiorfabrics\/<\/a><\/p>\n","protected":false},"featured_media":177693,"template":"","meta":[],"product_brand":[],"product_cat":[6145],"product_tag":[],"class_list":{"0":"post-161714","1":"product","2":"type-product","3":"status-publish","4":"has-post-thumbnail","6":"product_cat-aldeco-2-pt-pt-2","7":"pa_cleanability-8282","8":"pa_composition-ext-65-co-35-pl-pt-pt","9":"pa_interior-fabrics-1-pt-pt","10":"pa_line-tecidos","11":"pa_lithfastness-4-5-pt-pt","12":"pa_outdoor-0-pt-pt","13":"pa_range-cetim","14":"pa_rapport-vertical-11009","17":"first","18":"instock","19":"purchasable","20":"product-type-variable"},"acf":[],"_links":{"self":[{"href":"https:\/\/staging.aldeco.pt\/pt-pt\/wp-json\/wp\/v2\/product\/161714","targetHints":{"allow":["GET"]}}],"collection":[{"href":"https:\/\/staging.aldeco.pt\/pt-pt\/wp-json\/wp\/v2\/product"}],"about":[{"href":"https:\/\/staging.aldeco.pt\/pt-pt\/wp-json\/wp\/v2\/types\/product"}],"version-history":[{"count":3,"href":"https:\/\/staging.aldeco.pt\/pt-pt\/wp-json\/wp\/v2\/product\/161714\/revisions"}],"predecessor-version":[{"id":200722,"href":"https:\/\/staging.aldeco.pt\/pt-pt\/wp-json\/wp\/v2\/product\/161714\/revisions\/200722"}],"wp:featuredmedia":[{"embeddable":true,"href":"https:\/\/staging.aldeco.pt\/pt-pt\/wp-json\/wp\/v2\/media\/177693"}],"wp:attachment":[{"href":"https:\/\/staging.aldeco.pt\/pt-pt\/wp-json\/wp\/v2\/media?parent=161714"}],"wp:term":[{"taxonomy":"product_brand","embeddable":true,"href":"https:\/\/staging.aldeco.pt\/pt-pt\/wp-json\/wp\/v2\/product_brand?post=161714"},{"taxonomy":"product_cat","embeddable":true,"href":"https:\/\/staging.aldeco.pt\/pt-pt\/wp-json\/wp\/v2\/product_cat?post=161714"},{"taxonomy":"product_tag","embeddable":true,"href":"https:\/\/staging.aldeco.pt\/pt-pt\/wp-json\/wp\/v2\/product_tag?post=161714"}],"curies":[{"name":"wp","href":"https:\/\/api.w.org\/{rel}","templated":true}]}}