{"id":161708,"date":"2024-05-09T19:31:18","date_gmt":"2024-05-09T19:31:18","guid":{"rendered":"https:\/\/aldeco.pt\/staging\/product\/body-easy-clean-fr-2\/"},"modified":"2024-08-06T11:35:56","modified_gmt":"2024-08-06T11:35:56","slug":"body-easy-clean-fr-2","status":"publish","type":"product","link":"https:\/\/staging.aldeco.pt\/pt-pt\/product\/body-easy-clean-fr-2\/","title":{"rendered":"BODY EASY CLEAN FR"},"content":{"rendered":"<p>O tecido \u00e9 &#8220;EASY CLEAN&#8221; e permite remover manchas facilmente com apenas um pano limpo e uma solu\u00e7\u00e3o de \u00e1gua e sab\u00e3o neutro. Gra\u00e7as \u00e0 sua qualidade incompar\u00e1vel, BODY combina um toque agrad\u00e1vel com as caracter\u00edsticas de performance t\u00e9cnico. O tecido de estofo apresenta uma pequena trama de panam\u00e1 que lembra uma natural, estrutura de tecido duplo que confere estabilidade ao tecido, al\u00e9m da f\u00e1cil manuten\u00e7\u00e3o. Este tecido possui tamb\u00e9m 30% de fibras recicladas, tanto de res\u00edduos de produ\u00e7\u00e3o como de garrafas PET. \u00c9 um tecido certificado pela norma REACH e OEKO-TEX Standard 100, n\u00e3o possui subst\u00e2ncias nocivas para o meio ambiente e est\u00e1 dispon\u00edvel em 17 cores.<\/p>\n","protected":false},"excerpt":{"rendered":"<p>O tecido \u00e9 &#8220;EASY CLEAN&#8221; e permite remover manchas facilmente com apenas um pano limpo e uma solu\u00e7\u00e3o de \u00e1gua e sab\u00e3o neutro. Gra\u00e7as \u00e0 sua qualidade incompar\u00e1vel, BODY combina um toque agrad\u00e1vel com as caracter\u00edsticas de performance t\u00e9cnico. O tecido de estofo apresenta uma pequena trama de panam\u00e1 que lembra uma natural, estrutura de tecido duplo que confere estabilidade ao tecido, al\u00e9m da f\u00e1cil manuten\u00e7\u00e3o. Este tecido possui tamb\u00e9m 30% de fibras recicladas, tanto de res\u00edduos de produ\u00e7\u00e3o como de garrafas PET. \u00c9 um tecido certificado pela norma REACH e OEKO-TEX Standard 100, n\u00e3o possui subst\u00e2ncias nocivas para o meio ambiente e est\u00e1 dispon\u00edvel em 17 cores.<\/p>\n<h2>BODY EASY CLEAN FR combina um toque agrad\u00e1vel com as caracter\u00edsticas de performance t\u00e9cnico. O tecido de estofo apresenta uma pequena trama de panam\u00e1 que lembra uma natural, estrutura de tecido duplo que confere estabilidade ao tecido, al\u00e9m da f\u00e1cil manuten\u00e7\u00e3o. Este tecido possui tamb\u00e9m 30% de fibras recicladas, tanto de res\u00edduos de produ\u00e7\u00e3o como de garrafas PET. \u00c9 um tecido certificado pela norma REACH e OEKO-TEX Standard 100, n\u00e3o possui subst\u00e2ncias nocivas para o meio ambiente e est\u00e1 dispon\u00edvel em 17 cores.<\/h2>\n<p><img fetchpriority=\"high\" decoding=\"async\" class=\"alignnone wp-image-161101 size-medium\" src=\"https:\/\/aldeco.pt\/staging\/wp-content\/uploads\/2024\/05\/T016200040-300x200.jpg\" alt=\"Body Easy Clean FR - Aldeco\" width=\"300\" height=\"200\"><\/p>\n<p><a href=\"https:\/\/aldeco.pt\/staging\/product\/body-easy-clean-fr\/?attribute_pa_aldeco-color=1\">https:\/\/aldeco.pt\/staging\/product\/body-easy-clean-fr\/?attribute_pa_aldeco-color=1<\/a><\/p>\n<p><a href=\"https:\/\/www.instagram.com\/aldeco_interiorfabrics\/\">https:\/\/www.instagram.com\/aldeco_interiorfabrics\/<\/a><\/p>\n","protected":false},"featured_media":166499,"template":"","meta":[],"product_brand":[],"product_cat":[6145],"product_tag":[],"class_list":{"0":"post-161708","1":"product","2":"type-product","3":"status-publish","4":"has-post-thumbnail","6":"product_cat-aldeco-2-pt-pt-2","7":"pa_cleanability-8282","8":"pa_composition-ext-48-pp-18-pl-15-pl-rec-10-co-rec-9-co-pt-pt","9":"pa_contract-fabrics-1-pt-pt","10":"pa_interior-fabrics-1-pt-pt","11":"pa_line-tecidos","12":"pa_lithfastness-6-pt-pt","13":"pa_outdoor-0-pt-pt","14":"pa_range-liso","15":"pa_range-panama-pt-pt","16":"pa_rapport-vertical-11009","17":"pa_special-treatments-fabrics-1-pt-pt","20":"first","21":"instock","22":"purchasable","23":"product-type-variable"},"acf":[],"_links":{"self":[{"href":"https:\/\/staging.aldeco.pt\/pt-pt\/wp-json\/wp\/v2\/product\/161708","targetHints":{"allow":["GET"]}}],"collection":[{"href":"https:\/\/staging.aldeco.pt\/pt-pt\/wp-json\/wp\/v2\/product"}],"about":[{"href":"https:\/\/staging.aldeco.pt\/pt-pt\/wp-json\/wp\/v2\/types\/product"}],"version-history":[{"count":1,"href":"https:\/\/staging.aldeco.pt\/pt-pt\/wp-json\/wp\/v2\/product\/161708\/revisions"}],"predecessor-version":[{"id":192155,"href":"https:\/\/staging.aldeco.pt\/pt-pt\/wp-json\/wp\/v2\/product\/161708\/revisions\/192155"}],"wp:featuredmedia":[{"embeddable":true,"href":"https:\/\/staging.aldeco.pt\/pt-pt\/wp-json\/wp\/v2\/media\/166499"}],"wp:attachment":[{"href":"https:\/\/staging.aldeco.pt\/pt-pt\/wp-json\/wp\/v2\/media?parent=161708"}],"wp:term":[{"taxonomy":"product_brand","embeddable":true,"href":"https:\/\/staging.aldeco.pt\/pt-pt\/wp-json\/wp\/v2\/product_brand?post=161708"},{"taxonomy":"product_cat","embeddable":true,"href":"https:\/\/staging.aldeco.pt\/pt-pt\/wp-json\/wp\/v2\/product_cat?post=161708"},{"taxonomy":"product_tag","embeddable":true,"href":"https:\/\/staging.aldeco.pt\/pt-pt\/wp-json\/wp\/v2\/product_tag?post=161708"}],"curies":[{"name":"wp","href":"https:\/\/api.w.org\/{rel}","templated":true}]}}