{"id":161704,"date":"2024-05-09T19:30:59","date_gmt":"2024-05-09T19:30:59","guid":{"rendered":"https:\/\/aldeco.pt\/staging\/product\/blooming-2\/"},"modified":"2024-08-06T11:35:57","modified_gmt":"2024-08-06T11:35:57","slug":"blooming-2","status":"publish","type":"product","link":"https:\/\/staging.aldeco.pt\/pt-pt\/product\/blooming-2\/","title":{"rendered":"BLOOMING"},"content":{"rendered":"<p>Blooming \u00e9 um fant\u00e1stico cetim de algod\u00e3o mercerizado de elevada qualidade e adequado a estofo. Os fant\u00e1sticos desenhos tropicais com os alegres tucanos, est\u00e3o dispon\u00edveis em 4 cores v\u00edvidas e profundas.<\/p>\n","protected":false},"excerpt":{"rendered":"<p>Blooming \u00e9 um fant\u00e1stico cetim de algod\u00e3o mercerizado de elevada qualidade e adequado a estofo. Os fant\u00e1sticos desenhos tropicais com os alegres tucanos, est\u00e3o dispon\u00edveis em 4 cores v\u00edvidas e profundas.<\/p>\n<h2>Blooming \u00e9 um fant\u00e1stico cetim de algod\u00e3o mercerizado de elevada qualidade e adequado a estofo. Os fant\u00e1sticos desenhos tropicais com os alegres tucanos, est\u00e3o dispon\u00edveis em 4 cores v\u00edvidas e profundas.<\/h2>\n<p><img fetchpriority=\"high\" decoding=\"async\" class=\"alignnone wp-image-190338 size-medium\" src=\"https:\/\/aldeco.pt\/staging\/wp-content\/uploads\/2024\/01\/T190530001-3-200x300.jpg\" alt=\"Blooming - Aldeco\" width=\"200\" height=\"300\"><\/p>\n<p><a href=\"https:\/\/aldeco.pt\/staging\/product\/blooming\/?attribute_pa_aldeco-color=01-tropical-bloom\">https:\/\/aldeco.pt\/staging\/product\/blooming\/?attribute_pa_aldeco-color=01-tropical-bloom<\/a><\/p>\n<p><a href=\"https:\/\/www.instagram.com\/aldeco_interiorfabrics\/\">https:\/\/www.instagram.com\/aldeco_interiorfabrics\/<\/a><\/p>\n","protected":false},"featured_media":158246,"template":"","meta":[],"product_brand":[],"product_cat":[6145],"product_tag":[],"class_list":{"0":"post-161704","1":"product","2":"type-product","3":"status-publish","4":"has-post-thumbnail","6":"product_cat-aldeco-2-pt-pt-2","7":"pa_cleanability-8282","8":"pa_composition-ext-100-co-pt-pt","9":"pa_interior-fabrics-1-pt-pt","10":"pa_line-tecidos","11":"pa_lithfastness-3-4-pt-pt","12":"pa_outdoor-0-pt-pt","13":"pa_range-cetim","14":"pa_range-estampado","15":"pa_rapport-horizontal-92-pt-pt","16":"pa_rapport-vertical-70-pt-pt","19":"first","20":"instock","21":"purchasable","22":"product-type-variable"},"acf":[],"_links":{"self":[{"href":"https:\/\/staging.aldeco.pt\/pt-pt\/wp-json\/wp\/v2\/product\/161704","targetHints":{"allow":["GET"]}}],"collection":[{"href":"https:\/\/staging.aldeco.pt\/pt-pt\/wp-json\/wp\/v2\/product"}],"about":[{"href":"https:\/\/staging.aldeco.pt\/pt-pt\/wp-json\/wp\/v2\/types\/product"}],"version-history":[{"count":1,"href":"https:\/\/staging.aldeco.pt\/pt-pt\/wp-json\/wp\/v2\/product\/161704\/revisions"}],"predecessor-version":[{"id":192153,"href":"https:\/\/staging.aldeco.pt\/pt-pt\/wp-json\/wp\/v2\/product\/161704\/revisions\/192153"}],"wp:featuredmedia":[{"embeddable":true,"href":"https:\/\/staging.aldeco.pt\/pt-pt\/wp-json\/wp\/v2\/media\/158246"}],"wp:attachment":[{"href":"https:\/\/staging.aldeco.pt\/pt-pt\/wp-json\/wp\/v2\/media?parent=161704"}],"wp:term":[{"taxonomy":"product_brand","embeddable":true,"href":"https:\/\/staging.aldeco.pt\/pt-pt\/wp-json\/wp\/v2\/product_brand?post=161704"},{"taxonomy":"product_cat","embeddable":true,"href":"https:\/\/staging.aldeco.pt\/pt-pt\/wp-json\/wp\/v2\/product_cat?post=161704"},{"taxonomy":"product_tag","embeddable":true,"href":"https:\/\/staging.aldeco.pt\/pt-pt\/wp-json\/wp\/v2\/product_tag?post=161704"}],"curies":[{"name":"wp","href":"https:\/\/api.w.org\/{rel}","templated":true}]}}