{"id":161702,"date":"2024-05-09T19:30:31","date_gmt":"2024-05-09T19:30:31","guid":{"rendered":"https:\/\/aldeco.pt\/staging\/product\/block-fr-2\/"},"modified":"2024-09-27T16:05:37","modified_gmt":"2024-09-27T16:05:37","slug":"block-fr-2","status":"publish","type":"product","link":"https:\/\/staging.aldeco.pt\/pt-pt\/product\/block-fr-2\/","title":{"rendered":"BLOCK BLACKOUT FR"},"content":{"rendered":"<p>Block Blackout FR \u00e9 um tecido blackout retardante de fogo extramamente vers\u00e1til. Encontra-se dispon\u00edvel em 15 cores tornando-o um must have para os diferentes tipos de projectos.<\/p>\n","protected":false},"excerpt":{"rendered":"<p>Block Blackout FR \u00e9 um tecido blackout retardante de fogo extramamente vers\u00e1til. Encontra-se dispon\u00edvel em 15 cores tornando-o um must have para os diferentes tipos de projectos.<\/p>\n<h2>Block Blackout FR \u00e9 um tecido blackout retardante de fogo extramamente vers\u00e1til. Encontra-se dispon\u00edvel em 15 cores tornando-o um must have para os diferentes tipos de projectos.<\/h2>\n<p><img fetchpriority=\"high\" decoding=\"async\" class=\"alignnone wp-image-69683 size-medium\" src=\"https:\/\/aldeco.pt\/staging\/wp-content\/uploads\/2024\/01\/T019630009-1-300x200.jpg\" alt=\"Block Blackout FR- Aldeco\" width=\"300\" height=\"200\" \/><\/p>\n<p><a href=\"https:\/\/aldeco.pt\/staging\/product\/block-fr\/?attribute_pa_aldeco-color=01-bright-white\">https:\/\/aldeco.pt\/staging\/product\/block-fr\/?attribute_pa_aldeco-color=01-bright-white<\/a><a href=\"https:\/\/www.instagram.com\/aldeco_interiorfabrics\/\">https:\/\/www.instagram.com\/aldeco_interiorfabrics\/<\/a><\/p>\n","protected":false},"featured_media":154875,"template":"","meta":[],"product_brand":[],"product_cat":[6145],"product_tag":[],"class_list":{"0":"post-161702","1":"product","2":"type-product","3":"status-publish","4":"has-post-thumbnail","6":"product_cat-aldeco-2-pt-pt-2","7":"pa_cleanability-8282","8":"pa_composition-ext-100-pl-fr-pt-pt","9":"pa_contract-fabrics-1-pt-pt","10":"pa_interior-fabrics-1-pt-pt","11":"pa_line-tecidos","12":"pa_lithfastness-9680","13":"pa_outdoor-0-pt-pt","14":"pa_range-blackout-pt-pt","15":"pa_rapport-vertical-11009","16":"pa_special-treatments-fabrics-1-pt-pt","19":"first","20":"instock","21":"purchasable","22":"product-type-variable"},"acf":[],"_links":{"self":[{"href":"https:\/\/staging.aldeco.pt\/pt-pt\/wp-json\/wp\/v2\/product\/161702","targetHints":{"allow":["GET"]}}],"collection":[{"href":"https:\/\/staging.aldeco.pt\/pt-pt\/wp-json\/wp\/v2\/product"}],"about":[{"href":"https:\/\/staging.aldeco.pt\/pt-pt\/wp-json\/wp\/v2\/types\/product"}],"version-history":[{"count":3,"href":"https:\/\/staging.aldeco.pt\/pt-pt\/wp-json\/wp\/v2\/product\/161702\/revisions"}],"predecessor-version":[{"id":200879,"href":"https:\/\/staging.aldeco.pt\/pt-pt\/wp-json\/wp\/v2\/product\/161702\/revisions\/200879"}],"wp:featuredmedia":[{"embeddable":true,"href":"https:\/\/staging.aldeco.pt\/pt-pt\/wp-json\/wp\/v2\/media\/154875"}],"wp:attachment":[{"href":"https:\/\/staging.aldeco.pt\/pt-pt\/wp-json\/wp\/v2\/media?parent=161702"}],"wp:term":[{"taxonomy":"product_brand","embeddable":true,"href":"https:\/\/staging.aldeco.pt\/pt-pt\/wp-json\/wp\/v2\/product_brand?post=161702"},{"taxonomy":"product_cat","embeddable":true,"href":"https:\/\/staging.aldeco.pt\/pt-pt\/wp-json\/wp\/v2\/product_cat?post=161702"},{"taxonomy":"product_tag","embeddable":true,"href":"https:\/\/staging.aldeco.pt\/pt-pt\/wp-json\/wp\/v2\/product_tag?post=161702"}],"curies":[{"name":"wp","href":"https:\/\/api.w.org\/{rel}","templated":true}]}}