{"id":161700,"date":"2024-05-09T19:29:56","date_gmt":"2024-05-09T19:29:56","guid":{"rendered":"https:\/\/aldeco.pt\/staging\/product\/blisse-2\/"},"modified":"2024-09-19T16:48:01","modified_gmt":"2024-09-19T16:48:01","slug":"blisse-2","status":"publish","type":"product","link":"https:\/\/staging.aldeco.pt\/pt-pt\/product\/blisse-2\/","title":{"rendered":"BLISSE"},"content":{"rendered":"<p>A forma obtida atrav\u00e9s de um padr\u00e3o texturado de inspira\u00e7\u00e3o natural, evocando o entrela\u00e7amento de formas irregulares de fios de r\u00e1fia e terra h\u00famida borbulhando sob a terra, criado este magn\u00edfico tecido Blisse. Este tecido \u00e9 vers\u00e1til, pois a sua largura aliada \u00e0 sua resist\u00eancia, permite que seja utilizado nas v\u00e1rias vertentes do Design de Interiores.<br \/>\nDe salientar que este tecido \u00e9 lav\u00e1vel na m\u00e1quina em programa suave, o que o torna num favorito na escolha para o uso quotidiano.<\/p>\n","protected":false},"excerpt":{"rendered":"<p>A forma obtida atrav\u00e9s de um padr\u00e3o texturado de inspira\u00e7\u00e3o natural, evocando o entrela\u00e7amento de formas irregulares de fios de r\u00e1fia e terra h\u00famida borbulhando sob a terra, criado este magn\u00edfico tecido Blisse. Este tecido \u00e9 vers\u00e1til, pois a sua largura aliada \u00e0 sua resist\u00eancia, permite que seja utilizado nas v\u00e1rias vertentes do Design de Interiores.<br \/>\nDe salientar que este tecido \u00e9 lav\u00e1vel na m\u00e1quina em programa suave, o que o torna num favorito na escolha para o uso quotidiano.<\/p>\n<h2>Blisse, este tecido \u00e9 vers\u00e1til, pois a sua largura aliada \u00e0 sua resist\u00eancia, permite que seja utilizado nas v\u00e1rias vertentes do Design de Interiores.<\/h2>\n<p><img fetchpriority=\"high\" decoding=\"async\" class=\"alignnone wp-image-190313 size-medium\" src=\"https:\/\/aldeco.pt\/staging\/wp-content\/uploads\/2024\/03\/T019540001-300x240.jpg\" alt=\"Blisse - Aldeco\" width=\"300\" height=\"240\" \/><\/p>\n<p><a href=\"https:\/\/aldeco.pt\/staging\/product\/blisse\/?attribute_pa_aldeco-color=01-bright-white\">https:\/\/aldeco.pt\/staging\/product\/blisse\/?attribute_pa_aldeco-color=01-bright-white<\/a><\/p>\n<p><a href=\"https:\/\/www.instagram.com\/aldeco_interiorfabrics\/\">https:\/\/www.instagram.com\/aldeco_interiorfabrics\/<\/a><\/p>\n<p>&nbsp;<\/p>\n","protected":false},"featured_media":177675,"template":"","meta":[],"product_brand":[],"product_cat":[6145],"product_tag":[],"class_list":{"0":"post-161700","1":"product","2":"type-product","3":"status-publish","4":"has-post-thumbnail","6":"product_cat-aldeco-2-pt-pt-2","7":"pa_cleanability-8282","8":"pa_composition-ext-100-pes-pt-pt","9":"pa_interior-fabrics-1-pt-pt","10":"pa_line-tecidos","11":"pa_lithfastness-9680","12":"pa_outdoor-0-pt-pt","13":"pa_range-liso","14":"pa_rapport-vertical-11009","17":"first","18":"instock","19":"purchasable","20":"product-type-variable"},"acf":[],"_links":{"self":[{"href":"https:\/\/staging.aldeco.pt\/pt-pt\/wp-json\/wp\/v2\/product\/161700","targetHints":{"allow":["GET"]}}],"collection":[{"href":"https:\/\/staging.aldeco.pt\/pt-pt\/wp-json\/wp\/v2\/product"}],"about":[{"href":"https:\/\/staging.aldeco.pt\/pt-pt\/wp-json\/wp\/v2\/types\/product"}],"version-history":[{"count":2,"href":"https:\/\/staging.aldeco.pt\/pt-pt\/wp-json\/wp\/v2\/product\/161700\/revisions"}],"predecessor-version":[{"id":200699,"href":"https:\/\/staging.aldeco.pt\/pt-pt\/wp-json\/wp\/v2\/product\/161700\/revisions\/200699"}],"wp:featuredmedia":[{"embeddable":true,"href":"https:\/\/staging.aldeco.pt\/pt-pt\/wp-json\/wp\/v2\/media\/177675"}],"wp:attachment":[{"href":"https:\/\/staging.aldeco.pt\/pt-pt\/wp-json\/wp\/v2\/media?parent=161700"}],"wp:term":[{"taxonomy":"product_brand","embeddable":true,"href":"https:\/\/staging.aldeco.pt\/pt-pt\/wp-json\/wp\/v2\/product_brand?post=161700"},{"taxonomy":"product_cat","embeddable":true,"href":"https:\/\/staging.aldeco.pt\/pt-pt\/wp-json\/wp\/v2\/product_cat?post=161700"},{"taxonomy":"product_tag","embeddable":true,"href":"https:\/\/staging.aldeco.pt\/pt-pt\/wp-json\/wp\/v2\/product_tag?post=161700"}],"curies":[{"name":"wp","href":"https:\/\/api.w.org\/{rel}","templated":true}]}}