{"id":161694,"date":"2024-05-09T19:28:55","date_gmt":"2024-05-09T19:28:55","guid":{"rendered":"https:\/\/aldeco.pt\/staging\/product\/blend-2\/"},"modified":"2024-08-06T11:36:00","modified_gmt":"2024-08-06T11:36:00","slug":"blend-2","status":"publish","type":"product","link":"https:\/\/staging.aldeco.pt\/pt-pt\/product\/blend-2\/","title":{"rendered":"BLEND"},"content":{"rendered":"<p>Blend \u00e9 um tecido concebido com uma elegante geometria em micro desenho, real\u00e7ada numa transpar\u00eancia de tons neutros.<br \/>\nCom largura de 330cm e em 100% lyocell. Tecido indicado para cortinas com um toque de caxemira. A paleta de cores \u00e9 neutra e em tons suaves.<\/p>\n","protected":false},"excerpt":{"rendered":"<p>Blend \u00e9 um tecido concebido com uma elegante geometria em micro desenho, real\u00e7ada numa transpar\u00eancia de tons neutros.<br \/>\nCom largura de 330cm e em 100% lyocell. Tecido indicado para cortinas com um toque de caxemira. A paleta de cores \u00e9 neutra e em tons suaves.<\/p>\n<h2>Blend \u00e9 um tecido concebido com uma elegante geometria em micro desenho, real\u00e7ada numa transpar\u00eancia de tons neutros.<br \/>\nCom largura de 330cm e em 100% lyocell. Tecido indicado para cortinas com um toque de caxemira. A paleta de cores \u00e9 neutra e em tons suaves.<\/h2>\n<p><img fetchpriority=\"high\" decoding=\"async\" class=\"alignnone wp-image-69662 size-medium\" src=\"https:\/\/aldeco.pt\/staging\/wp-content\/uploads\/2024\/01\/T019670004-1-300x250.jpg\" alt=\"Blend - Aldeco\" width=\"300\" height=\"250\"><\/p>\n<p style=\"text-align: left;\"><a href=\"https:\/\/aldeco.pt\/staging\/pt-pt\/product\/blend-2\/?attribute_pa_aldeco-color=01-pure-white-pt-pt\">https:\/\/aldeco.pt\/staging\/pt-pt\/product\/blend-2\/?attribute_pa_aldeco-color=01-pure-white-pt-pt<\/a><\/p>\n<p><a href=\"https:\/\/www.instagram.com\/aldeco_interiorfabrics\/\">https:\/\/www.instagram.com\/aldeco_interiorfabrics\/<\/a><\/p>\n","protected":false},"featured_media":158187,"template":"","meta":[],"product_brand":[],"product_cat":[6145],"product_tag":[],"class_list":{"0":"post-161694","1":"product","2":"type-product","3":"status-publish","4":"has-post-thumbnail","6":"product_cat-aldeco-2-pt-pt-2","7":"pa_cleanability-8282","8":"pa_composition-ext-100-ly-pt-pt","9":"pa_interior-fabrics-1-pt-pt","10":"pa_line-tecidos","11":"pa_lithfastness-9680","12":"pa_outdoor-0-pt-pt","13":"pa_range-liso","14":"pa_range-transparente","15":"pa_rapport-vertical-11009","18":"first","19":"instock","20":"purchasable","21":"product-type-variable"},"acf":[],"_links":{"self":[{"href":"https:\/\/staging.aldeco.pt\/pt-pt\/wp-json\/wp\/v2\/product\/161694","targetHints":{"allow":["GET"]}}],"collection":[{"href":"https:\/\/staging.aldeco.pt\/pt-pt\/wp-json\/wp\/v2\/product"}],"about":[{"href":"https:\/\/staging.aldeco.pt\/pt-pt\/wp-json\/wp\/v2\/types\/product"}],"version-history":[{"count":1,"href":"https:\/\/staging.aldeco.pt\/pt-pt\/wp-json\/wp\/v2\/product\/161694\/revisions"}],"predecessor-version":[{"id":192036,"href":"https:\/\/staging.aldeco.pt\/pt-pt\/wp-json\/wp\/v2\/product\/161694\/revisions\/192036"}],"wp:featuredmedia":[{"embeddable":true,"href":"https:\/\/staging.aldeco.pt\/pt-pt\/wp-json\/wp\/v2\/media\/158187"}],"wp:attachment":[{"href":"https:\/\/staging.aldeco.pt\/pt-pt\/wp-json\/wp\/v2\/media?parent=161694"}],"wp:term":[{"taxonomy":"product_brand","embeddable":true,"href":"https:\/\/staging.aldeco.pt\/pt-pt\/wp-json\/wp\/v2\/product_brand?post=161694"},{"taxonomy":"product_cat","embeddable":true,"href":"https:\/\/staging.aldeco.pt\/pt-pt\/wp-json\/wp\/v2\/product_cat?post=161694"},{"taxonomy":"product_tag","embeddable":true,"href":"https:\/\/staging.aldeco.pt\/pt-pt\/wp-json\/wp\/v2\/product_tag?post=161694"}],"curies":[{"name":"wp","href":"https:\/\/api.w.org\/{rel}","templated":true}]}}