{"id":161692,"date":"2024-05-09T19:28:15","date_gmt":"2024-05-09T19:28:15","guid":{"rendered":"https:\/\/aldeco.pt\/staging\/product\/bio-recycled-fr-2\/"},"modified":"2024-09-16T13:43:23","modified_gmt":"2024-09-16T13:43:23","slug":"bio-recycled-fr-2","status":"publish","type":"product","link":"https:\/\/staging.aldeco.pt\/pt-pt\/product\/bio-recycled-fr-2\/","title":{"rendered":"BIO RECYCLED FR"},"content":{"rendered":"<p>Bio Recycled FR \u00e9 um tecido inovador, feito a partir de fios reciclados, o que permite diminuir a pegada de carbono. A sua produ\u00e7\u00e3o reduz o consumo de energia, de \u00e1gua e produtos qu\u00edmicos, mantendo o meio ambiente limpo e seguro. Este tecido de estofo \u00e9 inspirado na beleza intemporal do tweed cl\u00e1ssico, com um twist de inspira\u00e7\u00e3o masculina. Rolefin \u00e9 o primeiro fio de olefina reciclado, um t\u00eaxtil desenvolvido para produzir tecidos para mobili\u00e1rio, convertido a partir de res\u00edduos t\u00eaxteis de pr\u00e9 consumo. A Rolefin d\u00e1 aos res\u00edduos t\u00eaxteis uma nova utiliza\u00e7\u00e3o, com zero consumo de \u00e1gua, menor utiliza\u00e7\u00e3o de energia nos processos produtivos e tem a Recycled Claim Standard 2.0 Certification. Agora com uma menor pegada de carbono, a fibra de polipropileno \u00e9 considerada a fibra sint\u00e9tica convencional mais amiga do ambiente. O seu potencial de aquecimento global \u00e9 inferior ao das outras fibras sint\u00e9ticas.<\/p>\n","protected":false},"excerpt":{"rendered":"<p>Bio Recycled FR \u00e9 um tecido inovador, feito a partir de fios reciclados, o que permite diminuir a pegada de carbono. A sua produ\u00e7\u00e3o reduz o consumo de energia, de \u00e1gua e produtos qu\u00edmicos, mantendo o meio ambiente limpo e seguro. Este tecido de estofo \u00e9 inspirado na beleza intemporal do tweed cl\u00e1ssico, com um twist de inspira\u00e7\u00e3o masculina. Rolefin \u00e9 o primeiro fio de olefina reciclado, um t\u00eaxtil desenvolvido para produzir tecidos para mobili\u00e1rio, convertido a partir de res\u00edduos t\u00eaxteis de pr\u00e9 consumo. A Rolefin d\u00e1 aos res\u00edduos t\u00eaxteis uma nova utiliza\u00e7\u00e3o, com zero consumo de \u00e1gua, menor utiliza\u00e7\u00e3o de energia nos processos produtivos e tem a Recycled Claim Standard 2.0 Certification. Agora com uma menor pegada de carbono, a fibra de polipropileno \u00e9 considerada a fibra sint\u00e9tica convencional mais amiga do ambiente. O seu potencial de aquecimento global \u00e9 inferior ao das outras fibras sint\u00e9ticas. <\/p>\n<h2>Bio Recycled FR \u00e9 um tecido inovador, feito a partir de fios reciclados, o que permite diminuir a pegada de carbono. A sua produ\u00e7\u00e3o reduz o consumo de energia, de \u00e1gua e produtos qu\u00edmicos, mantendo o meio ambiente limpo e seguro. Este tecido de estofo \u00e9 inspirado na beleza intemporal do tweed cl\u00e1ssico, com um twist de inspira\u00e7\u00e3o masculina. Rolefin \u00e9 o primeiro fio de olefina reciclado, um t\u00eaxtil desenvolvido para produzir tecidos para mobili\u00e1rio, convertido a partir de res\u00edduos t\u00eaxteis de pr\u00e9 consumo. A Rolefin d\u00e1 aos res\u00edduos t\u00eaxteis uma nova utiliza\u00e7\u00e3o, com zero consumo de \u00e1gua, menor utiliza\u00e7\u00e3o de energia nos processos produtivos e tem a Recycled Claim Standard 2.0 Certification. Agora com uma menor pegada de carbono, a fibra de polipropileno \u00e9 considerada a fibra sint\u00e9tica convencional mais amiga do ambiente. O seu potencial de aquecimento global \u00e9 inferior ao das outras fibras sint\u00e9ticas.<\/h2>\n<p><img fetchpriority=\"high\" decoding=\"async\" class=\"alignnone wp-image-190188 size-medium\" src=\"https:\/\/aldeco.pt\/staging\/wp-content\/uploads\/2024\/01\/T192000001-2-300x200.jpg\" alt=\"Bio Recycled FR - Aldeco\" width=\"300\" height=\"200\"><\/p>\n<p><a href=\"https:\/\/aldeco.pt\/staging\/product\/bio-recycled-fr\/?attribute_pa_aldeco-color=01-sand\">https:\/\/aldeco.pt\/staging\/product\/bio-recycled-fr\/?attribute_pa_aldeco-color=01-sand<\/a><a href=\"https:\/\/www.instagram.com\/aldeco_interiorfabrics\/\">https:\/\/www.instagram.com\/aldeco_interiorfabrics\/<\/a><\/p>\n","protected":false},"featured_media":154808,"template":"","meta":[],"product_brand":[],"product_cat":[6153],"product_tag":[],"class_list":{"0":"post-161692","1":"product","2":"type-product","3":"status-publish","4":"has-post-thumbnail","6":"product_cat-aldeco-smarter-pt-pt","7":"pa_cleanability-8282","8":"pa_composition-ext-100-olefina-reciclado","9":"pa_contract-fabrics-1-pt-pt","10":"pa_interior-fabrics-1-pt-pt","11":"pa_line-tecidos","12":"pa_lithfastness-9680","13":"pa_outdoor-0-pt-pt","14":"pa_range-dobby-pt-pt","15":"pa_rapport-vertical-11009","16":"pa_special-treatments-fabrics-1-pt-pt","19":"first","20":"instock","21":"purchasable","22":"product-type-variable"},"acf":[],"_links":{"self":[{"href":"https:\/\/staging.aldeco.pt\/pt-pt\/wp-json\/wp\/v2\/product\/161692","targetHints":{"allow":["GET"]}}],"collection":[{"href":"https:\/\/staging.aldeco.pt\/pt-pt\/wp-json\/wp\/v2\/product"}],"about":[{"href":"https:\/\/staging.aldeco.pt\/pt-pt\/wp-json\/wp\/v2\/types\/product"}],"version-history":[{"count":2,"href":"https:\/\/staging.aldeco.pt\/pt-pt\/wp-json\/wp\/v2\/product\/161692\/revisions"}],"predecessor-version":[{"id":200615,"href":"https:\/\/staging.aldeco.pt\/pt-pt\/wp-json\/wp\/v2\/product\/161692\/revisions\/200615"}],"wp:featuredmedia":[{"embeddable":true,"href":"https:\/\/staging.aldeco.pt\/pt-pt\/wp-json\/wp\/v2\/media\/154808"}],"wp:attachment":[{"href":"https:\/\/staging.aldeco.pt\/pt-pt\/wp-json\/wp\/v2\/media?parent=161692"}],"wp:term":[{"taxonomy":"product_brand","embeddable":true,"href":"https:\/\/staging.aldeco.pt\/pt-pt\/wp-json\/wp\/v2\/product_brand?post=161692"},{"taxonomy":"product_cat","embeddable":true,"href":"https:\/\/staging.aldeco.pt\/pt-pt\/wp-json\/wp\/v2\/product_cat?post=161692"},{"taxonomy":"product_tag","embeddable":true,"href":"https:\/\/staging.aldeco.pt\/pt-pt\/wp-json\/wp\/v2\/product_tag?post=161692"}],"curies":[{"name":"wp","href":"https:\/\/api.w.org\/{rel}","templated":true}]}}