{"id":161684,"date":"2024-05-09T19:27:24","date_gmt":"2024-05-09T19:27:24","guid":{"rendered":"https:\/\/aldeco.pt\/staging\/product\/better-2\/"},"modified":"2024-08-06T11:36:03","modified_gmt":"2024-08-06T11:36:03","slug":"better-2","status":"publish","type":"product","link":"https:\/\/staging.aldeco.pt\/pt-pt\/product\/better-2\/","title":{"rendered":"BETTER"},"content":{"rendered":"<p>A naturalidade e frescura do linho s\u00e3o caracter\u00edsticas que se destacam neste tecido. Esta transpar\u00eancia de 300cm de largura em 100% de linho, enfatiza a sua densidade juntamente com uma eleg\u00e2ncia e uma leve opacidade. Tem um acabamento especial vaporizado, que confere a este tecido um grande conforto e suavidade ao toque.<br \/>\nA paleta de cores \u00e9 natural e em tons neutros, assim como o puro linho.<\/p>\n","protected":false},"excerpt":{"rendered":"<p>A naturalidade e frescura do linho s\u00e3o caracter\u00edsticas que se destacam neste tecido. Esta transpar\u00eancia de 300cm de largura em 100% de linho, enfatiza a sua densidade juntamente com uma eleg\u00e2ncia e uma leve opacidade. Tem um acabamento especial vaporizado, que confere a este tecido um grande conforto e suavidade ao toque.<br \/>\nA paleta de cores \u00e9 natural e em tons neutros, assim como o puro linho.<\/p>\n<h2>Better, a naturalidade e frescura do linho s\u00e3o caracter\u00edsticas que se destacam neste tecido. Esta transpar\u00eancia de 300cm de largura em 100% de linho, enfatiza a sua densidade juntamente com uma eleg\u00e2ncia e uma leve opacidade. Tem um acabamento especial vaporizado, que confere a este tecido um grande conforto e suavidade ao toque.<br \/>\nA paleta de cores \u00e9 natural e em tons neutros, assim como o puro linho.<\/h2>\n<p><img fetchpriority=\"high\" decoding=\"async\" class=\"alignnone wp-image-190103 size-medium\" src=\"https:\/\/aldeco.pt\/staging\/wp-content\/uploads\/2024\/03\/T019610001-300x250.jpg\" alt=\"Better - Aldeco\" width=\"300\" height=\"250\"><\/p>\n<p><a href=\"https:\/\/www.instagram.com\/aldeco_interiorfabrics\/\">https:\/\/www.instagram.com\/aldeco_interiorfabrics\/<\/a><\/p>\n<p><a href=\"https:\/\/aldeco.pt\/staging\/product\/better\/?attribute_pa_aldeco-color=01-pure-white\">https:\/\/aldeco.pt\/staging\/product\/better\/?attribute_pa_aldeco-color=01-pure-white<\/a><\/p>\n","protected":false},"featured_media":154786,"template":"","meta":[],"product_brand":[],"product_cat":[6145],"product_tag":[],"class_list":{"0":"post-161684","1":"product","2":"type-product","3":"status-publish","4":"has-post-thumbnail","6":"product_cat-aldeco-2-pt-pt-2","7":"pa_cleanability-8282","8":"pa_composition-ext-100-li-pt-pt","9":"pa_interior-fabrics-1-pt-pt","10":"pa_line-tecidos","11":"pa_lithfastness-4-pt-pt","12":"pa_outdoor-0-pt-pt","13":"pa_range-liso","14":"pa_range-transparente","15":"pa_rapport-vertical-11009","18":"first","19":"instock","20":"purchasable","21":"product-type-variable"},"acf":[],"_links":{"self":[{"href":"https:\/\/staging.aldeco.pt\/pt-pt\/wp-json\/wp\/v2\/product\/161684","targetHints":{"allow":["GET"]}}],"collection":[{"href":"https:\/\/staging.aldeco.pt\/pt-pt\/wp-json\/wp\/v2\/product"}],"about":[{"href":"https:\/\/staging.aldeco.pt\/pt-pt\/wp-json\/wp\/v2\/types\/product"}],"version-history":[{"count":1,"href":"https:\/\/staging.aldeco.pt\/pt-pt\/wp-json\/wp\/v2\/product\/161684\/revisions"}],"predecessor-version":[{"id":192019,"href":"https:\/\/staging.aldeco.pt\/pt-pt\/wp-json\/wp\/v2\/product\/161684\/revisions\/192019"}],"wp:featuredmedia":[{"embeddable":true,"href":"https:\/\/staging.aldeco.pt\/pt-pt\/wp-json\/wp\/v2\/media\/154786"}],"wp:attachment":[{"href":"https:\/\/staging.aldeco.pt\/pt-pt\/wp-json\/wp\/v2\/media?parent=161684"}],"wp:term":[{"taxonomy":"product_brand","embeddable":true,"href":"https:\/\/staging.aldeco.pt\/pt-pt\/wp-json\/wp\/v2\/product_brand?post=161684"},{"taxonomy":"product_cat","embeddable":true,"href":"https:\/\/staging.aldeco.pt\/pt-pt\/wp-json\/wp\/v2\/product_cat?post=161684"},{"taxonomy":"product_tag","embeddable":true,"href":"https:\/\/staging.aldeco.pt\/pt-pt\/wp-json\/wp\/v2\/product_tag?post=161684"}],"curies":[{"name":"wp","href":"https:\/\/api.w.org\/{rel}","templated":true}]}}