{"id":161682,"date":"2024-05-09T19:26:15","date_gmt":"2024-05-09T19:26:15","guid":{"rendered":"https:\/\/aldeco.pt\/staging\/product\/betrend-fr-teflon-2\/"},"modified":"2024-08-06T11:36:04","modified_gmt":"2024-08-06T11:36:04","slug":"betrend-fr-teflon-2","status":"publish","type":"product","link":"https:\/\/staging.aldeco.pt\/pt-pt\/product\/betrend-fr-teflon-2\/","title":{"rendered":"BETREND FR + TEFLON"},"content":{"rendered":"<p>Impressionante tecido com conjuntos de fios multicoloridos que sobressaem do tom principal da base do tecido. Este tecido \u00e9 muito forte e resistente, sendo perfeito para estofo. Possui acabamento repelente de \u00e1gua, o que facilita a sua limpeza e encontra-se dispon\u00edvel numa variedade de 27 cores fortes.<\/p>\n","protected":false},"excerpt":{"rendered":"<p>Impressionante tecido com conjuntos de fios multicoloridos que sobressaem do tom principal da base do tecido. Este tecido \u00e9 muito forte e resistente, sendo perfeito para estofo. Possui acabamento repelente de \u00e1gua, o que facilita a sua limpeza e encontra-se dispon\u00edvel numa variedade de 27 cores fortes.<\/p>\n<h2>Betrend FR + Teflon, impressionante tecido com conjuntos de fios multicoloridos que sobressaem do tom principal da base do tecido. Este tecido \u00e9 muito forte e resistente, sendo perfeito para estofo. Possui acabamento repelente de \u00e1gua, o que facilita a sua limpeza e encontra-se dispon\u00edvel numa variedade de 27 cores fortes.<\/h2>\n<p><img fetchpriority=\"high\" decoding=\"async\" class=\"alignnone size-medium wp-image-177159\" src=\"https:\/\/aldeco.pt\/staging\/wp-content\/uploads\/2024\/01\/T018840013-5-300x280.jpg\" alt=\"\" width=\"300\" height=\"280\"><\/p>\n<p><a href=\"https:\/\/aldeco.pt\/staging\/product\/betrend-fr-teflon\/?attribute_pa_aldeco-color=1\">https:\/\/aldeco.pt\/staging\/product\/betrend-fr-teflon\/?attribute_pa_aldeco-color=1<\/a><\/p>\n<p><a href=\"https:\/\/www.instagram.com\/aldeco_interiorfabrics\/\">https:\/\/www.instagram.com\/aldeco_interiorfabrics\/<\/a><\/p>\n<p>&nbsp;<\/p>\n","protected":false},"featured_media":143684,"template":"","meta":[],"product_brand":[],"product_cat":[6145],"product_tag":[],"class_list":{"0":"post-161682","1":"product","2":"type-product","3":"status-publish","4":"has-post-thumbnail","6":"product_cat-aldeco-2-pt-pt-2","7":"pa_cleanability-8282","8":"pa_composition-ext-53-3-ac-46-7-pes-pt-pt","9":"pa_contract-fabrics-1-pt-pt","10":"pa_interior-fabrics-1-pt-pt","11":"pa_line-tecidos","12":"pa_lithfastness-6-pt-pt","13":"pa_outdoor-0-pt-pt","14":"pa_range-liso","15":"pa_rapport-horizontal-35-pt-pt","16":"pa_rapport-vertical-15-pt-pt","17":"pa_special-treatments-fabrics-1-pt-pt","20":"first","21":"instock","22":"purchasable","23":"product-type-variable"},"acf":[],"_links":{"self":[{"href":"https:\/\/staging.aldeco.pt\/pt-pt\/wp-json\/wp\/v2\/product\/161682","targetHints":{"allow":["GET"]}}],"collection":[{"href":"https:\/\/staging.aldeco.pt\/pt-pt\/wp-json\/wp\/v2\/product"}],"about":[{"href":"https:\/\/staging.aldeco.pt\/pt-pt\/wp-json\/wp\/v2\/types\/product"}],"version-history":[{"count":1,"href":"https:\/\/staging.aldeco.pt\/pt-pt\/wp-json\/wp\/v2\/product\/161682\/revisions"}],"predecessor-version":[{"id":192018,"href":"https:\/\/staging.aldeco.pt\/pt-pt\/wp-json\/wp\/v2\/product\/161682\/revisions\/192018"}],"wp:featuredmedia":[{"embeddable":true,"href":"https:\/\/staging.aldeco.pt\/pt-pt\/wp-json\/wp\/v2\/media\/143684"}],"wp:attachment":[{"href":"https:\/\/staging.aldeco.pt\/pt-pt\/wp-json\/wp\/v2\/media?parent=161682"}],"wp:term":[{"taxonomy":"product_brand","embeddable":true,"href":"https:\/\/staging.aldeco.pt\/pt-pt\/wp-json\/wp\/v2\/product_brand?post=161682"},{"taxonomy":"product_cat","embeddable":true,"href":"https:\/\/staging.aldeco.pt\/pt-pt\/wp-json\/wp\/v2\/product_cat?post=161682"},{"taxonomy":"product_tag","embeddable":true,"href":"https:\/\/staging.aldeco.pt\/pt-pt\/wp-json\/wp\/v2\/product_tag?post=161682"}],"curies":[{"name":"wp","href":"https:\/\/api.w.org\/{rel}","templated":true}]}}