{"id":161678,"date":"2024-05-09T19:25:17","date_gmt":"2024-05-09T19:25:17","guid":{"rendered":"https:\/\/aldeco.pt\/staging\/product\/benefit-fr-2\/"},"modified":"2024-09-25T10:13:33","modified_gmt":"2024-09-25T10:13:33","slug":"benefit-fr-2","status":"publish","type":"product","link":"https:\/\/staging.aldeco.pt\/pt-pt\/product\/benefit-fr-2\/","title":{"rendered":"BENEFIT FR"},"content":{"rendered":"<p>\u00c9 um tecido de estofo com uma textura elegante dispon\u00edvel em 20 cores. Este tecido possui acabamento f\u00e1cil de limpar (easy clean), certifica\u00e7\u00e3o ign\u00edfuga em v\u00e1rios standards e certifica\u00e7\u00e3o OEKO-TEX, n\u00e3o possui subst\u00e2ncias nocivas para o meio ambiente. Consegue resistir a este tecido com elevada resist\u00eancia \u00e0 abras\u00e3o?<\/p>\n","protected":false},"excerpt":{"rendered":"<p>\u00c9 um tecido de estofo com uma textura elegante dispon\u00edvel em 20 cores. Este tecido possui acabamento f\u00e1cil de limpar (easy clean), certifica\u00e7\u00e3o ign\u00edfuga em v\u00e1rios standards e certifica\u00e7\u00e3o OEKO-TEX, n\u00e3o possui subst\u00e2ncias nocivas para o meio ambiente. Consegue resistir a este tecido com elevada resist\u00eancia \u00e0 abras\u00e3o?<\/p>\n<h2>Benefit FR \u00e9 um tecido de estofo com uma textura elegante dispon\u00edvel em 20 cores. Este tecido possui acabamento f\u00e1cil de limpar (easy clean), certifica\u00e7\u00e3o ign\u00edfuga em v\u00e1rios standards e certifica\u00e7\u00e3o OEKO-TEX, n\u00e3o possui subst\u00e2ncias nocivas para o meio ambiente. Consegue resistir a este tecido com elevada resist\u00eancia \u00e0 abras\u00e3o?<\/h2>\n<p><img fetchpriority=\"high\" decoding=\"async\" class=\"alignnone wp-image-91899 size-medium\" src=\"https:\/\/aldeco.pt\/staging\/wp-content\/uploads\/2024\/01\/T191180009-4-300x250.jpg\" alt=\"Benefit FR - Aldeco\" width=\"300\" height=\"250\" \/><\/p>\n<p><a href=\"https:\/\/aldeco.pt\/staging\/product\/benefit-fr\/?attribute_pa_aldeco-color=01-raffia\">https:\/\/aldeco.pt\/staging\/product\/benefit-fr\/?attribute_pa_aldeco-color=01-raffia<\/a><\/p>\n<p><a href=\"https:\/\/www.instagram.com\/aldeco_interiorfabrics\/\">https:\/\/www.instagram.com\/aldeco_interiorfabrics\/<\/a><\/p>\n","protected":false},"featured_media":143338,"template":"","meta":[],"product_brand":[],"product_cat":[6145],"product_tag":[],"class_list":{"0":"post-161678","1":"product","2":"type-product","3":"status-publish","4":"has-post-thumbnail","6":"product_cat-aldeco-2-pt-pt-2","7":"pa_cleanability-8282","8":"pa_composition-ext-100-pl-pt-pt","9":"pa_contract-fabrics-1-pt-pt","10":"pa_interior-fabrics-1-pt-pt","11":"pa_line-tecidos","12":"pa_lithfastness-4-pt-pt","13":"pa_outdoor-0-pt-pt","14":"pa_range-jacquard-pt-pt","15":"pa_range-liso","16":"pa_rapport-vertical-11009","17":"pa_special-treatments-fabrics-1-pt-pt","18":"pa_sustainable-fabrics-1-pt-pt","21":"first","22":"instock","23":"purchasable","24":"product-type-variable"},"acf":[],"_links":{"self":[{"href":"https:\/\/staging.aldeco.pt\/pt-pt\/wp-json\/wp\/v2\/product\/161678","targetHints":{"allow":["GET"]}}],"collection":[{"href":"https:\/\/staging.aldeco.pt\/pt-pt\/wp-json\/wp\/v2\/product"}],"about":[{"href":"https:\/\/staging.aldeco.pt\/pt-pt\/wp-json\/wp\/v2\/types\/product"}],"version-history":[{"count":2,"href":"https:\/\/staging.aldeco.pt\/pt-pt\/wp-json\/wp\/v2\/product\/161678\/revisions"}],"predecessor-version":[{"id":200806,"href":"https:\/\/staging.aldeco.pt\/pt-pt\/wp-json\/wp\/v2\/product\/161678\/revisions\/200806"}],"wp:featuredmedia":[{"embeddable":true,"href":"https:\/\/staging.aldeco.pt\/pt-pt\/wp-json\/wp\/v2\/media\/143338"}],"wp:attachment":[{"href":"https:\/\/staging.aldeco.pt\/pt-pt\/wp-json\/wp\/v2\/media?parent=161678"}],"wp:term":[{"taxonomy":"product_brand","embeddable":true,"href":"https:\/\/staging.aldeco.pt\/pt-pt\/wp-json\/wp\/v2\/product_brand?post=161678"},{"taxonomy":"product_cat","embeddable":true,"href":"https:\/\/staging.aldeco.pt\/pt-pt\/wp-json\/wp\/v2\/product_cat?post=161678"},{"taxonomy":"product_tag","embeddable":true,"href":"https:\/\/staging.aldeco.pt\/pt-pt\/wp-json\/wp\/v2\/product_tag?post=161678"}],"curies":[{"name":"wp","href":"https:\/\/api.w.org\/{rel}","templated":true}]}}